{"id":28084,"date":"2025-04-01T17:07:50","date_gmt":"2025-04-01T15:07:50","guid":{"rendered":"https:\/\/dupescents.co\/products\/huele-a-angel-1992\/"},"modified":"2026-02-21T19:25:45","modified_gmt":"2026-02-21T18:25:45","slug":"huele-a-angel-1992","status":"publish","type":"product","link":"https:\/\/dupescents.co\/es\/productos\/huele-a-angel-1992\/","title":{"rendered":"Huele a&#8230; Ca\u00f1a de pescar"},"content":{"rendered":"<p>113W - Recambio para Thierry Mugler Angel<br \/>\nEAU DE PARFUM NO 113W - RECAMBIO PARA THIERRY MUGLER ANGEL<\/p>\n<p>NOTAS DE FRAGANCIA DE NUESTRO SUSTITUTO:<\/p>\n<p>PACULA<br \/>\nCHOCOLATE<br \/>\nKARAMEL<br \/>\nMIEL<br \/>\nVANILLA<br \/>\nCERA DE AZ\u00daCAR<br \/>\nTONKA FASOL<br \/>\nBURSHINE<br \/>\nPI\u017bMO<br \/>\nCOCO<br \/>\nBAYAS ROJAS<br \/>\nCERVEZA NEGRA<br \/>\nHOJA DE GROSELLA NEGRA<br \/>\nPLUM<br \/>\nJASMINE<br \/>\nBERGAMOTKA<br \/>\nMEL\u00d3N<br \/>\nMORELA<br \/>\nORQU\u00cdDEA<br \/>\nBRUSSCOOT<br \/>\nMANDARINA<br \/>\nROSA<br \/>\nNUTMEG<br \/>\nANANAS<br \/>\nCONWALIA<br \/>\nSANDALWOOD<br \/>\nKMINE<br \/>\nDESCRIPCI\u00d3N DE LA FRAGANCIA:<\/p>\n<p>Un eau de parfum extremadamente exclusivo para mujeres seguras de s\u00ed mismas. Nuestra hom\u00f3loga de la fragancia Angel de Thierry Mugler es una composici\u00f3n extraordinaria para mujeres conscientes que saben lo que quieren. La hermosa fragancia del frasco de perfume hace realidad los sue\u00f1os de exotismo y viajes lejanos. Los acordes de la fragancia, asociados a las noches de verano, te invitan a sumergirte en sus sofisticados aromas.   <\/p>\n","protected":false},"excerpt":{"rendered":"<p>Inspiraci\u00f3n: Thierry Mugler Angel 1992 EDP 50ML<\/p>\n<p class=\"product__text inline-richtext\"><strong>\u2705 Eau de Toilette 19-21% Perfume<\/strong><\/p>\n<p class=\"product__text inline-richtext\"><strong>\u2705 La fragancia dura un segundo d\u00eda<\/strong><\/p>\n<p class=\"product__text inline-richtext\"><strong>Compra la fragancia, no la marca: ahorra dinero<\/strong><\/p>\n","protected":false},"featured_media":35766,"comment_status":"open","ping_status":"closed","template":"","meta":{"_acf_changed":false},"product_brand":[],"product_cat":[212,204],"product_tag":[],"class_list":{"0":"post-28084","1":"product","2":"type-product","3":"status-publish","4":"has-post-thumbnail","6":"product_cat-los-mas-vendidos","7":"product_cat-para-mujeres","9":"first","10":"instock","11":"shipping-taxable","12":"purchasable","13":"product-type-variable"},"acf":[],"aioseo_notices":[],"jetpack_sharing_enabled":true,"_links":{"self":[{"href":"https:\/\/dupescents.co\/es\/wp-json\/wp\/v2\/product\/28084","targetHints":{"allow":["GET"]}}],"collection":[{"href":"https:\/\/dupescents.co\/es\/wp-json\/wp\/v2\/product"}],"about":[{"href":"https:\/\/dupescents.co\/es\/wp-json\/wp\/v2\/types\/product"}],"replies":[{"embeddable":true,"href":"https:\/\/dupescents.co\/es\/wp-json\/wp\/v2\/comments?post=28084"}],"wp:featuredmedia":[{"embeddable":true,"href":"https:\/\/dupescents.co\/es\/wp-json\/wp\/v2\/media\/35766"}],"wp:attachment":[{"href":"https:\/\/dupescents.co\/es\/wp-json\/wp\/v2\/media?parent=28084"}],"wp:term":[{"taxonomy":"product_brand","embeddable":true,"href":"https:\/\/dupescents.co\/es\/wp-json\/wp\/v2\/product_brand?post=28084"},{"taxonomy":"product_cat","embeddable":true,"href":"https:\/\/dupescents.co\/es\/wp-json\/wp\/v2\/product_cat?post=28084"},{"taxonomy":"product_tag","embeddable":true,"href":"https:\/\/dupescents.co\/es\/wp-json\/wp\/v2\/product_tag?post=28084"}],"curies":[{"name":"wp","href":"https:\/\/api.w.org\/{rel}","templated":true}]}}