{"id":28052,"date":"2025-04-02T16:14:55","date_gmt":"2025-04-02T14:14:55","guid":{"rendered":"https:\/\/dupescents.co\/products\/huele-a-allure\/"},"modified":"2026-02-21T19:19:54","modified_gmt":"2026-02-21T18:19:54","slug":"huele-a-allure","status":"publish","type":"product","link":"https:\/\/dupescents.co\/es\/productos\/huele-a-allure\/","title":{"rendered":"Huele a&#8230; Allure"},"content":{"rendered":"<p>108W - Recambio para Chanel Allure<br \/>\n108W EAU DE PARFUM - RECAMBIO PARA CHANEL ALLURE<\/p>\n<p>NOTAS DE FRAGANCIA DE NUESTRO SUSTITUTO:<\/p>\n<p>VANILLA<br \/>\nVITALISCOUR<br \/>\nCITRON<br \/>\nJASMINE<br \/>\nMAGNOLIA<br \/>\nMANDARINA<br \/>\nLILIO DE AGUA<br \/>\nMARACUJA<br \/>\nFRISCHER<br \/>\nBRUSSLEY<br \/>\nSANDALWOOD<br \/>\nBERGAMOT<br \/>\nVETIVERIO<br \/>\nBURSHINE<br \/>\nFLOR NARANJA<br \/>\nPIWONIA<br \/>\nPACULA<br \/>\nROSA MAYOR<br \/>\nDESCRIPCI\u00d3N DE LA FRAGANCIA:<\/p>\n<p>Un perfume irresistible. Nuestro hom\u00f3logo de Chanel Allure es un eau de parfum que da confianza en s\u00ed misma a quien lo lleva. Es una fragancia que llama la atenci\u00f3n y despierta el deseo de los hombres e incluso&#8230; \u00a1la ligera envidia de las mujeres! Esta fragancia intrigante y floral es perfecta para el uso diario.   <\/p>\n<p>CARACTER\u00cdSTICAS DEL ART\u00cdCULO:<br \/>\nTipo de fragancia: floral<br \/>\nPara qui\u00e9n: Mujeres<br \/>\nVolumen: 30 ml \/ 50 ml \/ 100 ml<br \/>\nC\u00f3digo del producto: 108W<br \/>\nEl precio de este perfume depende de la cantidad indicada.<br \/>\n\u00a1Por favor, danos tu opini\u00f3n despu\u00e9s de la compra!<\/p>\n<p>Consulta tambi\u00e9n otros perfumes Chanel y sus sustitutos.<\/p>\n","protected":false},"excerpt":{"rendered":"<p class=\"product__text inline-richtext\">Inspiraci\u00f3n: Chanel Allure EDT 100ML<\/p>\n<p class=\"product__text inline-richtext\"><strong>\u2705 Eau de Toilette 19-21% Perfume<\/strong><\/p>\n<p class=\"product__text inline-richtext\"><strong>\u2705 La fragancia dura un segundo d\u00eda<\/strong><\/p>\n<p class=\"product__text inline-richtext\"><strong>Compra la fragancia, no la marca: ahorra dinero<\/strong><\/p>\n","protected":false},"featured_media":35761,"comment_status":"open","ping_status":"closed","template":"","meta":{"_acf_changed":false},"product_brand":[],"product_cat":[212,204],"product_tag":[],"class_list":{"0":"post-28052","1":"product","2":"type-product","3":"status-publish","4":"has-post-thumbnail","6":"product_cat-los-mas-vendidos","7":"product_cat-para-mujeres","9":"first","10":"instock","11":"shipping-taxable","12":"purchasable","13":"product-type-variable"},"acf":[],"aioseo_notices":[],"jetpack_sharing_enabled":true,"_links":{"self":[{"href":"https:\/\/dupescents.co\/es\/wp-json\/wp\/v2\/product\/28052","targetHints":{"allow":["GET"]}}],"collection":[{"href":"https:\/\/dupescents.co\/es\/wp-json\/wp\/v2\/product"}],"about":[{"href":"https:\/\/dupescents.co\/es\/wp-json\/wp\/v2\/types\/product"}],"replies":[{"embeddable":true,"href":"https:\/\/dupescents.co\/es\/wp-json\/wp\/v2\/comments?post=28052"}],"wp:featuredmedia":[{"embeddable":true,"href":"https:\/\/dupescents.co\/es\/wp-json\/wp\/v2\/media\/35761"}],"wp:attachment":[{"href":"https:\/\/dupescents.co\/es\/wp-json\/wp\/v2\/media?parent=28052"}],"wp:term":[{"taxonomy":"product_brand","embeddable":true,"href":"https:\/\/dupescents.co\/es\/wp-json\/wp\/v2\/product_brand?post=28052"},{"taxonomy":"product_cat","embeddable":true,"href":"https:\/\/dupescents.co\/es\/wp-json\/wp\/v2\/product_cat?post=28052"},{"taxonomy":"product_tag","embeddable":true,"href":"https:\/\/dupescents.co\/es\/wp-json\/wp\/v2\/product_tag?post=28052"}],"curies":[{"name":"wp","href":"https:\/\/api.w.org\/{rel}","templated":true}]}}