{"id":28043,"date":"2025-04-01T17:10:27","date_gmt":"2025-04-01T15:10:27","guid":{"rendered":"https:\/\/dupescents.co\/products\/huele-a-milagro\/"},"modified":"2025-11-05T19:32:50","modified_gmt":"2025-11-05T18:32:50","slug":"huele-a-milagro","status":"publish","type":"product","link":"https:\/\/dupescents.co\/es\/productos\/huele-a-milagro\/","title":{"rendered":"Huele a&#8230; Milagro"},"content":{"rendered":"<p>076W - Ersatz f\u00fcr Lancome Miracle<br \/>\nEAU DE PARFUM 076W - ERSATZ F\u00dcR LANCOME MIRACLE<\/p>\n<p>DUFTNOTEN VON UNSEREM ERSATZ:<\/p>\n<p>LICZI<br \/>\nMAGNOLIA<br \/>\nPRINZ<br \/>\nFRESH<br \/>\nIMBIR<br \/>\nMANDARINE<br \/>\nJASMINE<br \/>\nPI\u017bMO<br \/>\nBURSHINE<br \/>\nDUFTBESCHREIBUNG:<\/p>\n<p>Ein Duft voller Magie und Energie. Als Gegenst\u00fcck zu Lancome Miracle ist er eine wunderbare Mischung aus strahlenden Akkorden und unwiderstehlicher Raffinesse. Der sinnliche Duft von Moschus, komponiert mit dem s\u00fc\u00dfen Aroma von Magnolie und Litschi, wird durch den charakteristischen Pfeffer und Ingwer bereichert. Es erf\u00fcllt perfekt seine Rolle als t\u00e4gliches Parf\u00fcm f\u00fcr eine starke und neugierige Frau.<\/p>\n<p>MERKMALE DES GEGENST\u00dcCKS VON MIRACLE PARFUM:<br \/>\nDufttyp: blumig<br \/>\nF\u00fcr wen: Frauen<br \/>\nInhalt: 10ml \/ 30ml \/ 50ml \/ 100ml<br \/>\nProdukt-Code: 076W<br \/>\nDer Preis f\u00fcr dieses Parf\u00fcm h\u00e4ngt von der angegebenen Menge ab.<br \/>\nBitte geben Sie uns Ihr Feedback nach dem Kauf!<\/p>\n<p>Sehen Sie auch andere Lancome Parfums und ihre Ersatzprodukte.<\/p>\n<p>Wie riecht das \u00c4quivalent des Parfums Lancome Miracle?<br \/>\nDies ist ein sehr interessanter Damenduft, der als ausgesprochen blumig gilt. Sein Aroma besteht unter anderem aus Akzenten von Ingwer, Jasmin und Freesienbl\u00fcten, Pfeffer oder Mandarine. Er hat etwas Frisches an sich; es ist definitiv ein Duft der Energie. Wichtig ist, dass er zu Frauen praktisch jeden Alters passt.<\/p>\n","protected":false},"excerpt":{"rendered":"<p>Inspiraci\u00f3n: Lancome Miracle EDP 30ML<\/p>\n<p class=\"product__text inline-richtext\"><strong>  Agua de Colonia 19-21% Perfume<\/strong><\/p>\n<p class=\"product__text inline-richtext\"><strong>\u2705 La fragancia dura un segundo d\u00eda<\/strong><\/p>\n<p class=\"product__text inline-richtext\"><strong>Compra la fragancia, no la marca: ahorra dinero<\/strong><\/p>\n","protected":false},"featured_media":36167,"comment_status":"open","ping_status":"closed","template":"","meta":{"_acf_changed":false},"product_brand":[],"product_cat":[204],"product_tag":[],"class_list":{"0":"post-28043","1":"product","2":"type-product","3":"status-publish","4":"has-post-thumbnail","6":"product_cat-para-mujeres","8":"first","9":"instock","10":"shipping-taxable","11":"purchasable","12":"product-type-variable"},"acf":[],"aioseo_notices":[],"jetpack_sharing_enabled":true,"_links":{"self":[{"href":"https:\/\/dupescents.co\/es\/wp-json\/wp\/v2\/product\/28043","targetHints":{"allow":["GET"]}}],"collection":[{"href":"https:\/\/dupescents.co\/es\/wp-json\/wp\/v2\/product"}],"about":[{"href":"https:\/\/dupescents.co\/es\/wp-json\/wp\/v2\/types\/product"}],"replies":[{"embeddable":true,"href":"https:\/\/dupescents.co\/es\/wp-json\/wp\/v2\/comments?post=28043"}],"wp:featuredmedia":[{"embeddable":true,"href":"https:\/\/dupescents.co\/es\/wp-json\/wp\/v2\/media\/36167"}],"wp:attachment":[{"href":"https:\/\/dupescents.co\/es\/wp-json\/wp\/v2\/media?parent=28043"}],"wp:term":[{"taxonomy":"product_brand","embeddable":true,"href":"https:\/\/dupescents.co\/es\/wp-json\/wp\/v2\/product_brand?post=28043"},{"taxonomy":"product_cat","embeddable":true,"href":"https:\/\/dupescents.co\/es\/wp-json\/wp\/v2\/product_cat?post=28043"},{"taxonomy":"product_tag","embeddable":true,"href":"https:\/\/dupescents.co\/es\/wp-json\/wp\/v2\/product_tag?post=28043"}],"curies":[{"name":"wp","href":"https:\/\/api.w.org\/{rel}","templated":true}]}}