{"id":28012,"date":"2025-04-02T16:16:06","date_gmt":"2025-04-02T14:16:06","guid":{"rendered":"https:\/\/dupescents.co\/products\/huele-a-chica-veneno\/"},"modified":"2025-11-05T19:32:39","modified_gmt":"2025-11-05T18:32:39","slug":"huele-a-chica-veneno","status":"publish","type":"product","link":"https:\/\/dupescents.co\/es\/productos\/huele-a-chica-veneno\/","title":{"rendered":"Huele a&#8230; Chica Veneno"},"content":{"rendered":"<p>176W - Ein \u00e4hnlicher Duft wie Christian Dior Poison Girl<\/p>\n<p>DUFTNOTEN UNSERES ERSATZES:<br \/>\nVANILLE<br \/>\nALMOND<br \/>\nTONKA BASOL<br \/>\nBITTER ORANGE<br \/>\nDAMASK ROSE<br \/>\nTOLU BALLAUM<br \/>\nSANDALWOOD<br \/>\nHELIOTROP<br \/>\nORANGE BLOSSOM<br \/>\nCASHMERE HOLZ<br \/>\nZITRONE<\/p>\n<p>DUFTBESCHREIBUNG:<br \/>\nEin einzigartiger Zitrusduft f\u00fcr die moderne und selbstbewusste Frau. Unser 176W Eau de Parfum zeichnet sich durch seine Langlebigkeit und seinen wunderbaren aromatischen Reichtum aus. Der charismatische, blumige und fruchtige Duft ist ideal f\u00fcr hei\u00dfe Tage.<\/p>\n<p>EIGENSCHAFTEN VON 176W:<br \/>\nDufttyp: Zitrusfr\u00fcchte<br \/>\nF\u00fcr wen: f\u00fcr Frauen<br \/>\nInhalt: 30 ml \/ 50 ml \/ 100 ml<br \/>\nProdukt-Code: 176W<br \/>\nDer Preis f\u00fcr dieses Parf\u00fcm h\u00e4ngt von der angegebenen Menge ab.<br \/>\nBitte hinterlassen Sie eine Bewertung nach dem Kauf!<\/p>\n","protected":false},"excerpt":{"rendered":"<p class=\"product__text inline-richtext\">Inspiraci\u00f3n: Christian Dior Poison Girl EDP 30ML<\/p>\n<p class=\"product__text inline-richtext\"><strong>\u2705 Eau de Toilette 19-21% Perfume<\/strong><\/p>\n<p class=\"product__text inline-richtext\"><strong>\u2705 La fragancia dura un segundo d\u00eda<\/strong><\/p>\n<p class=\"product__text inline-richtext\"><strong>Compra la fragancia, no la marca: ahorra dinero<\/strong><\/p>\n","protected":false},"featured_media":36161,"comment_status":"open","ping_status":"closed","template":"","meta":{"_acf_changed":false},"product_brand":[],"product_cat":[212,204],"product_tag":[],"class_list":{"0":"post-28012","1":"product","2":"type-product","3":"status-publish","4":"has-post-thumbnail","6":"product_cat-los-mas-vendidos","7":"product_cat-para-mujeres","9":"first","10":"instock","11":"shipping-taxable","12":"purchasable","13":"product-type-variable"},"acf":[],"aioseo_notices":[],"jetpack_sharing_enabled":true,"_links":{"self":[{"href":"https:\/\/dupescents.co\/es\/wp-json\/wp\/v2\/product\/28012","targetHints":{"allow":["GET"]}}],"collection":[{"href":"https:\/\/dupescents.co\/es\/wp-json\/wp\/v2\/product"}],"about":[{"href":"https:\/\/dupescents.co\/es\/wp-json\/wp\/v2\/types\/product"}],"replies":[{"embeddable":true,"href":"https:\/\/dupescents.co\/es\/wp-json\/wp\/v2\/comments?post=28012"}],"wp:featuredmedia":[{"embeddable":true,"href":"https:\/\/dupescents.co\/es\/wp-json\/wp\/v2\/media\/36161"}],"wp:attachment":[{"href":"https:\/\/dupescents.co\/es\/wp-json\/wp\/v2\/media?parent=28012"}],"wp:term":[{"taxonomy":"product_brand","embeddable":true,"href":"https:\/\/dupescents.co\/es\/wp-json\/wp\/v2\/product_brand?post=28012"},{"taxonomy":"product_cat","embeddable":true,"href":"https:\/\/dupescents.co\/es\/wp-json\/wp\/v2\/product_cat?post=28012"},{"taxonomy":"product_tag","embeddable":true,"href":"https:\/\/dupescents.co\/es\/wp-json\/wp\/v2\/product_tag?post=28012"}],"curies":[{"name":"wp","href":"https:\/\/api.w.org\/{rel}","templated":true}]}}