{"id":28003,"date":"2025-04-02T16:32:27","date_gmt":"2025-04-02T14:32:27","guid":{"rendered":"https:\/\/dupescents.co\/products\/huele-a-eternidad-2\/"},"modified":"2026-02-21T23:46:42","modified_gmt":"2026-02-21T22:46:42","slug":"huele-a-eternidad-2","status":"publish","type":"product","link":"https:\/\/dupescents.co\/es\/productos\/huele-a-eternidad-2\/","title":{"rendered":"Huele a&#8230; Eternidad"},"content":{"rendered":"<p>106W - Calvin Klein Eternity ERSATZ<br \/>\n106W EAU DE PARFUM - CALVIN KLEIN ETERNITY EQUIVALENT<\/p>\n<p>GEURNOTEN VAN ONZE VERVANGER:<\/p>\n<p>PLANTA DE ANJER<br \/>\nLELIE<br \/>\nGROENE NOOT<br \/>\nCONVALIA<br \/>\nFRESCO<br \/>\nSLAVIA<br \/>\nNARCYZ<br \/>\nASCAMITKA<br \/>\nSIOOL<br \/>\nROZE<br \/>\nHELIOTROP<br \/>\nJASMINE<br \/>\nPI\u017bMO<br \/>\nZANDELWOUD<br \/>\nCITRUS<br \/>\nBURSHINE<br \/>\nPACULA<br \/>\nMANDARIJN<br \/>\nGEUR BESCHRIJVING:<\/p>\n<p>Una encantadora y moderna combinaci\u00f3n de c\u00edtricos y notas de salida profundas. En el equivalente de la fragancia Eternity de Calvin Klein, la esencia del lujo y la elegancia se combinan en un toque rom\u00e1ntico y profundo. Esta eau de parfum, con un aroma exquisito, es una de las fragancias m\u00e1s elegantes. Muy agradable para disfrutar cada d\u00eda.   <\/p>\n","protected":false},"excerpt":{"rendered":"<p>Inspiraci\u00f3n: Calvin Klein Eternity EDP 30ML<\/p>\n<p class=\"product__text inline-richtext\"><strong>\u2705 Eau de Toilette 19-21% Perfume<\/strong><\/p>\n<p class=\"product__text inline-richtext\"><strong>\u2705 La fragancia dura un segundo d\u00eda<\/strong><\/p>\n<p class=\"product__text inline-richtext\"><strong>Compra la fragancia, no la marca: ahorra dinero<\/strong><\/p>\n","protected":false},"featured_media":35887,"comment_status":"open","ping_status":"closed","template":"","meta":{"_acf_changed":false},"product_brand":[],"product_cat":[212,204],"product_tag":[],"class_list":{"0":"post-28003","1":"product","2":"type-product","3":"status-publish","4":"has-post-thumbnail","6":"product_cat-los-mas-vendidos","7":"product_cat-para-mujeres","9":"first","10":"instock","11":"shipping-taxable","12":"purchasable","13":"product-type-variable"},"acf":[],"aioseo_notices":[],"jetpack_sharing_enabled":true,"_links":{"self":[{"href":"https:\/\/dupescents.co\/es\/wp-json\/wp\/v2\/product\/28003","targetHints":{"allow":["GET"]}}],"collection":[{"href":"https:\/\/dupescents.co\/es\/wp-json\/wp\/v2\/product"}],"about":[{"href":"https:\/\/dupescents.co\/es\/wp-json\/wp\/v2\/types\/product"}],"replies":[{"embeddable":true,"href":"https:\/\/dupescents.co\/es\/wp-json\/wp\/v2\/comments?post=28003"}],"wp:featuredmedia":[{"embeddable":true,"href":"https:\/\/dupescents.co\/es\/wp-json\/wp\/v2\/media\/35887"}],"wp:attachment":[{"href":"https:\/\/dupescents.co\/es\/wp-json\/wp\/v2\/media?parent=28003"}],"wp:term":[{"taxonomy":"product_brand","embeddable":true,"href":"https:\/\/dupescents.co\/es\/wp-json\/wp\/v2\/product_brand?post=28003"},{"taxonomy":"product_cat","embeddable":true,"href":"https:\/\/dupescents.co\/es\/wp-json\/wp\/v2\/product_cat?post=28003"},{"taxonomy":"product_tag","embeddable":true,"href":"https:\/\/dupescents.co\/es\/wp-json\/wp\/v2\/product_tag?post=28003"}],"curies":[{"name":"wp","href":"https:\/\/api.w.org\/{rel}","templated":true}]}}