{"id":27993,"date":"2025-04-02T16:34:02","date_gmt":"2025-04-02T14:34:02","guid":{"rendered":"https:\/\/dupescents.co\/products\/huele-a-opio-negro-intenso\/"},"modified":"2026-02-22T00:38:45","modified_gmt":"2026-02-21T23:38:45","slug":"huele-a-opio-negro-intenso","status":"publish","type":"product","link":"https:\/\/dupescents.co\/es\/productos\/huele-a-opio-negro-intenso\/","title":{"rendered":"Huele a&#8230; Opio negro intenso"},"content":{"rendered":"<p>172W - Recambio para Yves Saint Laurent Black Opium INTENSE<br \/>\n172W EAU DE PARFUM - RECAMBIO PARA YVES SAINT LAURENT BLACK OPIUM INTENSE<\/p>\n<p>NOTAS DE FRAGANCIA DE NUESTRO SUSTITUTO:<\/p>\n<p>CAF\u00c9<br \/>\nVAINILLA<br \/>\nABSENTA<br \/>\nLUCRECIA<br \/>\nHASPERBERRY<br \/>\nAZAHAR<br \/>\nS\u00c1NDALO<br \/>\nJAZM\u00cdN DE HOJA GRANDE<br \/>\nDESCRIPCI\u00d3N DE LA FRAGANCIA:<\/p>\n<p>Una fragancia perfecta para la noche y las ocasiones especiales. Nuestro hom\u00f3logo de Black Opium Intense de Yves Saint Laurent es un eau de parfum de larga duraci\u00f3n rebosante de acordes intensos. Seduce y complace a los sentidos gracias a su combinaci\u00f3n energizante de caf\u00e9, vainilla y el profundo aroma del s\u00e1ndalo. Les encantar\u00e1 a todos los amantes de la vida nocturna que esperan una nueva experiencia.   <\/p>\n<p>CARACTER\u00cdSTICAS DEL EQUIVALENTE YSL BLACK OPIUM INTENSIVO FRAGANCIA:<br \/>\nTipo de fragancia: oriental<br \/>\nPara qui\u00e9n: femenino<br \/>\nVolumen: 30 ml \/ 50 ml \/ 100 ml<br \/>\nC\u00f3digo del producto: 172W<br \/>\nEl precio de este perfume depende de la cantidad indicada.<br \/>\n\u00a1Por favor, danos tu opini\u00f3n despu\u00e9s de la compra!<\/p>\n<p>Mira tambi\u00e9n otros perfumes Yves Saint Laurent y sus sustitutos.<\/p>\n<p>Echa un vistazo tambi\u00e9n al perfume equivalente al Opio Negro y al sustituto del Choque Floral.<\/p>\n","protected":false},"excerpt":{"rendered":"<p class=\"product__text inline-richtext\">Inspiraci\u00f3n: Yves Saint Laurent Black Opium INTENSE EDP 30ML<\/p>\n<p class=\"product__text inline-richtext\"><strong>\u2705 Eau de Toilette 19-21% Perfume<\/strong><\/p>\n<p class=\"product__text inline-richtext\"><strong>\u2705 La fragancia dura un segundo d\u00eda<\/strong><\/p>\n<p class=\"product__text inline-richtext\"><strong>Compra la fragancia, no la marca: ahorra dinero<\/strong><\/p>\n","protected":false},"featured_media":35930,"comment_status":"open","ping_status":"closed","template":"","meta":{"_acf_changed":false},"product_brand":[],"product_cat":[212,204],"product_tag":[],"class_list":{"0":"post-27993","1":"product","2":"type-product","3":"status-publish","4":"has-post-thumbnail","6":"product_cat-los-mas-vendidos","7":"product_cat-para-mujeres","9":"first","10":"instock","11":"shipping-taxable","12":"purchasable","13":"product-type-variable"},"acf":[],"aioseo_notices":[],"jetpack_sharing_enabled":true,"_links":{"self":[{"href":"https:\/\/dupescents.co\/es\/wp-json\/wp\/v2\/product\/27993","targetHints":{"allow":["GET"]}}],"collection":[{"href":"https:\/\/dupescents.co\/es\/wp-json\/wp\/v2\/product"}],"about":[{"href":"https:\/\/dupescents.co\/es\/wp-json\/wp\/v2\/types\/product"}],"replies":[{"embeddable":true,"href":"https:\/\/dupescents.co\/es\/wp-json\/wp\/v2\/comments?post=27993"}],"wp:featuredmedia":[{"embeddable":true,"href":"https:\/\/dupescents.co\/es\/wp-json\/wp\/v2\/media\/35930"}],"wp:attachment":[{"href":"https:\/\/dupescents.co\/es\/wp-json\/wp\/v2\/media?parent=27993"}],"wp:term":[{"taxonomy":"product_brand","embeddable":true,"href":"https:\/\/dupescents.co\/es\/wp-json\/wp\/v2\/product_brand?post=27993"},{"taxonomy":"product_cat","embeddable":true,"href":"https:\/\/dupescents.co\/es\/wp-json\/wp\/v2\/product_cat?post=27993"},{"taxonomy":"product_tag","embeddable":true,"href":"https:\/\/dupescents.co\/es\/wp-json\/wp\/v2\/product_tag?post=27993"}],"curies":[{"name":"wp","href":"https:\/\/api.w.org\/{rel}","templated":true}]}}