{"id":27945,"date":"2025-04-02T16:44:02","date_gmt":"2025-04-02T14:44:02","guid":{"rendered":"https:\/\/dupescents.co\/products\/huele-a-porque-eres-tu\/"},"modified":"2026-02-22T00:25:42","modified_gmt":"2026-02-21T23:25:42","slug":"huele-a-porque-eres-tu","status":"publish","type":"product","link":"https:\/\/dupescents.co\/es\/productos\/huele-a-porque-eres-tu\/","title":{"rendered":"Huele a&#8230; Porque eres t\u00fa"},"content":{"rendered":"<p>189W - REPUESTO PARA GIORGIO ARMANI BECAUSE IT`S YOU<br \/>\nEAU DE PARFUM NR. 189W - REPUESTO PARA GIORGIO ARMANI BECAUSE IT`S YOU<\/p>\n<p>NOTAS DE FRAGANCIA DE NUESTRO SUSTITUTO:<\/p>\n<p>MALINA<br \/>\nVAINILLA<br \/>\nROSA<br \/>\nLIM\u00d3N<br \/>\nNEROLI<br \/>\nPI\u017bMO<br \/>\nMADERA DE \u00c1MBAR<br \/>\nDESCRIPCI\u00d3N DE LA FRAGANCIA:<\/p>\n<p>Una fragancia apasionada, seductora y llena de carisma. Nuestro Eau de Parfum n\u00ba 189W es un hom\u00f3logo de Giorgio Armani Because It&#8217;s You con una longevidad muy elevada. Esta encantadora y sutil combinaci\u00f3n de frambuesa, vainilla y profundas notas amaderadas es para mujeres seguras de s\u00ed mismas y seductoras. Una fragancia sensual que los que te rodean recordar\u00e1n durante mucho tiempo.   <\/p>\n<p>CARACTER\u00cdSTICAS DE UN PERFUME QUE TE ENCUENTRA PORQUE ERES:<br \/>\nTipo de fragancia: afrutada, floral<br \/>\nPara qui\u00e9n: mujer<br \/>\nVolumen: 10 ml \/ 30 ml \/ 50 ml \/ 100 ml<br \/>\nC\u00f3digo del producto: 189W<br \/>\nEl precio de este perfume depende de la cantidad indicada.<br \/>\n\u00a1Por favor, danos tu opini\u00f3n despu\u00e9s de la compra!<\/p>\n<p>Consulta tambi\u00e9n otros perfumes Giorgio Armani y sus sustitutos.<\/p>\n<p>\u00bfA qu\u00e9 huele el equivalente del perfume Giorgio Armani Beceause It&#8217;s You?<br \/>\nEs un eau de parfum para mujer cuya fragancia se clasifica como floral, aunque tambi\u00e9n puede decirse que es un perfume afrutado. Entre las notas de fragancia presentes en esta composici\u00f3n, podemos reconocer acentos de vainilla, madera de \u00e1mbar, frambuesa o lim\u00f3n. Es una fragancia apasionada que destaca la naturalidad y la elegancia al mismo tiempo.  <\/p>\n","protected":false},"excerpt":{"rendered":"<p class=\"product__text inline-richtext\">Inspiraci\u00f3n: Giorgio Armani BECAUSE IT`S YOU EDP 30ML<\/p>\n<p class=\"product__text inline-richtext\"><strong>\u2705 Eau de Toilette 19-21% Perfume<\/strong><\/p>\n<p class=\"product__text inline-richtext\"><strong>\u2705 La fragancia dura un segundo d\u00eda<\/strong><\/p>\n<p class=\"product__text inline-richtext\"><strong>Compra la fragancia, no la marca: ahorra dinero<\/strong><\/p>\n","protected":false},"featured_media":35912,"comment_status":"open","ping_status":"closed","template":"","meta":{"_acf_changed":false},"product_brand":[],"product_cat":[212,204],"product_tag":[],"class_list":{"0":"post-27945","1":"product","2":"type-product","3":"status-publish","4":"has-post-thumbnail","6":"product_cat-los-mas-vendidos","7":"product_cat-para-mujeres","9":"first","10":"instock","11":"shipping-taxable","12":"purchasable","13":"product-type-variable"},"acf":[],"aioseo_notices":[],"jetpack_sharing_enabled":true,"_links":{"self":[{"href":"https:\/\/dupescents.co\/es\/wp-json\/wp\/v2\/product\/27945","targetHints":{"allow":["GET"]}}],"collection":[{"href":"https:\/\/dupescents.co\/es\/wp-json\/wp\/v2\/product"}],"about":[{"href":"https:\/\/dupescents.co\/es\/wp-json\/wp\/v2\/types\/product"}],"replies":[{"embeddable":true,"href":"https:\/\/dupescents.co\/es\/wp-json\/wp\/v2\/comments?post=27945"}],"wp:featuredmedia":[{"embeddable":true,"href":"https:\/\/dupescents.co\/es\/wp-json\/wp\/v2\/media\/35912"}],"wp:attachment":[{"href":"https:\/\/dupescents.co\/es\/wp-json\/wp\/v2\/media?parent=27945"}],"wp:term":[{"taxonomy":"product_brand","embeddable":true,"href":"https:\/\/dupescents.co\/es\/wp-json\/wp\/v2\/product_brand?post=27945"},{"taxonomy":"product_cat","embeddable":true,"href":"https:\/\/dupescents.co\/es\/wp-json\/wp\/v2\/product_cat?post=27945"},{"taxonomy":"product_tag","embeddable":true,"href":"https:\/\/dupescents.co\/es\/wp-json\/wp\/v2\/product_tag?post=27945"}],"curies":[{"name":"wp","href":"https:\/\/api.w.org\/{rel}","templated":true}]}}