{"id":27934,"date":"2025-04-02T16:40:36","date_gmt":"2025-04-02T14:40:36","guid":{"rendered":"https:\/\/dupescents.co\/products\/huele-a-leau-de-chloe\/"},"modified":"2025-11-05T19:32:32","modified_gmt":"2025-11-05T18:32:32","slug":"huele-a-leau-de-chloe","status":"publish","type":"product","link":"https:\/\/dupescents.co\/es\/productos\/huele-a-leau-de-chloe\/","title":{"rendered":"Huele a&#8230; L&#8217;Eau de Chloe"},"content":{"rendered":"<p>429W - Chlo\u00e9 L&#8217;Eau de Chloe Ersatz<br \/>\nPARF\u00dcMWASSER NR. 429W - ERSATZ F\u00dcR CHLO\u00c9 L&#8217;EAU DE CHLOE PARF\u00dcM<\/p>\n<p>DUFTNOTEN UNSERES ERSATZES:<\/p>\n<p>CITRON<br \/>\nGREYFRUIT<br \/>\nBERGAMOT<br \/>\nALDEHYDRES<br \/>\nBROSCOSE<br \/>\nROSE<br \/>\nROSENWASSER<br \/>\nSIOOL<br \/>\nPIWONIA<br \/>\nKONWALIA<br \/>\nFRISCH<br \/>\nMAGNOLIEN<br \/>\nJASMINE<br \/>\nPACULA<br \/>\nZEDER<br \/>\nEICHENMOSS<br \/>\nWEISSER PIZMUS<br \/>\nBURZSHIT<br \/>\nLABDANUM<br \/>\nDUFTBESCHREIBUNG:<\/p>\n<p>Das Gegenst\u00fcck zu Chlo\u00e9 L&#8217;Eau de Chlo\u00e9 ist ein Duft f\u00fcr Frauen, die Freiheit und Unabh\u00e4ngigkeit lieben. Dieser frische Chypre-Duft wird Sie mit seiner Kombination aus Noten von Grapefruit, Bergamotte, Pfirsich, Rose, Zeder, Eichenmoos und wei\u00dfem Moschus begeistern. Er ist k\u00fchn und edel, aber dennoch leicht, frisch und \u00e4therisch. Es lohnt sich, ihn bei Ihnen zu Hause zu haben!<\/p>\n<p>EIGENSCHAFTEN DES \u00c4QUIVALENTS VON CHLO\u00c9 L&#8217;EAU DE CHLOE PARFUM:<br \/>\nDufttyp: Chypre, blumig<br \/>\nF\u00fcr wen: Frauen<br \/>\nInhalt: 10 ml \/ 30 ml \/ 50 ml \/ 100 ml<br \/>\nProdukt-Code: 429W<br \/>\nDer Preis f\u00fcr dieses Parf\u00fcm h\u00e4ngt von der angegebenen Menge ab.<br \/>\nBitte geben Sie uns nach dem Kauf Ihr Feedback!<\/p>\n<p>Sehen Sie sich andere Chloe Parfums an.<\/p>\n","protected":false},"excerpt":{"rendered":"<p>Inspiraci\u00f3n: Chlo\u00e9 L&#8217;Eau de Chloe EDT 30ML<\/p>\n<p class=\"product__text inline-richtext\"><strong>\u2705 Eau de Toilette 19-21% Perfume<\/strong><\/p>\n<p class=\"product__text inline-richtext\"><strong>\u2705 La fragancia dura un segundo d\u00eda<\/strong><\/p>\n<p class=\"product__text inline-richtext\"><strong>Compra la fragancia, no la marca: ahorra dinero<\/strong><\/p>\n","protected":false},"featured_media":0,"comment_status":"open","ping_status":"closed","template":"","meta":{"_acf_changed":false},"product_brand":[],"product_cat":[204],"product_tag":[],"class_list":{"0":"post-27934","1":"product","2":"type-product","3":"status-publish","5":"product_cat-para-mujeres","7":"first","8":"instock","9":"shipping-taxable","10":"purchasable","11":"product-type-variable"},"acf":[],"aioseo_notices":[],"jetpack_sharing_enabled":true,"_links":{"self":[{"href":"https:\/\/dupescents.co\/es\/wp-json\/wp\/v2\/product\/27934","targetHints":{"allow":["GET"]}}],"collection":[{"href":"https:\/\/dupescents.co\/es\/wp-json\/wp\/v2\/product"}],"about":[{"href":"https:\/\/dupescents.co\/es\/wp-json\/wp\/v2\/types\/product"}],"replies":[{"embeddable":true,"href":"https:\/\/dupescents.co\/es\/wp-json\/wp\/v2\/comments?post=27934"}],"wp:attachment":[{"href":"https:\/\/dupescents.co\/es\/wp-json\/wp\/v2\/media?parent=27934"}],"wp:term":[{"taxonomy":"product_brand","embeddable":true,"href":"https:\/\/dupescents.co\/es\/wp-json\/wp\/v2\/product_brand?post=27934"},{"taxonomy":"product_cat","embeddable":true,"href":"https:\/\/dupescents.co\/es\/wp-json\/wp\/v2\/product_cat?post=27934"},{"taxonomy":"product_tag","embeddable":true,"href":"https:\/\/dupescents.co\/es\/wp-json\/wp\/v2\/product_tag?post=27934"}],"curies":[{"name":"wp","href":"https:\/\/api.w.org\/{rel}","templated":true}]}}