{"id":27911,"date":"2025-04-01T16:46:57","date_gmt":"2025-04-01T14:46:57","guid":{"rendered":"https:\/\/dupescents.co\/products\/huele-a-coco\/"},"modified":"2026-02-21T23:40:33","modified_gmt":"2026-02-21T22:40:33","slug":"huele-a-coco","status":"publish","type":"product","link":"https:\/\/dupescents.co\/es\/productos\/huele-a-coco\/","title":{"rendered":"Huele a&#8230; Coco"},"content":{"rendered":"<p>079W - Chanel Coco Sustituci\u00f3n<br \/>\nEAU DE PARFUM 079W - CHANEL COCO SUSTITUCI\u00d3N<\/p>\n<p>NOTAS DE FRAGANCIA DE NUESTRO SUSTITUTO:<\/p>\n<p>ESPECIA DE CLAVO<br \/>\nBURSHINE<br \/>\nROSA BULGAR<br \/>\nSANDELWOOD<br \/>\nCOLLENDRA<br \/>\nTONKA FASOL<br \/>\nCIVET<br \/>\nOPPONACS<br \/>\nBRUSSWIN<br \/>\nVANILLA<br \/>\nFLOR NARANJA<br \/>\nMIMOZA<br \/>\nLABDANUM<br \/>\nJASMINE<br \/>\nMANDARINA<br \/>\nMIEL<br \/>\nDESCRIPCI\u00d3N DE LA FRAGANCIA:<\/p>\n<p>Una fragancia sofisticada para mujeres sensuales. El hom\u00f3logo de Chanel Coco es un eau de parfum de larga duraci\u00f3n con un aroma oriental y especiado. La bella composici\u00f3n de especias expresivas con la dulzura del melocot\u00f3n y la vainilla crea una combinaci\u00f3n imposible de olvidar. Este perfume colmar\u00e1 las expectativas de toda mujer rom\u00e1ntica que busque un perfume original para el d\u00eda a d\u00eda.   <\/p>\n<p>CARACTER\u00cdSTICAS DEL ART\u00cdCULO:<br \/>\nTipo de fragancia: oriental, especiada<br \/>\nPara qui\u00e9n: mujer<br \/>\nContenido: 10ml \/ 30ml \/ 50ml \/ 100ml<br \/>\nC\u00f3digo del producto: 079W<br \/>\nEl precio de este perfume depende de la capacidad indicada.<br \/>\n\u00a1Por favor, danos tu opini\u00f3n despu\u00e9s de la compra!<\/p>\n<p>Consulta tambi\u00e9n otros perfumes Chanel y sus sustitutos.<\/p>\n","protected":false},"excerpt":{"rendered":"<p class=\"product__text inline-richtext\">Inspiraci\u00f3n: Chanel Coco EDP 50ML<\/p>\n<p class=\"product__text inline-richtext\"><strong>\u2705 Eau de Toilette 19-21% Perfume<\/strong><\/p>\n<p class=\"product__text inline-richtext\"><strong>\u2705 La fragancia dura un segundo d\u00eda<\/strong><\/p>\n<p class=\"product__text inline-richtext\"><strong>Compra la fragancia, no la marca: ahorra dinero<\/strong><\/p>\n","protected":false},"featured_media":35878,"comment_status":"open","ping_status":"closed","template":"","meta":{"_acf_changed":false},"product_brand":[],"product_cat":[204],"product_tag":[],"class_list":{"0":"post-27911","1":"product","2":"type-product","3":"status-publish","4":"has-post-thumbnail","6":"product_cat-para-mujeres","8":"first","9":"instock","10":"shipping-taxable","11":"purchasable","12":"product-type-variable"},"acf":[],"aioseo_notices":[],"jetpack_sharing_enabled":true,"_links":{"self":[{"href":"https:\/\/dupescents.co\/es\/wp-json\/wp\/v2\/product\/27911","targetHints":{"allow":["GET"]}}],"collection":[{"href":"https:\/\/dupescents.co\/es\/wp-json\/wp\/v2\/product"}],"about":[{"href":"https:\/\/dupescents.co\/es\/wp-json\/wp\/v2\/types\/product"}],"replies":[{"embeddable":true,"href":"https:\/\/dupescents.co\/es\/wp-json\/wp\/v2\/comments?post=27911"}],"wp:featuredmedia":[{"embeddable":true,"href":"https:\/\/dupescents.co\/es\/wp-json\/wp\/v2\/media\/35878"}],"wp:attachment":[{"href":"https:\/\/dupescents.co\/es\/wp-json\/wp\/v2\/media?parent=27911"}],"wp:term":[{"taxonomy":"product_brand","embeddable":true,"href":"https:\/\/dupescents.co\/es\/wp-json\/wp\/v2\/product_brand?post=27911"},{"taxonomy":"product_cat","embeddable":true,"href":"https:\/\/dupescents.co\/es\/wp-json\/wp\/v2\/product_cat?post=27911"},{"taxonomy":"product_tag","embeddable":true,"href":"https:\/\/dupescents.co\/es\/wp-json\/wp\/v2\/product_tag?post=27911"}],"curies":[{"name":"wp","href":"https:\/\/api.w.org\/{rel}","templated":true}]}}