{"id":27894,"date":"2025-04-01T16:47:42","date_gmt":"2025-04-01T14:47:42","guid":{"rendered":"https:\/\/dupescents.co\/products\/huele-a-mujer-jefa\/"},"modified":"2026-02-21T23:37:29","modified_gmt":"2026-02-21T22:37:29","slug":"huele-a-mujer-jefa","status":"publish","type":"product","link":"https:\/\/dupescents.co\/es\/productos\/huele-a-mujer-jefa\/","title":{"rendered":"Huele a&#8230; Mujer Jefa"},"content":{"rendered":"<p>060W - Hugo Boss Boss Mujer Recambio<br \/>\nEAU DE PARFUM NO 060W - RECAMBIO HUGO BOSS BOSS MUJER<\/p>\n<p>NOTAS DE FRAGANCIA DE NUESTRO SUSTITUTO:<\/p>\n<p>FRESCO<br \/>\nMANGO<br \/>\nMANDARINA<br \/>\nCORTEZA DE VIOLETA<br \/>\nEXTRACTO DE CEDRO BLANCO<br \/>\nS\u00c1NDALO<br \/>\nDESCRIPCI\u00d3N DE LA FRAGANCIA:<\/p>\n<p>\u00bfPreparada para una nueva vocaci\u00f3n? La contrapartida del perfume Hugo Boss Boss Woman es para mujeres seguras de s\u00ed mismas. La mezcla de fresia, mandarina y s\u00e1ndalo da a la fragancia de este perfume una nota de estilo y la transfiere a su portadora. Una gran fragancia frutal-floral enriquecida con acordes amaderados. Ideal para el d\u00eda a d\u00eda.    <\/p>\n<p>CARACTER\u00cdSTICAS DE HUGO BOSS MUJER CONTRAPARTE:<br \/>\nTipo de fragancia: afrutada, floral<br \/>\nPara qui\u00e9n: mujeres<br \/>\nContenido: 30 ml \/ 50 ml \/ 100 ml<br \/>\nC\u00f3digo de producto: 060W<br \/>\nEl precio de este perfume depende de la cantidad indicada.<br \/>\n\u00a1Por favor, danos tu opini\u00f3n despu\u00e9s de la compra!<\/p>\n<p>Mira tambi\u00e9n otros perfumes Hugo Boss y sus sustitutos.<\/p>\n<p>\u00bfA qu\u00e9 huele el perfume Hugo Boss Mujer correspondiente?<br \/>\nEs una fragancia de una categor\u00eda que puede describirse como floral, pero tambi\u00e9n afrutada. Puedes encontrar el aroma de notas de fragancia como la violeta, la fresia, la mandarina o notas de s\u00e1ndalo, entre otras. El conjunto crea un aroma muy femenino.  <\/p>\n<p>114W - Hugo Boss Hugo Mujer 2014 Sustituci\u00f3n<br \/>\nEAU DE PARFUM NO 114W - HUGO BOSS HUGO MUJER SUSTITUCI\u00d3N<\/p>\n<p>NOTAS DE FRAGANCIA DE NUESTRO SUSTITUTO:<\/p>\n<p>HASPERBERRY<br \/>\nMANDARINA ITALIANA<br \/>\nCIRUELA<br \/>\nT\u00c9 NEGRO<br \/>\nJAZM\u00cdN<br \/>\nS\u00c1NDALO<br \/>\nTRES<br \/>\nIRYS<br \/>\nBURSHINE<br \/>\nCEDRO<br \/>\nDESCRIPCI\u00d3N DE LA FRAGANCIA:<\/p>\n<p>Un eau de parfum para mujeres independientes y modernas que no temen expresarse. La contrapartida de Hugo Boss Hugo Woman 2014 es una fragancia que transmite confianza en s\u00ed misma. La bella y cl\u00e1sica composici\u00f3n frutal-floral enfatiza la fuerza de car\u00e1cter y la feminidad. Una combinaci\u00f3n elegante, ideal para el d\u00eda a d\u00eda.   <\/p>\n<p>CARACTER\u00cdSTICAS DEL ART\u00cdCULO:<br \/>\nTipo de fragancia: afrutada, floral<br \/>\nPara qui\u00e9n: mujer<br \/>\nContenido: 30 ml \/ 50 ml \/ 100 ml<br \/>\nC\u00f3digo del producto: 114W<br \/>\nEl precio de este perfume depende de la cantidad indicada.<br \/>\n\u00a1Por favor, danos tu opini\u00f3n despu\u00e9s de la compra!<\/p>\n<p>&nbsp;<\/p>\n<p>Mira tambi\u00e9n otros perfumes Hugo Boss y sus sustitutos.<\/p>\n","protected":false},"excerpt":{"rendered":"<p class=\"product__text inline-richtext\">Inspiraci\u00f3n: Hugo Boss Boss Woman EDP 90ML<\/p>\n<p class=\"product__text inline-richtext\"><strong>\u2705 Eau de Toilette 19-21% Perfume<\/strong><\/p>\n<p class=\"product__text inline-richtext\"><strong>\u2705 La fragancia dura un segundo d\u00eda<\/strong><\/p>\n<p class=\"product__text inline-richtext\"><strong>Compra la fragancia, no la marca: ahorra dinero<\/strong><\/p>\n","protected":false},"featured_media":35869,"comment_status":"open","ping_status":"closed","template":"","meta":{"_acf_changed":false},"product_brand":[],"product_cat":[204],"product_tag":[],"class_list":{"0":"post-27894","1":"product","2":"type-product","3":"status-publish","4":"has-post-thumbnail","6":"product_cat-para-mujeres","8":"first","9":"instock","10":"shipping-taxable","11":"purchasable","12":"product-type-variable"},"acf":[],"aioseo_notices":[],"jetpack_sharing_enabled":true,"_links":{"self":[{"href":"https:\/\/dupescents.co\/es\/wp-json\/wp\/v2\/product\/27894","targetHints":{"allow":["GET"]}}],"collection":[{"href":"https:\/\/dupescents.co\/es\/wp-json\/wp\/v2\/product"}],"about":[{"href":"https:\/\/dupescents.co\/es\/wp-json\/wp\/v2\/types\/product"}],"replies":[{"embeddable":true,"href":"https:\/\/dupescents.co\/es\/wp-json\/wp\/v2\/comments?post=27894"}],"wp:featuredmedia":[{"embeddable":true,"href":"https:\/\/dupescents.co\/es\/wp-json\/wp\/v2\/media\/35869"}],"wp:attachment":[{"href":"https:\/\/dupescents.co\/es\/wp-json\/wp\/v2\/media?parent=27894"}],"wp:term":[{"taxonomy":"product_brand","embeddable":true,"href":"https:\/\/dupescents.co\/es\/wp-json\/wp\/v2\/product_brand?post=27894"},{"taxonomy":"product_cat","embeddable":true,"href":"https:\/\/dupescents.co\/es\/wp-json\/wp\/v2\/product_cat?post=27894"},{"taxonomy":"product_tag","embeddable":true,"href":"https:\/\/dupescents.co\/es\/wp-json\/wp\/v2\/product_tag?post=27894"}],"curies":[{"name":"wp","href":"https:\/\/api.w.org\/{rel}","templated":true}]}}