{"id":27885,"date":"2025-04-01T16:52:28","date_gmt":"2025-04-01T14:52:28","guid":{"rendered":"https:\/\/dupescents.co\/products\/huele-a-guilty-pour-femme\/"},"modified":"2026-02-21T23:24:14","modified_gmt":"2026-02-21T22:24:14","slug":"huele-a-guilty-pour-femme","status":"publish","type":"product","link":"https:\/\/dupescents.co\/es\/productos\/huele-a-guilty-pour-femme\/","title":{"rendered":"Huele a&#8230; Guilty Pour Femme"},"content":{"rendered":"<p>013W - Recambio para Gucci Guilty Pour Femme<br \/>\nEAU DE PARFUM 013W - RECAMBIO PARA GUCCI GUILTY POUR FEMME<\/p>\n<p>NOTAS DE FRAGANCIA DE NUESTRO SUSTITUTO:<\/p>\n<p>SIN<br \/>\nPIMIENTA ROSA<br \/>\nBRUSSWIN<br \/>\nPACULA<br \/>\nBURSHINE<br \/>\nGERANIO<br \/>\nMANDARINA<br \/>\nVAINILLA<br \/>\nPIZMUS BLANCO<br \/>\nJAZM\u00cdN<br \/>\nGROSELLERO NEGRO<br \/>\nBERGAMOTA<br \/>\nDESCRIPCI\u00d3N DE LA FRAGANCIA:<\/p>\n<p>La sensual contrapartida oriental-floral de la fragancia Gucci Guilty Pour Femme es para mujeres seguras de s\u00ed mismas y valientes que saben lo que quieren de la vida. La excelente reproducci\u00f3n y longevidad de nuestra eau de parfum colmar\u00e1 las expectativas m\u00e1s exigentes. El perfume se basa en el seductor pachul\u00ed, la dulce lila y el almizcle blanco, con un toque picante de pimienta rosa. Es la fragancia favorita de las mujeres que quieren hacer realidad sus sue\u00f1os. Esta composici\u00f3n es adecuada tanto para llevarla a diario como para ocasiones especiales.    <\/p>\n<p>CARACTER\u00cdSTICAS DEL PERFUME EQUIVALENTE DE GUILTY:<br \/>\nTipo de fragancia: oriental, floral<br \/>\nPara qui\u00e9n: mujer<br \/>\nContenido: 10 ml \/ 30 ml \/ 50 ml \/ 100 ml<br \/>\nC\u00f3digo del producto: 013W<br \/>\nEl precio de este perfume depende de la cantidad indicada.<br \/>\n\u00a1Por favor, danos tu opini\u00f3n despu\u00e9s de la compra!<\/p>\n<p>&nbsp;<\/p>\n<p>\u00bfA qu\u00e9 huele el equivalente del perfume Gucci Gulty?<br \/>\nSe trata de una fragancia hermosa y femenina que se considera floral pero oriental. Se present\u00f3 en 2019 con el nombre de Refresh. Las notas de su fragancia incluyen pimienta rosa, bergamota, mandarina, violeta, rosa, geranio, pachul\u00ed y \u00e1mbar. La sensual fragancia que contiene el frasco es duradera y proporciona una gran satisfacci\u00f3n.   <\/p>\n","protected":false},"excerpt":{"rendered":"<p class=\"product__text inline-richtext\">Inspiraci\u00f3n: Gucci Guilty Pour Femme EDP 30ML<\/p>\n<p class=\"product__text inline-richtext\"><strong>\u2705 Eau de Toilette 19-21% Perfume<\/strong><\/p>\n<p class=\"product__text inline-richtext\"><strong>\u2705 La fragancia dura un segundo d\u00eda<\/strong><\/p>\n<p class=\"product__text inline-richtext\"><strong>Compra la fragancia, no la marca: ahorra dinero<\/strong><\/p>\n","protected":false},"featured_media":35852,"comment_status":"open","ping_status":"closed","template":"","meta":{"_acf_changed":false},"product_brand":[],"product_cat":[204],"product_tag":[],"class_list":{"0":"post-27885","1":"product","2":"type-product","3":"status-publish","4":"has-post-thumbnail","6":"product_cat-para-mujeres","8":"first","9":"instock","10":"shipping-taxable","11":"purchasable","12":"product-type-variable"},"acf":[],"aioseo_notices":[],"jetpack_sharing_enabled":true,"_links":{"self":[{"href":"https:\/\/dupescents.co\/es\/wp-json\/wp\/v2\/product\/27885","targetHints":{"allow":["GET"]}}],"collection":[{"href":"https:\/\/dupescents.co\/es\/wp-json\/wp\/v2\/product"}],"about":[{"href":"https:\/\/dupescents.co\/es\/wp-json\/wp\/v2\/types\/product"}],"replies":[{"embeddable":true,"href":"https:\/\/dupescents.co\/es\/wp-json\/wp\/v2\/comments?post=27885"}],"wp:featuredmedia":[{"embeddable":true,"href":"https:\/\/dupescents.co\/es\/wp-json\/wp\/v2\/media\/35852"}],"wp:attachment":[{"href":"https:\/\/dupescents.co\/es\/wp-json\/wp\/v2\/media?parent=27885"}],"wp:term":[{"taxonomy":"product_brand","embeddable":true,"href":"https:\/\/dupescents.co\/es\/wp-json\/wp\/v2\/product_brand?post=27885"},{"taxonomy":"product_cat","embeddable":true,"href":"https:\/\/dupescents.co\/es\/wp-json\/wp\/v2\/product_cat?post=27885"},{"taxonomy":"product_tag","embeddable":true,"href":"https:\/\/dupescents.co\/es\/wp-json\/wp\/v2\/product_tag?post=27885"}],"curies":[{"name":"wp","href":"https:\/\/api.w.org\/{rel}","templated":true}]}}