{"id":27877,"date":"2025-04-01T16:48:21","date_gmt":"2025-04-01T14:48:21","guid":{"rendered":"https:\/\/dupescents.co\/products\/huele-a-bomba\/"},"modified":"2025-11-05T19:30:02","modified_gmt":"2025-11-05T18:30:02","slug":"huele-a-bomba","status":"publish","type":"product","link":"https:\/\/dupescents.co\/es\/productos\/huele-a-bomba\/","title":{"rendered":"Huele a&#8230; Bomba"},"content":{"rendered":"<p>428W - Ersatz f\u00fcr Victoria&#8217;s Secret Bombshell<br \/>\nPARF\u00dcMWASSER NR. 428W - ERSATZ F\u00dcR VICTORIA&#8217;S SECRET BOMBSHELL PARF\u00dcM<\/p>\n<p>DUFTNOTEN UNSERES ERSATZES:<\/p>\n<p>MARACUY<br \/>\nGRAUFRUCHT<br \/>\nANANAS<br \/>\nTANGERINE<br \/>\nTRUSKBEERE<br \/>\nPIWONIA<br \/>\nVANILLA ORCHIDEE<br \/>\nRED BERRIES<br \/>\nJASMINE<br \/>\nKONWALIA<br \/>\nPIZMUM<br \/>\nHOLZIGE NOTEN<br \/>\nEICHENMOOS<br \/>\nDUFTBESCHREIBUNG:<\/p>\n<p>Riechen Sie an diesem Parf\u00fcm und Sie werden wissen&#8230; Victoria&#8217;s Secret! Wir machen keine Witze. Die Komposition des Duftes 428W ist ein Gegenst\u00fcck zum kultigen Victoria&#8217;s Secret Bombshell-Duft, der mit Noten von saftiger Mandarine, s\u00fc\u00dfer Ananas, reifen Erdbeeren, zartem Jasmin und Maigl\u00f6ckchen sowie sinnlichem Moschus \u00fcberrascht. Entdecken Sie das Geheimnis dieses einzigartigen Dufts! Perfekt f\u00fcr die warmen Sommermonate.<\/p>\n<p>EIGENSCHAFTEN DES VICTORIA&#8217;S SECRET BOMBSHELL PARFUM GEGENST\u00dcCKS:<br \/>\nDufttyp: blumig, fruchtig.<br \/>\nF\u00fcr wen: Frauen<br \/>\nInhalt: 10 ml \/ 30 ml \/ 50 ml \/ 100 ml<br \/>\nProdukt-Code: 428W<br \/>\nDer Preis f\u00fcr dieses Parf\u00fcm h\u00e4ngt von der angegebenen Kapazit\u00e4t ab.<br \/>\nBitte geben Sie uns nach dem Kauf Ihr Feedback!<\/p>\n","protected":false},"excerpt":{"rendered":"<p>Inspiraci\u00f3n: Victoria&#8217;s Secret Bombshell EDP 50ML<\/p>\n<p class=\"product__text inline-richtext\"><strong>\u2705 Eau de Toilette 19-21% Perfume<\/strong><\/p>\n<p class=\"product__text inline-richtext\"><strong>\u2705 La fragancia dura un segundo d\u00eda<\/strong><\/p>\n<p class=\"product__text inline-richtext\"><strong>Compra la fragancia, no la marca: ahorra dinero<\/strong><\/p>\n","protected":false},"featured_media":36194,"comment_status":"open","ping_status":"closed","template":"","meta":{"_acf_changed":false},"product_brand":[],"product_cat":[204],"product_tag":[],"class_list":{"0":"post-27877","1":"product","2":"type-product","3":"status-publish","4":"has-post-thumbnail","6":"product_cat-para-mujeres","8":"first","9":"instock","10":"shipping-taxable","11":"purchasable","12":"product-type-variable"},"acf":[],"aioseo_notices":[],"jetpack_sharing_enabled":true,"_links":{"self":[{"href":"https:\/\/dupescents.co\/es\/wp-json\/wp\/v2\/product\/27877","targetHints":{"allow":["GET"]}}],"collection":[{"href":"https:\/\/dupescents.co\/es\/wp-json\/wp\/v2\/product"}],"about":[{"href":"https:\/\/dupescents.co\/es\/wp-json\/wp\/v2\/types\/product"}],"replies":[{"embeddable":true,"href":"https:\/\/dupescents.co\/es\/wp-json\/wp\/v2\/comments?post=27877"}],"wp:featuredmedia":[{"embeddable":true,"href":"https:\/\/dupescents.co\/es\/wp-json\/wp\/v2\/media\/36194"}],"wp:attachment":[{"href":"https:\/\/dupescents.co\/es\/wp-json\/wp\/v2\/media?parent=27877"}],"wp:term":[{"taxonomy":"product_brand","embeddable":true,"href":"https:\/\/dupescents.co\/es\/wp-json\/wp\/v2\/product_brand?post=27877"},{"taxonomy":"product_cat","embeddable":true,"href":"https:\/\/dupescents.co\/es\/wp-json\/wp\/v2\/product_cat?post=27877"},{"taxonomy":"product_tag","embeddable":true,"href":"https:\/\/dupescents.co\/es\/wp-json\/wp\/v2\/product_tag?post=27877"}],"curies":[{"name":"wp","href":"https:\/\/api.w.org\/{rel}","templated":true}]}}