{"id":27867,"date":"2025-04-01T16:53:45","date_gmt":"2025-04-01T14:53:45","guid":{"rendered":"https:\/\/dupescents.co\/products\/huele-a-jadore-en-alegria\/"},"modified":"2025-11-05T19:30:01","modified_gmt":"2025-11-05T18:30:01","slug":"huele-a-jadore-en-alegria","status":"publish","type":"product","link":"https:\/\/dupescents.co\/es\/productos\/huele-a-jadore-en-alegria\/","title":{"rendered":"Huele a&#8230; J&#8217;Adore En Alegr\u00eda"},"content":{"rendered":"<p>188W - Ein \u00e4hnlicher Duft wie Christian Dior J`Adore in Joy<\/p>\n<p>DUFTNOTEN VON UNSEREM ERSATZ:<\/p>\n<p>MEERSALZ<br \/>\nBR\u00dcSSEL<br \/>\nGROSSBL\u00c4TTRIGER JASMIN<br \/>\nYLANG-YLANG<br \/>\nNEROLI<br \/>\nTUBEROSE<br \/>\nDUFTBESCHREIBUNG:<\/p>\n<p>Die perfekte Wahl f\u00fcr warme Fr\u00fchlings- und Sommertage. Unser 188W ist ein lang anhaltendes Eau de Parfum mit einem strahlenden, erfrischenden Aroma. Es wird besonders optimistische Frauen ansprechen, die spontane Situationen lieben. Der sinnliche, fruchtig-blumige Duft verf\u00fchrt und verzaubert mit Akkorden, die mit intensivem Meersalz angereichert sind.<\/p>\n<p>EIGENSCHAFTEN VON 188W:<br \/>\nDufttyp: fruchtig, blumig<br \/>\nF\u00fcr wen: Frauen<br \/>\nInhalt: 10 ml \/ 30 ml \/ 50 ml \/ 100 ml<br \/>\nProdukt-Code: 188W<br \/>\nDer Preis f\u00fcr dieses Parf\u00fcm h\u00e4ngt von der angegebenen Menge ab.<br \/>\nBitte hinterlassen Sie eine Bewertung nach dem Kauf!<\/p>\n","protected":false},"excerpt":{"rendered":"<p class=\"product__text inline-richtext\">Inspiraci\u00f3n: Christian Dior J`Adore In Joy EDT 30ML<\/p>\n<p class=\"product__text inline-richtext\"><strong>\u2705 Eau de Toilette 19-21% Perfume<\/strong><\/p>\n<p class=\"product__text inline-richtext\"><strong>\u2705 La fragancia dura un segundo d\u00eda<\/strong><\/p>\n<p class=\"product__text inline-richtext\"><strong>Compra la fragancia, no la marca: ahorra dinero<\/strong><\/p>\n","protected":false},"featured_media":36188,"comment_status":"open","ping_status":"closed","template":"","meta":{"_acf_changed":false},"product_brand":[],"product_cat":[204],"product_tag":[],"class_list":{"0":"post-27867","1":"product","2":"type-product","3":"status-publish","4":"has-post-thumbnail","6":"product_cat-para-mujeres","8":"first","9":"instock","10":"shipping-taxable","11":"purchasable","12":"product-type-variable"},"acf":[],"aioseo_notices":[],"jetpack_sharing_enabled":true,"_links":{"self":[{"href":"https:\/\/dupescents.co\/es\/wp-json\/wp\/v2\/product\/27867","targetHints":{"allow":["GET"]}}],"collection":[{"href":"https:\/\/dupescents.co\/es\/wp-json\/wp\/v2\/product"}],"about":[{"href":"https:\/\/dupescents.co\/es\/wp-json\/wp\/v2\/types\/product"}],"replies":[{"embeddable":true,"href":"https:\/\/dupescents.co\/es\/wp-json\/wp\/v2\/comments?post=27867"}],"wp:featuredmedia":[{"embeddable":true,"href":"https:\/\/dupescents.co\/es\/wp-json\/wp\/v2\/media\/36188"}],"wp:attachment":[{"href":"https:\/\/dupescents.co\/es\/wp-json\/wp\/v2\/media?parent=27867"}],"wp:term":[{"taxonomy":"product_brand","embeddable":true,"href":"https:\/\/dupescents.co\/es\/wp-json\/wp\/v2\/product_brand?post=27867"},{"taxonomy":"product_cat","embeddable":true,"href":"https:\/\/dupescents.co\/es\/wp-json\/wp\/v2\/product_cat?post=27867"},{"taxonomy":"product_tag","embeddable":true,"href":"https:\/\/dupescents.co\/es\/wp-json\/wp\/v2\/product_tag?post=27867"}],"curies":[{"name":"wp","href":"https:\/\/api.w.org\/{rel}","templated":true}]}}