{"id":27860,"date":"2025-04-01T17:00:57","date_gmt":"2025-04-01T15:00:57","guid":{"rendered":"https:\/\/dupescents.co\/products\/huele-a-si-fiori\/"},"modified":"2025-11-05T19:29:57","modified_gmt":"2025-11-05T18:29:57","slug":"huele-a-si-fiori","status":"publish","type":"product","link":"https:\/\/dupescents.co\/es\/productos\/huele-a-si-fiori\/","title":{"rendered":"Huele a&#8230; Si Fiori"},"content":{"rendered":"<p>153W - Ersatz f\u00fcr Giorgio Armani Si Fiori<br \/>\nEAU DE PARFUM NO 153W - ERSATZ F\u00dcR GIORGIO ARMANI SI FIORI<\/p>\n<p>DUFTNOTEN UNSERES ERSATZES:<\/p>\n<p>VANILLA<br \/>\nSCHWARZKURRT<br \/>\nNEROLI<br \/>\nROSE<br \/>\nWEISSE PIZZE<br \/>\nGR\u00dcNE MANDARINE<br \/>\nPACULA<br \/>\nEICHENMOOS<br \/>\nDUFTBESCHREIBUNG:<\/p>\n<p>Sagen Sie \u201eJa\u201c zu dieser sch\u00f6nen Komposition! Ein bezaubernder, blumiger Duft f\u00fcr elegante Frauen. Unser Pendant zu Giorgio Armani Si Fiori ist ein Eau de Parfum, das durch seine Sinnlichkeit besticht. Mit seiner Leichtigkeit und seinen feinen Aromen ist es perfekt f\u00fcr den Fr\u00fchling und den Sommer.<\/p>\n<p>MERKMALE DES \u00c4QUIVALENTS VON SI FIORI PARF\u00dcM:<br \/>\nDufttyp: blumig<br \/>\nF\u00fcr wen: Frauen<br \/>\nInhalt 30 ml \/ 50 ml \/ 100 ml<br \/>\nProdukt-Code: 153W<br \/>\nDer Preis f\u00fcr dieses Parf\u00fcm h\u00e4ngt von der angegebenen Menge ab.<br \/>\nBitte geben Sie uns Ihr Feedback nach dem Kauf!<\/p>\n<p>Sehen Sie auch andere Giorgio Armani Parfums und ihre Ersatzprodukte.<\/p>\n<p>Wie riecht das \u00c4quivalent des Parfums Si Fiori?<br \/>\nEs handelt sich um einen sehr femininen Duft, der in die Kategorie der blumigen D\u00fcfte f\u00e4llt. Er wird mit dem Aroma eines sch\u00f6nen, gr\u00fcnen Gartens assoziiert. Duftnoten wie umh\u00fcllendes Patchouli, zarte Rose, der Duft von schwarzer Johannisbeere und das Aroma von Mandarine tragen unter anderem zum Eindruck von Sinnlichkeit bei.<\/p>\n","protected":false},"excerpt":{"rendered":"<p class=\"product__text inline-richtext\">Inspiraci\u00f3n: Giorgio Armani Si Fiori EDP 30ML<\/p>\n<p class=\"product__text inline-richtext\"><strong>\u2705 Eau de Toilette 19-21% Perfume<\/strong><\/p>\n<p class=\"product__text inline-richtext\"><strong>\u2705 La fragancia dura un segundo d\u00eda<\/strong><\/p>\n<p class=\"product__text inline-richtext\"><strong>Compra la fragancia, no la marca: ahorra dinero<\/strong><\/p>\n","protected":false},"featured_media":36179,"comment_status":"open","ping_status":"closed","template":"","meta":{"_acf_changed":false},"product_brand":[],"product_cat":[204],"product_tag":[],"class_list":{"0":"post-27860","1":"product","2":"type-product","3":"status-publish","4":"has-post-thumbnail","6":"product_cat-para-mujeres","8":"first","9":"instock","10":"shipping-taxable","11":"purchasable","12":"product-type-variable"},"acf":[],"aioseo_notices":[],"jetpack_sharing_enabled":true,"_links":{"self":[{"href":"https:\/\/dupescents.co\/es\/wp-json\/wp\/v2\/product\/27860","targetHints":{"allow":["GET"]}}],"collection":[{"href":"https:\/\/dupescents.co\/es\/wp-json\/wp\/v2\/product"}],"about":[{"href":"https:\/\/dupescents.co\/es\/wp-json\/wp\/v2\/types\/product"}],"replies":[{"embeddable":true,"href":"https:\/\/dupescents.co\/es\/wp-json\/wp\/v2\/comments?post=27860"}],"wp:featuredmedia":[{"embeddable":true,"href":"https:\/\/dupescents.co\/es\/wp-json\/wp\/v2\/media\/36179"}],"wp:attachment":[{"href":"https:\/\/dupescents.co\/es\/wp-json\/wp\/v2\/media?parent=27860"}],"wp:term":[{"taxonomy":"product_brand","embeddable":true,"href":"https:\/\/dupescents.co\/es\/wp-json\/wp\/v2\/product_brand?post=27860"},{"taxonomy":"product_cat","embeddable":true,"href":"https:\/\/dupescents.co\/es\/wp-json\/wp\/v2\/product_cat?post=27860"},{"taxonomy":"product_tag","embeddable":true,"href":"https:\/\/dupescents.co\/es\/wp-json\/wp\/v2\/product_tag?post=27860"}],"curies":[{"name":"wp","href":"https:\/\/api.w.org\/{rel}","templated":true}]}}