{"id":27850,"date":"2025-04-01T16:57:56","date_gmt":"2025-04-01T14:57:56","guid":{"rendered":"https:\/\/dupescents.co\/products\/huele-a-voce-viva\/"},"modified":"2025-11-05T19:29:56","modified_gmt":"2025-11-05T18:29:56","slug":"huele-a-voce-viva","status":"publish","type":"product","link":"https:\/\/dupescents.co\/es\/productos\/huele-a-voce-viva\/","title":{"rendered":"Huele a&#8230; Voce Viva"},"content":{"rendered":"<p>401W - Eau de Parfum \u00c4quivalent Valentino VOCE VIVA<br \/>\nEAU DE PARFUM NO 401W - VALENTINO VOCE VIVA \u00c4QUIVALENT PARF\u00dcM<\/p>\n<p>DUFTBESCHREIBUNG:<\/p>\n<p>Das perfekt ausbalancierte Pendant des Valentino Voce Viva Parfums ist fr\u00f6hlich, kreativ und feminin. Mit seinen zarten, aber best\u00e4ndigen blumigen, holzigen und moschusartigen Noten ist es eine Hommage an die Weiblichkeit. Die ersten Sekunden verbreiten die S\u00fc\u00dfe der Mandarine, die im sonnigen Italien gebadet wird. Die Eleganz wird durch Bergamotte und Gardenie erg\u00e4nzt, die an die Laufstege der Haute Couture erinnern. Die Frische \u00fcberrascht mit holzigen Akkorden wie aromatischem Moos und Sandelholz, die der Mischung Raffinesse und Tiefe verleihen.<\/p>\n<p>Probieren Sie diese originelle, fr\u00f6hliche und raffinierte Komposition, in der Sie sich wie eine italienische Diva f\u00fchlen werden.<\/p>\n<p>MERKMALE DES \u00c4QUIVALENTS:<br \/>\nDufttyp: blumig, holzig, moschusartig<br \/>\nF\u00fcr wen: weiblich<br \/>\nInhalt: 10 ml \/ 30 ml \/ 50 ml \/ 100 ml<br \/>\nProdukt-Code: 401W<\/p>\n<p>DUFTNOTEN UNSERES PARF\u00dcMERSATZES VOCE VIVA:<\/p>\n<p>Mandarine, Bergamotte, Ingwer, Orangenbl\u00fcte, Gardenie, Vanille, Tonkabohne, Moschus, Sandelholz, Eichenmoos.<\/p>\n<p>Siehe auch andere Valentino Parfums und ihre Ersatzstoffe.<\/p>\n<p>Wie riecht das entsprechende Parf\u00fcm Valentino Voce Viva?<br \/>\nEs ist ein wundersch\u00f6ner, sehr femininer Duft, der als holzig und blumig eingestuft werden kann. Unter den Duftnoten sind unter anderem Akzente von Sandelholz, Gardenienbl\u00fcten, Moos, Mandarine oder Ingwer zu erkennen. Der blumige Duft in dieser Komposition weckt Assoziationen mit Intimit\u00e4t und etwas sehr Pers\u00f6nlichem.<\/p>\n","protected":false},"excerpt":{"rendered":"<p>Inspiraci\u00f3n: Valentino Voce Viva EDP 30ML<\/p>\n<p class=\"product__text inline-richtext\"><strong>\u2705 Eau de Toilette 19-21% Perfume<\/strong><\/p>\n<p class=\"product__text inline-richtext\"><strong>\u2705 La fragancia dura un segundo d\u00eda<\/strong><\/p>\n<p class=\"product__text inline-richtext\"><strong>Compra la fragancia, no la marca: ahorra dinero<\/strong><\/p>\n","protected":false},"featured_media":36185,"comment_status":"open","ping_status":"closed","template":"","meta":{"_acf_changed":false},"product_brand":[],"product_cat":[204],"product_tag":[],"class_list":{"0":"post-27850","1":"product","2":"type-product","3":"status-publish","4":"has-post-thumbnail","6":"product_cat-para-mujeres","8":"first","9":"instock","10":"shipping-taxable","11":"purchasable","12":"product-type-variable"},"acf":[],"aioseo_notices":[],"jetpack_sharing_enabled":true,"_links":{"self":[{"href":"https:\/\/dupescents.co\/es\/wp-json\/wp\/v2\/product\/27850","targetHints":{"allow":["GET"]}}],"collection":[{"href":"https:\/\/dupescents.co\/es\/wp-json\/wp\/v2\/product"}],"about":[{"href":"https:\/\/dupescents.co\/es\/wp-json\/wp\/v2\/types\/product"}],"replies":[{"embeddable":true,"href":"https:\/\/dupescents.co\/es\/wp-json\/wp\/v2\/comments?post=27850"}],"wp:featuredmedia":[{"embeddable":true,"href":"https:\/\/dupescents.co\/es\/wp-json\/wp\/v2\/media\/36185"}],"wp:attachment":[{"href":"https:\/\/dupescents.co\/es\/wp-json\/wp\/v2\/media?parent=27850"}],"wp:term":[{"taxonomy":"product_brand","embeddable":true,"href":"https:\/\/dupescents.co\/es\/wp-json\/wp\/v2\/product_brand?post=27850"},{"taxonomy":"product_cat","embeddable":true,"href":"https:\/\/dupescents.co\/es\/wp-json\/wp\/v2\/product_cat?post=27850"},{"taxonomy":"product_tag","embeddable":true,"href":"https:\/\/dupescents.co\/es\/wp-json\/wp\/v2\/product_tag?post=27850"}],"curies":[{"name":"wp","href":"https:\/\/api.w.org\/{rel}","templated":true}]}}