{"id":27842,"date":"2025-04-01T17:01:29","date_gmt":"2025-04-01T15:01:29","guid":{"rendered":"https:\/\/dupescents.co\/products\/huele-a-opio-choque-floral\/"},"modified":"2025-11-05T19:29:56","modified_gmt":"2025-11-05T18:29:56","slug":"huele-a-opio-choque-floral","status":"publish","type":"product","link":"https:\/\/dupescents.co\/es\/productos\/huele-a-opio-choque-floral\/","title":{"rendered":"Huele a&#8230; Opio Choque Floral"},"content":{"rendered":"<p>072W - Ersatz f\u00fcr Yves Saint Laurent Black Opium FLORAL SHOCK<br \/>\nEAU DE PARFUM NO 072W - ERSATZ YVES SAINT LAURENT BLACK OPIUM FLORAL SHOCK<\/p>\n<p>DUFTNOTEN VON UNSEREM ERSATZ:<\/p>\n<p>GRUSH<br \/>\nGARDENIA<br \/>\nKAFFEE<br \/>\nWEISSE BLUMEN<br \/>\nSOLAR HS<br \/>\nFREESIA<br \/>\nWEISSER PIZMUM<br \/>\nAMBER HOLZ<br \/>\nORANGENBLUME<br \/>\nBERGAMOTTE<br \/>\nZITRONE<br \/>\nDUFTBESCHREIBUNG:<\/p>\n<p>Ein sonniger Duft, der mit seiner ausgepr\u00e4gten blumigen Dimension \u00fcberrascht. Unser Gegenst\u00fcck zu Yves Saint Laurent Black Opium Floral Shock ist eine samtige Kombination aus s\u00fc\u00dfer Birne, blumigen und leichten Zitrusakkorden. Er wird sowohl tags\u00fcber als auch bei abendlichen Ausfl\u00fcgen erfolgreich eingesetzt werden.<\/p>\n<p>EIGENSCHAFTEN VON YSL FLORAL SHOCK BLACK OPIUM \u00c4QUIVALENT PARF\u00dcM:<br \/>\nDufttyp: fruchtig, blumig<br \/>\nF\u00fcr wen: weiblich<br \/>\nFassungsverm\u00f6gen: 10ml \/ 30ml \/ 50ml \/ 100ml<br \/>\nProdukt-Code: 072W<br \/>\nDer Preis f\u00fcr dieses Parf\u00fcm h\u00e4ngt von der angegebenen Kapazit\u00e4t ab.<br \/>\nBitte geben Sie uns Ihr Feedback nach dem Kauf!<\/p>\n<p>Sehen Sie auch andere Yves Saint Laurent Parfums und ihre Ersatzprodukte.<\/p>\n<p>Wie riecht das \u00c4quivalent des Parfums YSL Floral Shock?<br \/>\nEs ist ein sehr interessanter Duft, der als blumig, aber auch als fruchtig bezeichnet werden kann. Einige der Akkorde, die man in diesem sch\u00f6nen Parf\u00fcm wahrnehmen kann, sind Zitrone, Freesie, Orangen- und Gardenienbl\u00fcten, Bergamotte oder Kaffee.<\/p>\n<p>Schauen Sie sich auch den Parf\u00fcmersatz Black Opium und das \u00c4quivalent Nuit Blanche an.<\/p>\n","protected":false},"excerpt":{"rendered":"<p class=\"product__text inline-richtext\">Inspiraci\u00f3n: Yves Saint Laurent Black Opium FLORAL SHOCK EDP 50ML<\/p>\n<p class=\"product__text inline-richtext\"><strong>\u2705 Eau de Toilette 19-21% Perfume<\/strong><\/p>\n<p class=\"product__text inline-richtext\"><strong>\u2705 La fragancia dura un segundo d\u00eda<\/strong><\/p>\n<p class=\"product__text inline-richtext\"><strong>Compra la fragancia, no la marca: ahorra dinero<\/strong><\/p>\n","protected":false},"featured_media":0,"comment_status":"open","ping_status":"closed","template":"","meta":{"_acf_changed":false},"product_brand":[],"product_cat":[204],"product_tag":[],"class_list":{"0":"post-27842","1":"product","2":"type-product","3":"status-publish","5":"product_cat-para-mujeres","7":"first","8":"instock","9":"shipping-taxable","10":"purchasable","11":"product-type-variable"},"acf":[],"aioseo_notices":[],"jetpack_sharing_enabled":true,"_links":{"self":[{"href":"https:\/\/dupescents.co\/es\/wp-json\/wp\/v2\/product\/27842","targetHints":{"allow":["GET"]}}],"collection":[{"href":"https:\/\/dupescents.co\/es\/wp-json\/wp\/v2\/product"}],"about":[{"href":"https:\/\/dupescents.co\/es\/wp-json\/wp\/v2\/types\/product"}],"replies":[{"embeddable":true,"href":"https:\/\/dupescents.co\/es\/wp-json\/wp\/v2\/comments?post=27842"}],"wp:attachment":[{"href":"https:\/\/dupescents.co\/es\/wp-json\/wp\/v2\/media?parent=27842"}],"wp:term":[{"taxonomy":"product_brand","embeddable":true,"href":"https:\/\/dupescents.co\/es\/wp-json\/wp\/v2\/product_brand?post=27842"},{"taxonomy":"product_cat","embeddable":true,"href":"https:\/\/dupescents.co\/es\/wp-json\/wp\/v2\/product_cat?post=27842"},{"taxonomy":"product_tag","embeddable":true,"href":"https:\/\/dupescents.co\/es\/wp-json\/wp\/v2\/product_tag?post=27842"}],"curies":[{"name":"wp","href":"https:\/\/api.w.org\/{rel}","templated":true}]}}