{"id":27823,"date":"2025-04-01T17:02:06","date_gmt":"2025-04-01T15:02:06","guid":{"rendered":"https:\/\/dupescents.co\/products\/huele-a-femme\/"},"modified":"2026-02-21T23:30:21","modified_gmt":"2026-02-21T22:30:21","slug":"huele-a-femme","status":"publish","type":"product","link":"https:\/\/dupescents.co\/es\/productos\/huele-a-femme\/","title":{"rendered":"Huele a&#8230; Mujer"},"content":{"rendered":"<p>038W - Hugo Boss Femme Sustituci\u00f3n<br \/>\nEAU DE PARFUM NO 038W - HUGO BOSS FEMME SUSTITUCI\u00d3N<\/p>\n<p>LAS FRAGANCIAS DE NUESTRO SUSTITUTO:<\/p>\n<p>FRESIA<br \/>\nROSA DE BULGARIA<br \/>\nLIRIO<br \/>\nLIMONERO<br \/>\nMANDARINA<br \/>\nJAZM\u00cdN<br \/>\nGROSELLERO NEGRO<br \/>\nMORELA<br \/>\nBURSTON<br \/>\nDESCRIPCI\u00d3N DE LA FRAGANCIA:<\/p>\n<p>La elegante ligereza y suavidad que emana de este frasco resaltar\u00e1 maravillosamente tu feminidad. Opta por nuestro hom\u00f3logo Hugo Boss Femme si te gusta envolverte en una bruma de sensualidad natural. Esta eau de parfum \u00fanica acent\u00faa tu encanto, especialmente en los d\u00edas c\u00e1lidos de verano y primavera. La bella composici\u00f3n olfativa de fresia, lirio y jazm\u00edn atraer\u00e1 a toda mujer independiente.   <\/p>\n<p>CARACTER\u00cdSTICAS DE LA FRAGANCIA EQUIVALENTE BOSS FEMME:<br \/>\nTipo de fragancia: afrutada, floral<br \/>\nPara qui\u00e9n: mujer<br \/>\nContenido: 10ml \/ 30ml \/ 50ml \/ 100ml<br \/>\nC\u00f3digo de producto: 038W<br \/>\nEl precio de este perfume depende de la cantidad indicada.<br \/>\n\u00a1Por favor, danos tu opini\u00f3n despu\u00e9s de la compra!<\/p>\n<p>Mira tambi\u00e9n otros perfumes Hugo Boss y sus sustitutos.<\/p>\n","protected":false},"excerpt":{"rendered":"<p class=\"product__text inline-richtext\">Inspiraci\u00f3n: Hugo Boss Femme EDP 50ML<\/p>\n<p class=\"product__text inline-richtext\"><strong>\u2705 Eau de Toilette 19-21% Perfume<\/strong><\/p>\n<p class=\"product__text inline-richtext\"><strong>\u2705 La fragancia dura un segundo d\u00eda<\/strong><\/p>\n<p class=\"product__text inline-richtext\"><strong>Compra la fragancia, no la marca: ahorra dinero<\/strong><\/p>\n","protected":false},"featured_media":35858,"comment_status":"open","ping_status":"closed","template":"","meta":{"_acf_changed":false},"product_brand":[],"product_cat":[212,204],"product_tag":[],"class_list":{"0":"post-27823","1":"product","2":"type-product","3":"status-publish","4":"has-post-thumbnail","6":"product_cat-los-mas-vendidos","7":"product_cat-para-mujeres","9":"first","10":"instock","11":"shipping-taxable","12":"purchasable","13":"product-type-variable"},"acf":[],"aioseo_notices":[],"jetpack_sharing_enabled":true,"_links":{"self":[{"href":"https:\/\/dupescents.co\/es\/wp-json\/wp\/v2\/product\/27823","targetHints":{"allow":["GET"]}}],"collection":[{"href":"https:\/\/dupescents.co\/es\/wp-json\/wp\/v2\/product"}],"about":[{"href":"https:\/\/dupescents.co\/es\/wp-json\/wp\/v2\/types\/product"}],"replies":[{"embeddable":true,"href":"https:\/\/dupescents.co\/es\/wp-json\/wp\/v2\/comments?post=27823"}],"wp:featuredmedia":[{"embeddable":true,"href":"https:\/\/dupescents.co\/es\/wp-json\/wp\/v2\/media\/35858"}],"wp:attachment":[{"href":"https:\/\/dupescents.co\/es\/wp-json\/wp\/v2\/media?parent=27823"}],"wp:term":[{"taxonomy":"product_brand","embeddable":true,"href":"https:\/\/dupescents.co\/es\/wp-json\/wp\/v2\/product_brand?post=27823"},{"taxonomy":"product_cat","embeddable":true,"href":"https:\/\/dupescents.co\/es\/wp-json\/wp\/v2\/product_cat?post=27823"},{"taxonomy":"product_tag","embeddable":true,"href":"https:\/\/dupescents.co\/es\/wp-json\/wp\/v2\/product_tag?post=27823"}],"curies":[{"name":"wp","href":"https:\/\/api.w.org\/{rel}","templated":true}]}}