{"id":27804,"date":"2025-04-02T17:56:26","date_gmt":"2025-04-02T15:56:26","guid":{"rendered":"https:\/\/dupescents.co\/products\/huele-a-si-passione-eclat\/"},"modified":"2026-02-21T04:38:19","modified_gmt":"2026-02-21T03:38:19","slug":"huele-a-si-passione-eclat","status":"publish","type":"product","link":"https:\/\/dupescents.co\/es\/productos\/huele-a-si-passione-eclat\/","title":{"rendered":"Huele a&#8230; Si Passione Eclat"},"content":{"rendered":"<p>463W - Ersatz f\u00fcr Giorgio Armani Si Passione Eclat<br \/>\nEAU DE PARFUM NR. 463W - ERSATZ F\u00dcR GIORGIO ARMANI SI PASSIONE ECLAT PARF\u00dcM<\/p>\n<p>DUFTNOTEN UNSERES ERSATZES:<\/p>\n<p>BLACKCURRANT<br \/>\nKALABRISCHE BERGAMOTTE<br \/>\nMAJOR-ROSE<br \/>\nDAMASK-ROSE<br \/>\nWEISSE PIZMUM<br \/>\nMADAGASKAR VANILLE<br \/>\nDUFTBESCHREIBUNG:<\/p>\n<p>Der von Armani Si Passione Eclat inspirierte Duft ist ein wahrer Strau\u00df der Weiblichkeit! Er ist \u00fcbervoll mit Rosennoten, die wunderbar mit schwarzer Johannisbeere, kalabrischer Bergamotte und Vanille harmonieren. Der sinnliche wei\u00dfe Moschus sorgt f\u00fcr die Tiefe des Duftes. Dieses leidenschaftliche, intensive Parf\u00fcm wird Ihren Charme perfekt unterstreichen!<\/p>\n<p>EIGENSCHAFTEN DES PARFUMS GIORGIO ARMANI SI PASSIONE ECLAT EQUIVALENT :<br \/>\nDufttyp: blumig, fruchtig.<br \/>\nF\u00fcr wen: Frauen<br \/>\nInhalt: 10 ml \/ 30 ml \/ 50 ml \/ 100 ml<br \/>\nProdukt-Code: 463W<br \/>\nDer Preis f\u00fcr dieses Parf\u00fcm h\u00e4ngt von der angegebenen Menge ab.<br \/>\nBitte geben Sie uns nach dem Kauf Ihr Feedback!<\/p>\n","protected":false},"excerpt":{"rendered":"<p class=\"product__text inline-richtext\">Inspiraci\u00f3n: Giorgio Armani Si Passione Eclat EDP 30ML<\/p>\n<p class=\"product__text inline-richtext\"><strong>\u2705 Eau de Toilette 19-21% Perfume<\/strong><\/p>\n<p class=\"product__text inline-richtext\"><strong>\u2705 La fragancia dura un segundo d\u00eda<\/strong><\/p>\n<p class=\"product__text inline-richtext\"><strong>Compra la fragancia, no la marca: ahorra dinero<\/strong><\/p>\n","protected":false},"featured_media":36131,"comment_status":"open","ping_status":"closed","template":"","meta":{"_acf_changed":false},"product_brand":[],"product_cat":[212,204],"product_tag":[],"class_list":{"0":"post-27804","1":"product","2":"type-product","3":"status-publish","4":"has-post-thumbnail","6":"product_cat-los-mas-vendidos","7":"product_cat-para-mujeres","9":"first","10":"instock","11":"shipping-taxable","12":"purchasable","13":"product-type-variable"},"acf":[],"aioseo_notices":[],"jetpack_sharing_enabled":true,"_links":{"self":[{"href":"https:\/\/dupescents.co\/es\/wp-json\/wp\/v2\/product\/27804","targetHints":{"allow":["GET"]}}],"collection":[{"href":"https:\/\/dupescents.co\/es\/wp-json\/wp\/v2\/product"}],"about":[{"href":"https:\/\/dupescents.co\/es\/wp-json\/wp\/v2\/types\/product"}],"replies":[{"embeddable":true,"href":"https:\/\/dupescents.co\/es\/wp-json\/wp\/v2\/comments?post=27804"}],"wp:featuredmedia":[{"embeddable":true,"href":"https:\/\/dupescents.co\/es\/wp-json\/wp\/v2\/media\/36131"}],"wp:attachment":[{"href":"https:\/\/dupescents.co\/es\/wp-json\/wp\/v2\/media?parent=27804"}],"wp:term":[{"taxonomy":"product_brand","embeddable":true,"href":"https:\/\/dupescents.co\/es\/wp-json\/wp\/v2\/product_brand?post=27804"},{"taxonomy":"product_cat","embeddable":true,"href":"https:\/\/dupescents.co\/es\/wp-json\/wp\/v2\/product_cat?post=27804"},{"taxonomy":"product_tag","embeddable":true,"href":"https:\/\/dupescents.co\/es\/wp-json\/wp\/v2\/product_tag?post=27804"}],"curies":[{"name":"wp","href":"https:\/\/api.w.org\/{rel}","templated":true}]}}