{"id":27760,"date":"2025-04-02T18:02:16","date_gmt":"2025-04-02T16:02:16","guid":{"rendered":"https:\/\/dupescents.co\/products\/huele-a-code-absolu-femme\/"},"modified":"2026-02-21T04:20:31","modified_gmt":"2026-02-21T03:20:31","slug":"huele-a-code-absolu-femme","status":"publish","type":"product","link":"https:\/\/dupescents.co\/es\/productos\/huele-a-code-absolu-femme\/","title":{"rendered":"Huele a&#8230; C\u00f3digo Absolu Femme"},"content":{"rendered":"<p>406W - Ersatz f\u00fcr Giorgio Armani Code Absolu Femme<br \/>\nEAU DE PARFUM NR. 406W - ERSATZ F\u00dcR GIORGIO ARMANI CODE ABSOLU FEMME<br \/>\nDUFTNOTEN UNSERES ERSATZES:<\/p>\n<p>Nerola<br \/>\nIngwer<br \/>\nMandarine<br \/>\nTuberose<br \/>\nOrangenbl\u00fcte<br \/>\nJasmin<br \/>\nVanille<br \/>\nTonkabohne<br \/>\nSandelholz<br \/>\nDUFTBESCHREIBUNG:<\/p>\n<p>Der Ersatz f\u00fcr das Parf\u00fcm Giorgio Armani Code Absolu Femme begeistert mit einem orientalisch-blumigen, sinnlichen Aroma. Er wurde f\u00fcr Damen kreiert, die ihr feminines und elegantes Image unterstreichen wollen. Das Gegenst\u00fcck verbirgt Noten von Neroli, Ingwer, Jasmin und Vanille. 406W ist ideal f\u00fcr Sie, wenn Sie unauff\u00e4llige Duftkombinationen mit dem Zusatz von Tuberose m\u00f6gen, die eine magnetische Wirkung auf M\u00e4nner hat.<\/p>\n<p>EIGENSCHAFTEN DES GEGENST\u00dcCKS GIORGIO ARMANI CODE ABSOLU FEMME:<br \/>\nDufttyp: orientalisch, blumig<br \/>\nF\u00fcr wen: Frauen<br \/>\nInhalt: 10ml \/ 30ml \/ 50ml \/ 100ml<br \/>\nProdukt-Code: 406W<br \/>\nDer Preis f\u00fcr dieses Parf\u00fcm h\u00e4ngt von der angegebenen Menge ab.<br \/>\nBitte geben Sie uns Ihr Feedback nach dem Kauf!<\/p>\n<p>Sehen Sie auch andere Giorgio Armani Parfums und ihre Ersatzprodukte.<\/p>\n","protected":false},"excerpt":{"rendered":"<p class=\"product__text inline-richtext\">Inspiraci\u00f3n: Giorgio Armani Code Absolu Femme EDP 75ML<\/p>\n<p class=\"product__text inline-richtext\"><strong>\u2705 Eau de Toilette 19-21% Perfume<\/strong><\/p>\n<p class=\"product__text inline-richtext\"><strong>\u2705 La fragancia dura un segundo d\u00eda<\/strong><\/p>\n<p class=\"product__text inline-richtext\"><strong>Compra la fragancia, no la marca: ahorra dinero<\/strong><\/p>\n","protected":false},"featured_media":36146,"comment_status":"open","ping_status":"closed","template":"","meta":{"_acf_changed":false},"product_brand":[],"product_cat":[212,204],"product_tag":[],"class_list":{"0":"post-27760","1":"product","2":"type-product","3":"status-publish","4":"has-post-thumbnail","6":"product_cat-los-mas-vendidos","7":"product_cat-para-mujeres","9":"first","10":"instock","11":"shipping-taxable","12":"purchasable","13":"product-type-variable"},"acf":[],"aioseo_notices":[],"jetpack_sharing_enabled":true,"_links":{"self":[{"href":"https:\/\/dupescents.co\/es\/wp-json\/wp\/v2\/product\/27760","targetHints":{"allow":["GET"]}}],"collection":[{"href":"https:\/\/dupescents.co\/es\/wp-json\/wp\/v2\/product"}],"about":[{"href":"https:\/\/dupescents.co\/es\/wp-json\/wp\/v2\/types\/product"}],"replies":[{"embeddable":true,"href":"https:\/\/dupescents.co\/es\/wp-json\/wp\/v2\/comments?post=27760"}],"wp:featuredmedia":[{"embeddable":true,"href":"https:\/\/dupescents.co\/es\/wp-json\/wp\/v2\/media\/36146"}],"wp:attachment":[{"href":"https:\/\/dupescents.co\/es\/wp-json\/wp\/v2\/media?parent=27760"}],"wp:term":[{"taxonomy":"product_brand","embeddable":true,"href":"https:\/\/dupescents.co\/es\/wp-json\/wp\/v2\/product_brand?post=27760"},{"taxonomy":"product_cat","embeddable":true,"href":"https:\/\/dupescents.co\/es\/wp-json\/wp\/v2\/product_cat?post=27760"},{"taxonomy":"product_tag","embeddable":true,"href":"https:\/\/dupescents.co\/es\/wp-json\/wp\/v2\/product_tag?post=27760"}],"curies":[{"name":"wp","href":"https:\/\/api.w.org\/{rel}","templated":true}]}}