{"id":27748,"date":"2025-04-02T17:59:49","date_gmt":"2025-04-02T15:59:49","guid":{"rendered":"https:\/\/dupescents.co\/products\/huele-a-choo-para-mujer\/"},"modified":"2025-11-05T19:27:22","modified_gmt":"2025-11-05T18:27:22","slug":"huele-a-choo-para-mujer","status":"publish","type":"product","link":"https:\/\/dupescents.co\/es\/productos\/huele-a-choo-para-mujer\/","title":{"rendered":"Huele a&#8230; Choo para mujer"},"content":{"rendered":"<p>014W - Ersatz f\u00fcr Jimmy Choo f\u00fcr die Frau<br \/>\nEAU DE PARFUM NO 014W - ERSATZ JIMMY CHOO F\u00dcR FRAU<\/p>\n<p>DUFTNOTEN UNSERES ERSATZES:<\/p>\n<p>TOFFEE<br \/>\nPACULA<br \/>\nGRUSH<br \/>\nORCHIDEE<br \/>\nMANDARINE<br \/>\nGR\u00dcNE N\u00dcSSE<br \/>\nDUFTBESCHREIBUNG:<\/p>\n<p>Ein verf\u00fchrerisches Eau de Parfum, das perfekt auf das Parfum Jimmy Choo For Woman abgestimmt ist. Es ist ein einzigartiges Angebot f\u00fcr Frauen, die Luxus und Stil sch\u00e4tzen. Es wird vor allem von modernen, selbstbewussten Verwenderinnen gesch\u00e4tzt, die sicherlich die Geheimnisse entdecken werden, die in diesem Flakon verborgen sind. Der Duft eignet sich sowohl f\u00fcr besondere Anl\u00e4sse als auch f\u00fcr das t\u00e4gliche Tragen.<\/p>\n<p>MERKMALE DES \u00c4QUIVALENTS VON JIMMY CHOO FOR WOMAN PARF\u00dcM:<br \/>\nDufttyp: fruchtig, Chypre<br \/>\nF\u00fcr wen: Frauen<br \/>\nInhalt 30 ml \/ 50 ml \/ 100 ml<br \/>\nProdukt-Code: 014W<br \/>\nDer Preis f\u00fcr dieses Parf\u00fcm h\u00e4ngt von der angegebenen Menge ab.<br \/>\nBitte geben Sie uns nach dem Kauf Ihr Feedback!<\/p>\n<p>Jimmy Choo Parf\u00fcm<br \/>\nWenn Sie gerne reisen, sollten Sie sich unseren von Jimmy Choo inspirierten Parf\u00fcmflakon in 10 ml oder 30 ml ansehen. Sie k\u00f6nnen ihn leicht mitnehmen, da er in praktisch jede Handtasche passt! Probieren Sie es aus und bestellen Sie es auf fabrykzapachu.pl!<\/p>\n<p>Sehen Sie auch andere Jimmy Choo Parfums und ihre Ersatzprodukte.<\/p>\n<p>\u00c4hnliche Parfums wie Jimmy Choo<br \/>\nEau de Toilette 014W ist ein Duft, der von dem Parf\u00fcm Jimmy Choo for Woman inspiriert ist. Der intensive Duft des Parfums ist dem Original sehr \u00e4hnlich. Bestellen Sie und testen Sie das entsprechende Jimmy Choo Parf\u00fcm!<\/p>\n","protected":false},"excerpt":{"rendered":"<p>Inspiraci\u00f3n: Jimmy Choo para Mujer EDP 60ML<\/p>\n<p class=\"product__text inline-richtext\"><strong>\u2705 Eau de Toilette 19-21% Perfume<\/strong><\/p>\n<p class=\"product__text inline-richtext\"><strong>\u2705 La fragancia dura un segundo d\u00eda<\/strong><\/p>\n<p class=\"product__text inline-richtext\"><strong>Compra la fragancia, no la marca: ahorra dinero<\/strong><\/p>\n","protected":false},"featured_media":0,"comment_status":"open","ping_status":"closed","template":"","meta":{"_acf_changed":false},"product_brand":[],"product_cat":[204],"product_tag":[],"class_list":{"0":"post-27748","1":"product","2":"type-product","3":"status-publish","5":"product_cat-para-mujeres","7":"first","8":"instock","9":"shipping-taxable","10":"purchasable","11":"product-type-variable"},"acf":[],"aioseo_notices":[],"jetpack_sharing_enabled":true,"_links":{"self":[{"href":"https:\/\/dupescents.co\/es\/wp-json\/wp\/v2\/product\/27748","targetHints":{"allow":["GET"]}}],"collection":[{"href":"https:\/\/dupescents.co\/es\/wp-json\/wp\/v2\/product"}],"about":[{"href":"https:\/\/dupescents.co\/es\/wp-json\/wp\/v2\/types\/product"}],"replies":[{"embeddable":true,"href":"https:\/\/dupescents.co\/es\/wp-json\/wp\/v2\/comments?post=27748"}],"wp:attachment":[{"href":"https:\/\/dupescents.co\/es\/wp-json\/wp\/v2\/media?parent=27748"}],"wp:term":[{"taxonomy":"product_brand","embeddable":true,"href":"https:\/\/dupescents.co\/es\/wp-json\/wp\/v2\/product_brand?post=27748"},{"taxonomy":"product_cat","embeddable":true,"href":"https:\/\/dupescents.co\/es\/wp-json\/wp\/v2\/product_cat?post=27748"},{"taxonomy":"product_tag","embeddable":true,"href":"https:\/\/dupescents.co\/es\/wp-json\/wp\/v2\/product_tag?post=27748"}],"curies":[{"name":"wp","href":"https:\/\/api.w.org\/{rel}","templated":true}]}}