{"id":27724,"date":"2025-04-02T18:01:27","date_gmt":"2025-04-02T16:01:27","guid":{"rendered":"https:\/\/dupescents.co\/products\/huele-a-armani-mania\/"},"modified":"2026-02-21T23:31:47","modified_gmt":"2026-02-21T22:31:47","slug":"huele-a-armani-mania","status":"publish","type":"product","link":"https:\/\/dupescents.co\/es\/productos\/huele-a-armani-mania\/","title":{"rendered":"Huele a&#8230; Armani Man\u00eda"},"content":{"rendered":"<p>100W - Recambio para Giorgio Armani SI Passione<br \/>\nEAU DE PARFUM 100W - RECAMBIO PARA GIORGIO ARMANI SI PASSIONE<\/p>\n<p>NOTAS DE FRAGANCIA DE NUESTRO SUSTITUTO:<\/p>\n<p>GRUSH<br \/>\nGROSELLA NEGRA<br \/>\nROSA<br \/>\nPI\u00d1A<br \/>\nPIMIENTA ROSA<br \/>\nVAINILLA<br \/>\nFRUTA GRIS<br \/>\nHELIOTROPO<br \/>\nCEDRO<br \/>\nJAZM\u00cdN<br \/>\nMADERA DE \u00c1MBAR<br \/>\nPACULA<br \/>\nDESCRIPCI\u00d3N DE LA FRAGANCIA:<\/p>\n<p>Una hermosa fragancia llena de elegancia y fuerza. Nuestra hom\u00f3loga de la fragancia Giorgio Armani Si Passione es un eau de parfum para mujeres seguras de s\u00ed mismas e independientes. La exuberante composici\u00f3n de aromas afrutados y profundas notas amaderadas crea un efecto de contraste y sensibilidad. Ideal para el d\u00eda a d\u00eda y el trabajo, pero tambi\u00e9n para la noche.   <\/p>\n<p>CARACTER\u00cdSTICAS DEL PERFUME SI PASSIONE:<br \/>\nTipo de fragancia: afrutada, floral<br \/>\nPara qui\u00e9n: mujeres<br \/>\nContenido 10ml \/ 30ml \/ 50ml \/ 100ml<br \/>\nC\u00f3digo de producto: 100W<br \/>\nEl precio de este perfume depende de la cantidad indicada.<br \/>\n\u00a1Por favor, danos tu opini\u00f3n despu\u00e9s de la compra!<\/p>\n<p>Consulta tambi\u00e9n otros perfumes Giorgio Armani y sus sustitutos.<\/p>\n<p>\u00bfA qu\u00e9 huele el sustituto de Giorgio Armani Si Passione?<br \/>\nEl sustituto de Giorgio Armani Si Passion es perfecto para la primavera y el verano. La combinaci\u00f3n de grosella negra y pera es sutil y no tan intrusiva como la de su predecesor. El perfume tambi\u00e9n contiene vainilla y jazm\u00edn.  <\/p>\n<p>\u00bfEs duradero el sustituto de Giorgio Armani Si Passione?<br \/>\nEl contenido de fragancia del sustituto de Giorgio Armani Si Passione es del 19%, por lo que la fragancia dura mucho tiempo en la piel.<\/p>\n","protected":false},"excerpt":{"rendered":"<p class=\"product__text inline-richtext\">Inspiraci\u00f3n: Giorgio Armani Armani Mania EDP 50ML<\/p>\n<p class=\"product__text inline-richtext\"><strong>\u2705 Eau de Toilette 19-21% Perfume<\/strong><\/p>\n<p class=\"product__text inline-richtext\"><strong>\u2705 La fragancia dura un segundo d\u00eda<\/strong><\/p>\n<p class=\"product__text inline-richtext\"><strong>Compra la fragancia, no la marca: ahorra dinero<\/strong><\/p>\n","protected":false},"featured_media":35861,"comment_status":"open","ping_status":"closed","template":"","meta":{"_acf_changed":false},"product_brand":[],"product_cat":[212,204],"product_tag":[],"class_list":{"0":"post-27724","1":"product","2":"type-product","3":"status-publish","4":"has-post-thumbnail","6":"product_cat-los-mas-vendidos","7":"product_cat-para-mujeres","9":"first","10":"instock","11":"shipping-taxable","12":"purchasable","13":"product-type-variable"},"acf":[],"aioseo_notices":[],"jetpack_sharing_enabled":true,"_links":{"self":[{"href":"https:\/\/dupescents.co\/es\/wp-json\/wp\/v2\/product\/27724","targetHints":{"allow":["GET"]}}],"collection":[{"href":"https:\/\/dupescents.co\/es\/wp-json\/wp\/v2\/product"}],"about":[{"href":"https:\/\/dupescents.co\/es\/wp-json\/wp\/v2\/types\/product"}],"replies":[{"embeddable":true,"href":"https:\/\/dupescents.co\/es\/wp-json\/wp\/v2\/comments?post=27724"}],"wp:featuredmedia":[{"embeddable":true,"href":"https:\/\/dupescents.co\/es\/wp-json\/wp\/v2\/media\/35861"}],"wp:attachment":[{"href":"https:\/\/dupescents.co\/es\/wp-json\/wp\/v2\/media?parent=27724"}],"wp:term":[{"taxonomy":"product_brand","embeddable":true,"href":"https:\/\/dupescents.co\/es\/wp-json\/wp\/v2\/product_brand?post=27724"},{"taxonomy":"product_cat","embeddable":true,"href":"https:\/\/dupescents.co\/es\/wp-json\/wp\/v2\/product_cat?post=27724"},{"taxonomy":"product_tag","embeddable":true,"href":"https:\/\/dupescents.co\/es\/wp-json\/wp\/v2\/product_tag?post=27724"}],"curies":[{"name":"wp","href":"https:\/\/api.w.org\/{rel}","templated":true}]}}