{"id":27712,"date":"2025-04-02T18:09:58","date_gmt":"2025-04-02T16:09:58","guid":{"rendered":"https:\/\/dupescents.co\/products\/huele-a-alegria\/"},"modified":"2026-02-21T04:19:37","modified_gmt":"2026-02-21T03:19:37","slug":"huele-a-alegria","status":"publish","type":"product","link":"https:\/\/dupescents.co\/es\/productos\/huele-a-alegria\/","title":{"rendered":"Huele a&#8230; Alegr\u00eda"},"content":{"rendered":"<p>016W - Ein \u00e4hnlicher Duft wie Christian Dior Joy<\/p>\n<p>DUFTNOTEN VON UNSEREM ERSATZ:<\/p>\n<p>WHITE PIZZE<br \/>\nJASMINE<br \/>\nBERGAMOT<br \/>\nSANDELWOOD<br \/>\nMANDARINE<br \/>\nGRASROSE<br \/>\nZEDER<br \/>\nPACULA<br \/>\nBROSKOSA<br \/>\nBENZOES<br \/>\nSCHWARZE JOHANNISBEERE BLATT<br \/>\nDUFTBESCHREIBUNG:<\/p>\n<p>Unser 016W ist ein strahlender Duft, der ein L\u00e4cheln auf Ihr Gesicht zaubert. Mit seinem lang anhaltenden Duft, der von blumigen und holzigen Noten gepr\u00e4gt ist, ist dieses Eau de Parfum die perfekte Wahl f\u00fcr selbstbewusste und entschlossene Frauen. Die Komposition wurde mit saftigen Mandarinenakkorden angereichert, was sie noch angenehmer macht. Ein Flakon dieses Parfums eignet sich perfekt als t\u00e4glicher Begleiter.<\/p>\n<p>EIGENSCHAFTEN VON 016WY:<br \/>\nDufttyp: blumig, holzig<br \/>\nF\u00fcr wen: Frauen<br \/>\nInhalt: 30 ml \/ 50 ml \/ 100 ml<br \/>\nProdukt-Code: 016W<br \/>\nDer Preis f\u00fcr dieses Parf\u00fcm h\u00e4ngt von der angegebenen Menge ab.<br \/>\nBitte hinterlassen Sie eine Bewertung nach dem Kauf!<\/p>\n","protected":false},"excerpt":{"rendered":"<p class=\"product__text inline-richtext\">Inspiraci\u00f3n: Christian Dior Joy EDP 30ML<\/p>\n<p class=\"product__text inline-richtext\"><strong>\u2705 Eau de Toilette 19-21% Perfume<\/strong><\/p>\n<p class=\"product__text inline-richtext\"><strong>\u2705 La fragancia dura un segundo d\u00eda<\/strong><\/p>\n<p class=\"product__text inline-richtext\"><strong>Compra la fragancia, no la marca: ahorra dinero<\/strong><\/p>\n","protected":false},"featured_media":36124,"comment_status":"open","ping_status":"closed","template":"","meta":{"_acf_changed":false},"product_brand":[],"product_cat":[212,204],"product_tag":[],"class_list":{"0":"post-27712","1":"product","2":"type-product","3":"status-publish","4":"has-post-thumbnail","6":"product_cat-los-mas-vendidos","7":"product_cat-para-mujeres","9":"first","10":"instock","11":"shipping-taxable","12":"purchasable","13":"product-type-variable"},"acf":[],"aioseo_notices":[],"jetpack_sharing_enabled":true,"_links":{"self":[{"href":"https:\/\/dupescents.co\/es\/wp-json\/wp\/v2\/product\/27712","targetHints":{"allow":["GET"]}}],"collection":[{"href":"https:\/\/dupescents.co\/es\/wp-json\/wp\/v2\/product"}],"about":[{"href":"https:\/\/dupescents.co\/es\/wp-json\/wp\/v2\/types\/product"}],"replies":[{"embeddable":true,"href":"https:\/\/dupescents.co\/es\/wp-json\/wp\/v2\/comments?post=27712"}],"wp:featuredmedia":[{"embeddable":true,"href":"https:\/\/dupescents.co\/es\/wp-json\/wp\/v2\/media\/36124"}],"wp:attachment":[{"href":"https:\/\/dupescents.co\/es\/wp-json\/wp\/v2\/media?parent=27712"}],"wp:term":[{"taxonomy":"product_brand","embeddable":true,"href":"https:\/\/dupescents.co\/es\/wp-json\/wp\/v2\/product_brand?post=27712"},{"taxonomy":"product_cat","embeddable":true,"href":"https:\/\/dupescents.co\/es\/wp-json\/wp\/v2\/product_cat?post=27712"},{"taxonomy":"product_tag","embeddable":true,"href":"https:\/\/dupescents.co\/es\/wp-json\/wp\/v2\/product_tag?post=27712"}],"curies":[{"name":"wp","href":"https:\/\/api.w.org\/{rel}","templated":true}]}}