{"id":27706,"date":"2025-04-02T18:13:24","date_gmt":"2025-04-02T16:13:24","guid":{"rendered":"https:\/\/dupescents.co\/products\/huele-a-ange-ou-demon-le-secret\/"},"modified":"2026-02-21T19:57:24","modified_gmt":"2026-02-21T18:57:24","slug":"huele-a-ange-ou-demon-le-secret","status":"publish","type":"product","link":"https:\/\/dupescents.co\/es\/productos\/huele-a-ange-ou-demon-le-secret\/","title":{"rendered":"Huele a&#8230; Ange Ou Demon Le Secret"},"content":{"rendered":"<p>427W - Recambio para Givenchy Irresistible<br \/>\nEAU DE PARFUM NO 427W - RECAMBIO PARA GIVENCHY UNWIDELY<\/p>\n<p>NOTAS DE FRAGANCIA DE NUESTRO SUSTITUTO:<\/p>\n<p>GRUSH<br \/>\nAMBRETTE<br \/>\nROSE<br \/>\nIRYS<br \/>\nPI\u017bMO<br \/>\nVIRGINIA CEDR<br \/>\nDESCRIPCI\u00d3N DEL PERFUME IRRESISTIBLE DE GIVENCHY:<\/p>\n<p>Esta fragancia es como un hermoso d\u00eda soleado en la naturaleza. Todo el mundo sue\u00f1a con ella, \u00a1y t\u00fa puedes tenerla! Las notas radiantes de madera de cedro, iris y \u00e1mbar gris le dan un toque calmante. La dulzura de la composici\u00f3n se complementa con pera y almizcle. Sin embargo, no se trata de una fragancia inocente, sino llena de feminidad consciente, temperamento y alegr\u00eda de vivir. Una mezcla cautivadoramente aut\u00e9ntica y fresca que atrae a las mujeres que aprovechan la vida al m\u00e1ximo.     <\/p>\n<p>Prueba 427W, un eau de parfum inspirado en la fresca y encantadora Givenchy Irresistible. \u00a1Baila con alegr\u00eda y siente la llamada de la espontaneidad! Esta fragancia s\u00f3lo desprende buena energ\u00eda y te permite disfrutar de las peque\u00f1as cosas.  <\/p>\n<p>CARACTER\u00cdSTICAS DEL PERFUME IRRESISTIBLE:<br \/>\nTipo de fragancia: afrutada, floral<br \/>\nIndicado para: Mujeres<br \/>\nContenido: 10 ml \/ 30 ml \/ 50 ml \/ 100 ml<br \/>\nC\u00f3digo de producto: 427W<br \/>\nEl precio de este perfume depende de la cantidad indicada.<\/p>\n<p>\u00bfA qu\u00e9 huele el equivalente del perfume Givenchy Irresistible?<br \/>\nEsta fragancia maravillosamente afrutada seduce con una jugosa nota de pera, entre otras, pero tambi\u00e9n hay aromas como notas florales de rosa, sidra y sidra de Virginia.<\/p>\n<p>\u00bfCu\u00e1nto dura la fragancia de Givenchy Irresistible?<br \/>\nEste eau de parfum afrutado tiene una longevidad decididamente satisfactoria, ideal para mujeres exigentes.<\/p>\n","protected":false},"excerpt":{"rendered":"<p>Inspiraci\u00f3n: Givenchy Ange Ou Demon Le Secret 2014 EDP 50ML<\/p>\n<p class=\"product__text inline-richtext\"><strong>\u2705 Eau de Toilette 19-21% Perfume<\/strong><\/p>\n<p class=\"product__text inline-richtext\"><strong>\u2705 La fragancia dura un segundo d\u00eda<\/strong><\/p>\n<p class=\"product__text inline-richtext\"><strong>Compra la fragancia, no la marca: ahorra dinero<\/strong><\/p>\n","protected":false},"featured_media":35806,"comment_status":"open","ping_status":"closed","template":"","meta":{"_acf_changed":false},"product_brand":[],"product_cat":[212,204],"product_tag":[],"class_list":{"0":"post-27706","1":"product","2":"type-product","3":"status-publish","4":"has-post-thumbnail","6":"product_cat-los-mas-vendidos","7":"product_cat-para-mujeres","9":"first","10":"instock","11":"shipping-taxable","12":"purchasable","13":"product-type-variable"},"acf":[],"aioseo_notices":[],"jetpack_sharing_enabled":true,"_links":{"self":[{"href":"https:\/\/dupescents.co\/es\/wp-json\/wp\/v2\/product\/27706","targetHints":{"allow":["GET"]}}],"collection":[{"href":"https:\/\/dupescents.co\/es\/wp-json\/wp\/v2\/product"}],"about":[{"href":"https:\/\/dupescents.co\/es\/wp-json\/wp\/v2\/types\/product"}],"replies":[{"embeddable":true,"href":"https:\/\/dupescents.co\/es\/wp-json\/wp\/v2\/comments?post=27706"}],"wp:featuredmedia":[{"embeddable":true,"href":"https:\/\/dupescents.co\/es\/wp-json\/wp\/v2\/media\/35806"}],"wp:attachment":[{"href":"https:\/\/dupescents.co\/es\/wp-json\/wp\/v2\/media?parent=27706"}],"wp:term":[{"taxonomy":"product_brand","embeddable":true,"href":"https:\/\/dupescents.co\/es\/wp-json\/wp\/v2\/product_brand?post=27706"},{"taxonomy":"product_cat","embeddable":true,"href":"https:\/\/dupescents.co\/es\/wp-json\/wp\/v2\/product_cat?post=27706"},{"taxonomy":"product_tag","embeddable":true,"href":"https:\/\/dupescents.co\/es\/wp-json\/wp\/v2\/product_tag?post=27706"}],"curies":[{"name":"wp","href":"https:\/\/api.w.org\/{rel}","templated":true}]}}