{"id":27688,"date":"2025-04-02T18:10:34","date_gmt":"2025-04-02T16:10:34","guid":{"rendered":"https:\/\/dupescents.co\/products\/huele-a-212-vip\/"},"modified":"2026-02-21T19:29:05","modified_gmt":"2026-02-21T18:29:05","slug":"huele-a-212-vip","status":"publish","type":"product","link":"https:\/\/dupescents.co\/es\/productos\/huele-a-212-vip\/","title":{"rendered":"Huele a&#8230; 212 VIP"},"content":{"rendered":"<p>117W - Equivalente de Carolina Herrera 212 VIP<br \/>\nEAU DE PARFUM 117W - EQUIVALENTE A CAROLINA HERRERA 212 VIP<\/p>\n<p>NOTAS DE FRAGANCIA DE NUESTRO SUSTITUTO:<\/p>\n<p>RON<br \/>\nMARACUY<br \/>\nVAINILLA<br \/>\nFRUTAS TONKA<br \/>\nGARDENIA<br \/>\nPI\u017bMO<br \/>\nDESCRIPCI\u00d3N DE LA FRAGANCIA:<\/p>\n<p>Una fragancia que encarna un estilo de vida urbano con un toque de lujo y elegancia. Como contrapartida a Carolina Herrera 212 VIP, est\u00e1 dise\u00f1ada para mujeres seguras de s\u00ed mismas a las que les encanta brillar en m\u00e1s de una fiesta. Este eau de parfum en\u00e9rgico y oriental es especialmente adecuado para las salidas nocturnas.  <\/p>\n<p>CARACTER\u00cdSTICAS DEL EQUIVALENTE DEL PERFUME CAROLINA HERRERA 212 VIP<\/p>\n<p>Tipo de fragancia: oriental<br \/>\nPara qui\u00e9n: mujeres<br \/>\nVolumen: 10 ml \/ 30 ml \/ 50 ml \/ 100 ml<br \/>\nC\u00f3digo del producto: 117W<br \/>\nEl precio de este perfume depende de la cantidad indicada.<br \/>\n\u00a1Por favor, danos tu opini\u00f3n despu\u00e9s de la compra!<\/p>\n<p>Mira tambi\u00e9n otros perfumes Carolina Herrera y sus sustitutos.<\/p>\n","protected":false},"excerpt":{"rendered":"<p>Inspiraci\u00f3n: Carolina Herrera 212 VIP EDP 50ML<\/p>\n<p class=\"product__text inline-richtext\"><strong>\u2705 Eau de Toilette 19-21% Perfume<\/strong><\/p>\n<p class=\"product__text inline-richtext\"><strong>\u2705 La fragancia dura un segundo d\u00eda<\/strong><\/p>\n<p class=\"product__text inline-richtext\"><strong>Compra la fragancia, no la marca: ahorra dinero<\/strong><\/p>\n","protected":false},"featured_media":35770,"comment_status":"open","ping_status":"closed","template":"","meta":{"_acf_changed":false},"product_brand":[],"product_cat":[212,204],"product_tag":[],"class_list":{"0":"post-27688","1":"product","2":"type-product","3":"status-publish","4":"has-post-thumbnail","6":"product_cat-los-mas-vendidos","7":"product_cat-para-mujeres","9":"first","10":"instock","11":"shipping-taxable","12":"purchasable","13":"product-type-variable"},"acf":[],"aioseo_notices":[],"jetpack_sharing_enabled":true,"_links":{"self":[{"href":"https:\/\/dupescents.co\/es\/wp-json\/wp\/v2\/product\/27688","targetHints":{"allow":["GET"]}}],"collection":[{"href":"https:\/\/dupescents.co\/es\/wp-json\/wp\/v2\/product"}],"about":[{"href":"https:\/\/dupescents.co\/es\/wp-json\/wp\/v2\/types\/product"}],"replies":[{"embeddable":true,"href":"https:\/\/dupescents.co\/es\/wp-json\/wp\/v2\/comments?post=27688"}],"wp:featuredmedia":[{"embeddable":true,"href":"https:\/\/dupescents.co\/es\/wp-json\/wp\/v2\/media\/35770"}],"wp:attachment":[{"href":"https:\/\/dupescents.co\/es\/wp-json\/wp\/v2\/media?parent=27688"}],"wp:term":[{"taxonomy":"product_brand","embeddable":true,"href":"https:\/\/dupescents.co\/es\/wp-json\/wp\/v2\/product_brand?post=27688"},{"taxonomy":"product_cat","embeddable":true,"href":"https:\/\/dupescents.co\/es\/wp-json\/wp\/v2\/product_cat?post=27688"},{"taxonomy":"product_tag","embeddable":true,"href":"https:\/\/dupescents.co\/es\/wp-json\/wp\/v2\/product_tag?post=27688"}],"curies":[{"name":"wp","href":"https:\/\/api.w.org\/{rel}","templated":true}]}}