{"id":27658,"date":"2025-04-02T18:17:31","date_gmt":"2025-04-02T16:17:31","guid":{"rendered":"https:\/\/dupescents.co\/products\/huele-a-guilty-absolute-pour-femme\/"},"modified":"2026-02-20T20:07:22","modified_gmt":"2026-02-20T19:07:22","slug":"huele-a-guilty-absolute-pour-femme","status":"publish","type":"product","link":"https:\/\/dupescents.co\/es\/productos\/huele-a-guilty-absolute-pour-femme\/","title":{"rendered":"Huele a&#8230; Guilty Absolute Pour Femme"},"content":{"rendered":"<p>424W - Ersatz f\u00fcr Gucci Guilty Absolute Pour Femme<br \/>\nEAU DE PARFUM NO 424W - ERSATZ F\u00dcR GUCCI GUILTY ABSOLUTE POUR FEMME<\/p>\n<p>DUFTNOTEN UNSERES ERSATZES:<\/p>\n<p>Brombeere<br \/>\nRosa Pfeffer<br \/>\nBergamotte<br \/>\nZypresse<br \/>\nBulgarische Rose<br \/>\nHolzige Noten<br \/>\nVetiver<br \/>\nIndisches Patschuli<br \/>\nBernstein<br \/>\nDUFTBESCHREIBUNG:<\/p>\n<p>Ein sch\u00f6ner, sehr eleganter und ungew\u00f6hnlicher Vorschlag f\u00fcr die Frau. Der Ersatz f\u00fcr Guilty Absolute Pour Femme ist die Quintessenz der Weiblichkeit, die auf moderne Weise eingefangen wurde. Dies wird durch eine chypre-blumige Komposition bestimmt, die sich im Laufe der Zeit zu Gunsten von chypre-fruchtigen Aromen entwickelt. Sp\u00fcren Sie die Romantik, die nicht vergeht! Die verweilenden und koketten D\u00fcfte von raffinierter Rose und Bergamotte regen Sie an, Neues und Ungew\u00f6hnliches zu entdecken, w\u00e4hrend die Akkorde von Waldfr\u00fcchten Sie zu Abenteuern einladen. Orientalischer Amber und Patchouli verleihen sinnliche Tiefe und faszinieren alle um Sie herum.<\/p>\n<p>MERKMALE DES \u00c4QUIVALENTS DES PARFUMS GUILTY ABSOLUTE POUR FEMME:<br \/>\nDufttyp: Chypre, fruchtig, blumig<br \/>\nF\u00fcr wen: Frauen<br \/>\nVolumen: 10 ml \/ 30 ml \/ 50 ml \/ 100 ml<br \/>\nProdukt-Code: 424W<br \/>\nDer Preis f\u00fcr dieses Parf\u00fcm h\u00e4ngt von der angegebenen Menge ab.<br \/>\nBitte geben Sie uns nach dem Kauf eine R\u00fcckmeldung!<\/p>\n<p>Sehen Sie auch andere Gucci Parfums und ihre Ersatzprodukte.<\/p>\n","protected":false},"excerpt":{"rendered":"<p class=\"product__text inline-richtext\">Inspiraci\u00f3n: Gucci Guilty Absolute Pour Femme EDP 30ML<\/p>\n<p class=\"product__text inline-richtext\"><strong>\u2705 Eau de Toilette 19-21% Perfume<\/strong><\/p>\n<p class=\"product__text inline-richtext\"><strong>\u2705 La fragancia dura un segundo d\u00eda<\/strong><\/p>\n<p class=\"product__text inline-richtext\"><strong>Compra la fragancia, no la marca: ahorra dinero<\/strong><\/p>\n","protected":false},"featured_media":36120,"comment_status":"open","ping_status":"closed","template":"","meta":{"_acf_changed":false},"product_brand":[],"product_cat":[212,204],"product_tag":[],"class_list":{"0":"post-27658","1":"product","2":"type-product","3":"status-publish","4":"has-post-thumbnail","6":"product_cat-los-mas-vendidos","7":"product_cat-para-mujeres","9":"first","10":"instock","11":"shipping-taxable","12":"purchasable","13":"product-type-variable"},"acf":[],"aioseo_notices":[],"jetpack_sharing_enabled":true,"_links":{"self":[{"href":"https:\/\/dupescents.co\/es\/wp-json\/wp\/v2\/product\/27658","targetHints":{"allow":["GET"]}}],"collection":[{"href":"https:\/\/dupescents.co\/es\/wp-json\/wp\/v2\/product"}],"about":[{"href":"https:\/\/dupescents.co\/es\/wp-json\/wp\/v2\/types\/product"}],"replies":[{"embeddable":true,"href":"https:\/\/dupescents.co\/es\/wp-json\/wp\/v2\/comments?post=27658"}],"wp:featuredmedia":[{"embeddable":true,"href":"https:\/\/dupescents.co\/es\/wp-json\/wp\/v2\/media\/36120"}],"wp:attachment":[{"href":"https:\/\/dupescents.co\/es\/wp-json\/wp\/v2\/media?parent=27658"}],"wp:term":[{"taxonomy":"product_brand","embeddable":true,"href":"https:\/\/dupescents.co\/es\/wp-json\/wp\/v2\/product_brand?post=27658"},{"taxonomy":"product_cat","embeddable":true,"href":"https:\/\/dupescents.co\/es\/wp-json\/wp\/v2\/product_cat?post=27658"},{"taxonomy":"product_tag","embeddable":true,"href":"https:\/\/dupescents.co\/es\/wp-json\/wp\/v2\/product_tag?post=27658"}],"curies":[{"name":"wp","href":"https:\/\/api.w.org\/{rel}","templated":true}]}}