{"id":27614,"date":"2025-04-02T18:20:12","date_gmt":"2025-04-02T16:20:12","guid":{"rendered":"https:\/\/dupescents.co\/products\/recambio-perfume-magico-121w\/"},"modified":"2025-11-05T19:27:08","modified_gmt":"2025-11-05T18:27:08","slug":"recambio-perfume-magico-121w","status":"publish","type":"product","link":"https:\/\/dupescents.co\/es\/productos\/recambio-perfume-magico-121w\/","title":{"rendered":"RECAMBIO PERFUME M\u00c1GICO 121W"},"content":{"rendered":"<p>121W - Versace Bright Crystal Ersatz<br \/>\n121W EAU DE PARFUM - VERSACE BRIGHT CRYSTAL ERSATZ<br \/>\nDUFTNOTEN UNSERES ERSATZES:<br \/>\nPIWONIA<br \/>\nYUZU<br \/>\nPOMEGRANAT<br \/>\nLOTOS<br \/>\nWASSERN\u00dcSSE<br \/>\nMAGNOLIA<br \/>\nPI\u017bMO<br \/>\nMAHOAN<br \/>\nBURSHINE<br \/>\nBESCHREIBUNG DES PARFUMS VERSACE BRIGHT CRYSTAL FRENCH:<br \/>\nEin Duft, der schm\u00fcckt wie das kostbarste Juwel. Unser Gegenst\u00fcck zum Damenparf\u00fcm Versace Bright Crystal ist ein Eau de Parfum mit einem reinen, femininen Duft, an dem man nicht vorbeikommt. Die fruchtig-blumigen Noten, eine Kombination aus Pfingstrose, Granatapfel und aquatischen Akkorden, verspr\u00fchen Leichtigkeit und Sinnlichkeit. Es ist ein Parf\u00fcm, das f\u00fcr den t\u00e4glichen Gebrauch geeignet ist.<br \/>\nMERKMALE DES \u00c4QUIVALENTS VON VERSACE BRIGHT CRYSTAL PARF\u00dcM:<br \/>\nDufttyp: fruchtig, blumig<br \/>\nF\u00fcr wen: Frauen<br \/>\nInhalt: 10 ml \/ 30 ml \/ 50 ml \/ 100 ml<br \/>\nProdukt-Code: 121W<br \/>\nDer Preis f\u00fcr dieses Parf\u00fcm h\u00e4ngt von der angegebenen Menge ab.<br \/>\nBitte geben Sie uns nach dem Kauf Ihr Feedback!<br \/>\nVersace Bright Crystal Parf\u00fcm<br \/>\nVersace Bright Crystal Parf\u00fcm ist in 10 ml oder 30 ml Inhalt im Fragrance Factory Shop erh\u00e4ltlich. Sie k\u00f6nnen sie einfach in Ihrer Handtasche mitnehmen und haben die M\u00f6glichkeit, Ihren Duft jederzeit aufzufrischen. Bestellen Sie mit Lieferung bei Fragrance Factory!<br \/>\nSehen Sie auch andere Versace Parfums und ihre Ersatzprodukte.<\/p>\n<p>Versace Bright Crystal - Franz\u00f6sisches Parf\u00fcm<br \/>\nSie lieben es, gut zu riechen, k\u00f6nnen sich aber kein Original-Damenparf\u00fcm leisten? Probieren Sie unser franz\u00f6sisches Parf\u00fcm, das von Versace Bright Crystal inspiriert ist. Perfekt ausgew\u00e4hlte Duftinhaltsstoffe und eine hochwertige Produktion machen unsere Parfums langlebig und dem Original \u00e4hnlich!<\/p>\n<p>Wie riecht das \u00c4quivalent des Parfums Versace Bright Crystal?<br \/>\nEs ist ein origineller und fantasievoller Duft, der als blumig, aber auch fruchtig gilt. Unter den Duftnoten sind Mahagoni, Granatapfel, Pfingstrose und ein Hauch von Lotusblume zu erkennen. Der Duft ist insgesamt sehr frisch und kann die Sinne beruhigen, w\u00e4hrend er gleichzeitig eine hohe Langlebigkeit aufweist.<\/p>\n<p>Parf\u00fcm, das Versace Bright Crystal \u00e4hnlich ist<br \/>\nDas Gegenst\u00fcck zum Versace Bright Crystal Parf\u00fcm von Fragrance Factory ist ein perfekt abgestimmter Duft, der f\u00fcr jede Frau perfekt ist! Glauben Sie es, es fehlt noch in Ihrer Parf\u00fcmkiste! Bestellen und testen Sie das Parf\u00fcm.<\/p>\n","protected":false},"excerpt":{"rendered":"<p class=\"product__text inline-richtext\">Inspiraci\u00f3n: VERSACE BRIGHT CRYSTAL EDP<\/p>\n<p class=\"product__text inline-richtext\"><strong>\u2705 Eau de Toilette 19-21% Perfume<\/strong><\/p>\n<p class=\"product__text inline-richtext\"><strong>\u2705 La fragancia dura un segundo d\u00eda<\/strong><\/p>\n<p class=\"product__text inline-richtext\"><strong>Compra la fragancia, no la marca: ahorra dinero<\/strong><\/p>\n","protected":false},"featured_media":0,"comment_status":"open","ping_status":"closed","template":"","meta":{"_acf_changed":false},"product_brand":[],"product_cat":[204],"product_tag":[],"class_list":{"0":"post-27614","1":"product","2":"type-product","3":"status-publish","5":"product_cat-para-mujeres","7":"first","8":"instock","9":"shipping-taxable","10":"purchasable","11":"product-type-variable"},"acf":[],"aioseo_notices":[],"jetpack_sharing_enabled":true,"_links":{"self":[{"href":"https:\/\/dupescents.co\/es\/wp-json\/wp\/v2\/product\/27614","targetHints":{"allow":["GET"]}}],"collection":[{"href":"https:\/\/dupescents.co\/es\/wp-json\/wp\/v2\/product"}],"about":[{"href":"https:\/\/dupescents.co\/es\/wp-json\/wp\/v2\/types\/product"}],"replies":[{"embeddable":true,"href":"https:\/\/dupescents.co\/es\/wp-json\/wp\/v2\/comments?post=27614"}],"wp:attachment":[{"href":"https:\/\/dupescents.co\/es\/wp-json\/wp\/v2\/media?parent=27614"}],"wp:term":[{"taxonomy":"product_brand","embeddable":true,"href":"https:\/\/dupescents.co\/es\/wp-json\/wp\/v2\/product_brand?post=27614"},{"taxonomy":"product_cat","embeddable":true,"href":"https:\/\/dupescents.co\/es\/wp-json\/wp\/v2\/product_cat?post=27614"},{"taxonomy":"product_tag","embeddable":true,"href":"https:\/\/dupescents.co\/es\/wp-json\/wp\/v2\/product_tag?post=27614"}],"curies":[{"name":"wp","href":"https:\/\/api.w.org\/{rel}","templated":true}]}}