{"id":27586,"date":"2025-03-29T17:09:28","date_gmt":"2025-03-29T16:09:28","guid":{"rendered":"https:\/\/dupescents.co\/products\/huele-a-bad-boy-le-parfum\/"},"modified":"2025-11-05T19:26:54","modified_gmt":"2025-11-05T18:26:54","slug":"huele-a-bad-boy-le-parfum","status":"publish","type":"product","link":"https:\/\/dupescents.co\/es\/productos\/huele-a-bad-boy-le-parfum\/","title":{"rendered":"Huele a&#8230; Bad Boy Le Parfum"},"content":{"rendered":"<p>369M - Ersatz f\u00fcr Carolina Herrera Bad Boy Le Parfum<br \/>\nPERFUMED WATER Nr. 369M - Ersatz f\u00fcr das Parf\u00fcm Carolina Herrera Bad Boy Le Parfum<\/p>\n<p>DUFTNOTEN UNSERES ERSATZES:<\/p>\n<p>CANNABIS<br \/>\nGREYFRUIT<br \/>\nSCHWARZER PFEFFER GERANIE<br \/>\nHAUT<br \/>\nVETIVER<br \/>\nDUFTBESCHREIBUNG:<\/p>\n<p>Das Gegenst\u00fcck zu Bad Boy Le Parfum ist eine mutigere Version des bekannten, klassischen Bad Boy. Diese energiegeladene Komposition unterstreicht die besten Eigenschaften eines jeden erfolgreichen Mannes (und auch desjenigen, der danach strebt, einer zu werden)! Der ledrige Charakter des Duftes zieht die Aufmerksamkeit der Menschen um Sie herum auf sich, w\u00e4hrend die erfrischende Grapefruit eine erfrischende Wirkung hat. Indischer Hanf, schwarze Pfeffergeranie und Vetiver sind hier ebenfalls interessante Bestandteile. Sie bilden eine Mischung, die ideal f\u00fcr den Alltag ist.<\/p>\n<p>EIGENSCHAFTEN VON BAD BOY LE PARFUM EQUIVALENT:<br \/>\nDufttyp: Leder<br \/>\nF\u00fcr wen: m\u00e4nnlich<br \/>\nInhalt: 10 ml \/ 30 ml \/ 50 ml \/ 100 ml<br \/>\nProdukt-Code: 369M<br \/>\nDer Preis f\u00fcr dieses Parf\u00fcm h\u00e4ngt von der angegebenen Menge ab.<br \/>\nBitte geben Sie uns nach dem Kauf Ihr Feedback!<\/p>\n<p>Sehen Sie sich andere Carolina Herrera Parfums an.<\/p>\n","protected":false},"excerpt":{"rendered":"<p>Inspiraci\u00f3n: Carolina Herrera Bad Boy Le Parfum EDP<\/p>\n<p class=\"product__text inline-richtext\"><strong>\u2705 Eau de Toilette 19-21% Perfume<\/strong><\/p>\n<p class=\"product__text inline-richtext\"><strong>\u2705 La fragancia dura un segundo d\u00eda<\/strong><\/p>\n<p class=\"product__text inline-richtext\"><strong>Compra la fragancia, no la marca: ahorra dinero<\/strong><\/p>\n","protected":false},"featured_media":0,"comment_status":"open","ping_status":"closed","template":"","meta":{"_acf_changed":false},"product_brand":[],"product_cat":[199],"product_tag":[],"class_list":{"0":"post-27586","1":"product","2":"type-product","3":"status-publish","5":"product_cat-para-hombre","7":"first","8":"instock","9":"shipping-taxable","10":"purchasable","11":"product-type-variable"},"acf":[],"aioseo_notices":[],"jetpack_sharing_enabled":true,"_links":{"self":[{"href":"https:\/\/dupescents.co\/es\/wp-json\/wp\/v2\/product\/27586","targetHints":{"allow":["GET"]}}],"collection":[{"href":"https:\/\/dupescents.co\/es\/wp-json\/wp\/v2\/product"}],"about":[{"href":"https:\/\/dupescents.co\/es\/wp-json\/wp\/v2\/types\/product"}],"replies":[{"embeddable":true,"href":"https:\/\/dupescents.co\/es\/wp-json\/wp\/v2\/comments?post=27586"}],"wp:attachment":[{"href":"https:\/\/dupescents.co\/es\/wp-json\/wp\/v2\/media?parent=27586"}],"wp:term":[{"taxonomy":"product_brand","embeddable":true,"href":"https:\/\/dupescents.co\/es\/wp-json\/wp\/v2\/product_brand?post=27586"},{"taxonomy":"product_cat","embeddable":true,"href":"https:\/\/dupescents.co\/es\/wp-json\/wp\/v2\/product_cat?post=27586"},{"taxonomy":"product_tag","embeddable":true,"href":"https:\/\/dupescents.co\/es\/wp-json\/wp\/v2\/product_tag?post=27586"}],"curies":[{"name":"wp","href":"https:\/\/api.w.org\/{rel}","templated":true}]}}