{"id":27562,"date":"2025-03-29T17:13:22","date_gmt":"2025-03-29T16:13:22","guid":{"rendered":"https:\/\/dupescents.co\/products\/huele-a-hombres-azul-claro\/"},"modified":"2025-11-05T19:26:43","modified_gmt":"2025-11-05T18:26:43","slug":"huele-a-hombres-azul-claro","status":"publish","type":"product","link":"https:\/\/dupescents.co\/es\/productos\/huele-a-hombres-azul-claro\/","title":{"rendered":"Huele a&#8230; Hombres azul claro"},"content":{"rendered":"<p>272M - Eau de Parfum<br \/>\nEAU DE PARFUM NR. 272M<\/p>\n<p>DUFTNOTEN VON UNSEREM ERSATZ:<\/p>\n<p>GREJPFRUT<br \/>\nPRINZ<br \/>\nBERGAMOT<br \/>\nSIZILIANISCHE MANDARINE<br \/>\nROSEMARIE<br \/>\nJUNIOR<br \/>\nHONIG<br \/>\nBRASILIANISCHES ROSENHOLZ<br \/>\nPI\u017bMO<br \/>\nEICHENMOAS<br \/>\nDUFTBESCHREIBUNG:<\/p>\n<p>Ein verf\u00fchrerischer Herrenduft, der Modernit\u00e4t und Tradition vereint. Unser Eau de Parfum No 272M ist ein verf\u00fchrerischer Duft, dessen Sinnlichkeit aus holzigen Noten und aromatischen Gew\u00fcrzen stammt. Obwohl der Duft voller Kontraste und Widerspr\u00fcche ist, bildet er ein koh\u00e4rentes, harmonisches Ganzes.<\/p>\n<p>MERKMALE DES GEGENST\u00dcCKS:<br \/>\nDufttyp: w\u00fcrzig, holzig<br \/>\nF\u00fcr wen: m\u00e4nnlich<br \/>\nInhalt 30 ml \/ 50 ml \/ 100 ml<br \/>\nProdukt-Code: 272M<br \/>\nDer Preis f\u00fcr dieses Parf\u00fcm h\u00e4ngt von der angegebenen Menge ab.<br \/>\nBitte geben Sie uns nach dem Kauf Ihr Feedback!<\/p>\n","protected":false},"excerpt":{"rendered":"<p class=\"product__text inline-richtext\">Inspiraci\u00f3n: Dolce &amp; Gabbana Light Blue Men EDT 75ML<\/p>\n<p class=\"product__text inline-richtext\"><strong>\u2705 Eau de Toilette 19-21% Perfume<\/strong><\/p>\n<p class=\"product__text inline-richtext\"><strong>\u2705 La fragancia dura un segundo d\u00eda<\/strong><\/p>\n<p class=\"product__text inline-richtext\"><strong>Compra la fragancia, no la marca: ahorra dinero<\/strong><\/p>\n","protected":false},"featured_media":36321,"comment_status":"open","ping_status":"closed","template":"","meta":{"_acf_changed":false},"product_brand":[],"product_cat":[199],"product_tag":[],"class_list":{"0":"post-27562","1":"product","2":"type-product","3":"status-publish","4":"has-post-thumbnail","6":"product_cat-para-hombre","8":"first","9":"instock","10":"shipping-taxable","11":"purchasable","12":"product-type-variable"},"acf":[],"aioseo_notices":[],"jetpack_sharing_enabled":true,"_links":{"self":[{"href":"https:\/\/dupescents.co\/es\/wp-json\/wp\/v2\/product\/27562","targetHints":{"allow":["GET"]}}],"collection":[{"href":"https:\/\/dupescents.co\/es\/wp-json\/wp\/v2\/product"}],"about":[{"href":"https:\/\/dupescents.co\/es\/wp-json\/wp\/v2\/types\/product"}],"replies":[{"embeddable":true,"href":"https:\/\/dupescents.co\/es\/wp-json\/wp\/v2\/comments?post=27562"}],"wp:featuredmedia":[{"embeddable":true,"href":"https:\/\/dupescents.co\/es\/wp-json\/wp\/v2\/media\/36321"}],"wp:attachment":[{"href":"https:\/\/dupescents.co\/es\/wp-json\/wp\/v2\/media?parent=27562"}],"wp:term":[{"taxonomy":"product_brand","embeddable":true,"href":"https:\/\/dupescents.co\/es\/wp-json\/wp\/v2\/product_brand?post=27562"},{"taxonomy":"product_cat","embeddable":true,"href":"https:\/\/dupescents.co\/es\/wp-json\/wp\/v2\/product_cat?post=27562"},{"taxonomy":"product_tag","embeddable":true,"href":"https:\/\/dupescents.co\/es\/wp-json\/wp\/v2\/product_tag?post=27562"}],"curies":[{"name":"wp","href":"https:\/\/api.w.org\/{rel}","templated":true}]}}