{"id":27554,"date":"2025-03-29T17:17:28","date_gmt":"2025-03-29T16:17:28","guid":{"rendered":"https:\/\/dupescents.co\/products\/huele-a-hombre-ck\/"},"modified":"2026-02-22T01:11:52","modified_gmt":"2026-02-22T00:11:52","slug":"huele-a-hombre-ck","status":"publish","type":"product","link":"https:\/\/dupescents.co\/es\/productos\/huele-a-hombre-ck\/","title":{"rendered":"Huele a&#8230; Hombre CK"},"content":{"rendered":"<p>306M - Recambio para Calvin Klein MAN<br \/>\n306M EAU DE PARFUM - RECAMBIO PARA CALVIN KLEIN MAN<\/p>\n<p>NOTAS DE FRAGANCIA DE NUESTRO SUSTITUTO:<\/p>\n<p>HOJA DE VIOLETA<br \/>\nROMERO<br \/>\nMANDARINA<br \/>\nBERGAMOTA<br \/>\nHOJA DE LAUREL<br \/>\nMIEL<br \/>\nNUEZ MOSCADA<br \/>\nMONEDA<br \/>\nCHIPRE<br \/>\nMADERA DE GUAYACO<br \/>\nS\u00c1NDALO<br \/>\nDESCRIPCI\u00d3N DE LA FRAGANCIA:<\/p>\n<p>Este perfume es la definici\u00f3n de la masculinidad. Cautiva con notas oscuras y pesadas de nuez moscada e incienso. Momentos despu\u00e9s, se despliegan notas verdaderamente sensuales de bergamota, laurel y cipr\u00e9s. La mandarina y la hoja de violeta aportan dulzura y frescor. El conjunto da como resultado una mezcla extremadamente viva que acaricia los sentidos e inspira confianza.    <\/p>\n<p>La contrapartida de 306M - CALVIN KLEIN MAN es una fragancia para el hombre que no hace concesiones y realiza sus planes con rapidez y elegancia natural. Una elecci\u00f3n perfecta tanto para la vida cotidiana como para salir por la noche. <\/p>\n<p>CARACTER\u00cdSTICAS DEL EQUIVALENTE CALVIN KLEIN MAN:<br \/>\nTipo de fragancia: amaderada, especiada<br \/>\nPara qui\u00e9n: masculino<br \/>\nContenido: 10 ml \/ 30 ml \/ 50 ml \/ 100 ml<br \/>\nC\u00f3digo de producto: 306M<br \/>\nEl precio de este perfume depende de la cantidad indicada.<br \/>\n\u00a1Por favor, danos tu opini\u00f3n despu\u00e9s de la compra!<\/p>\n<p>Consulta tambi\u00e9n otros perfumes Calvin Klein y sus sustitutos.<\/p>\n","protected":false},"excerpt":{"rendered":"<p>Inspiraci\u00f3n: Calvin Klein MAN EDT 100ML<\/p>\n<p class=\"product__text inline-richtext\"><strong>\u2705 Eau de Toilette 19-21% Perfume<\/strong><\/p>\n<p class=\"product__text inline-richtext\"><strong>\u2705 La fragancia dura un segundo d\u00eda<\/strong><\/p>\n<p class=\"product__text inline-richtext\"><strong>Compra la fragancia, no la marca: ahorra dinero<\/strong><\/p>\n","protected":false},"featured_media":35983,"comment_status":"open","ping_status":"closed","template":"","meta":{"_acf_changed":false},"product_brand":[],"product_cat":[199],"product_tag":[],"class_list":{"0":"post-27554","1":"product","2":"type-product","3":"status-publish","4":"has-post-thumbnail","6":"product_cat-para-hombre","8":"first","9":"instock","10":"shipping-taxable","11":"purchasable","12":"product-type-variable"},"acf":[],"aioseo_notices":[],"jetpack_sharing_enabled":true,"_links":{"self":[{"href":"https:\/\/dupescents.co\/es\/wp-json\/wp\/v2\/product\/27554","targetHints":{"allow":["GET"]}}],"collection":[{"href":"https:\/\/dupescents.co\/es\/wp-json\/wp\/v2\/product"}],"about":[{"href":"https:\/\/dupescents.co\/es\/wp-json\/wp\/v2\/types\/product"}],"replies":[{"embeddable":true,"href":"https:\/\/dupescents.co\/es\/wp-json\/wp\/v2\/comments?post=27554"}],"wp:featuredmedia":[{"embeddable":true,"href":"https:\/\/dupescents.co\/es\/wp-json\/wp\/v2\/media\/35983"}],"wp:attachment":[{"href":"https:\/\/dupescents.co\/es\/wp-json\/wp\/v2\/media?parent=27554"}],"wp:term":[{"taxonomy":"product_brand","embeddable":true,"href":"https:\/\/dupescents.co\/es\/wp-json\/wp\/v2\/product_brand?post=27554"},{"taxonomy":"product_cat","embeddable":true,"href":"https:\/\/dupescents.co\/es\/wp-json\/wp\/v2\/product_cat?post=27554"},{"taxonomy":"product_tag","embeddable":true,"href":"https:\/\/dupescents.co\/es\/wp-json\/wp\/v2\/product_tag?post=27554"}],"curies":[{"name":"wp","href":"https:\/\/api.w.org\/{rel}","templated":true}]}}