{"id":27536,"date":"2025-03-29T17:18:53","date_gmt":"2025-03-29T16:18:53","guid":{"rendered":"https:\/\/dupescents.co\/products\/huele-a-negro-xs\/"},"modified":"2026-02-22T00:53:18","modified_gmt":"2026-02-21T23:53:18","slug":"huele-a-negro-xs","status":"publish","type":"product","link":"https:\/\/dupescents.co\/es\/productos\/huele-a-negro-xs\/","title":{"rendered":"Huele a&#8230; Negro XS"},"content":{"rendered":"<p>249M - REPUESTO PARA PACO RABANNE NEGRO XS<br \/>\nEAU DE PARFUM NO 249M - REPUESTO PARA PACO RABANNE NEGRO XS<\/p>\n<p>NOTAS DE FRAGANCIA DE NUESTRO SUSTITUTO:<\/p>\n<p>PRALIN\u00c9<br \/>\nLIM\u00d3N<br \/>\nC\u00cdTRICOS<br \/>\nCANELA<br \/>\nPACULA<br \/>\nB\u00c1LSAMO DE TOL\u00da<br \/>\n\u00c1MBAR NEGRO<br \/>\nHEBANO<br \/>\nSALVIA<br \/>\nCAL\u00c9NDULA<br \/>\nCARDAMOMO NEGRO<br \/>\nPALO DE ROSA<br \/>\nDESCRIPCI\u00d3N DE LA FRAGANCIA:<\/p>\n<p>Una fragancia muy intensa e inconfundible que todo individualista sabr\u00e1 apreciar. Nuestro Eau de Parfum n\u00ba 249M es la contrapartida de Paco Rabanne Black XS, que cautiva con su energ\u00eda y resplandor indelebles. Gracias a su refinado car\u00e1cter oriental amaderado, es perfecto para ocasiones especiales y salidas nocturnas.  <\/p>\n<p>CARACTER\u00cdSTICAS DE LA FRAGANCIA BLACK XS EQUIVALENT:<br \/>\nTipo de fragancia: oriental, amaderada<br \/>\nPara qui\u00e9n: masculino<br \/>\nContenido 30 ml \/ 50 ml \/ 100 ml<br \/>\nC\u00f3digo de producto: 249M<br \/>\nEl precio de este perfume depende de la cantidad indicada.<br \/>\n\u00a1Por favor, danos tu opini\u00f3n despu\u00e9s de la compra!<\/p>\n<p>Mira tambi\u00e9n otros perfumes Paco Rabanne y sus sustitutos.<\/p>\n<p>\u00bfA qu\u00e9 huele el equivalente del perfume Paco Rabanne Black XS?<br \/>\nSe trata sin duda de una fragancia interesante y bastante atractiva que puede clasificarse como amaderada y tambi\u00e9n oriental. Al olerla, puedes percibir notas de fragancia como salvia, lim\u00f3n, pachul\u00ed, canela, palo de rosa o \u00e9bano y pralin\u00e9, entre otras. Como puedes ver por la elecci\u00f3n de los acentos, toda la composici\u00f3n tiene un aroma oscuro que funciona bien en invierno o por la noche.  <\/p>\n","protected":false},"excerpt":{"rendered":"<p>Inspiraci\u00f3n: Paco Rabanne Black XS EDT 100ML<\/p>\n<p class=\"product__text inline-richtext\"><strong>\u2705 Eau de Toilette 19-21% Perfume<\/strong><\/p>\n<p class=\"product__text inline-richtext\"><strong>\u2705 La fragancia dura un segundo d\u00eda<\/strong><\/p>\n<p class=\"product__text inline-richtext\"><strong>Compra la fragancia, no la marca: ahorra dinero<\/strong><\/p>\n","protected":false},"featured_media":35954,"comment_status":"open","ping_status":"closed","template":"","meta":{"_acf_changed":false},"product_brand":[],"product_cat":[199],"product_tag":[],"class_list":{"0":"post-27536","1":"product","2":"type-product","3":"status-publish","4":"has-post-thumbnail","6":"product_cat-para-hombre","8":"first","9":"instock","10":"shipping-taxable","11":"purchasable","12":"product-type-variable"},"acf":[],"aioseo_notices":[],"jetpack_sharing_enabled":true,"_links":{"self":[{"href":"https:\/\/dupescents.co\/es\/wp-json\/wp\/v2\/product\/27536","targetHints":{"allow":["GET"]}}],"collection":[{"href":"https:\/\/dupescents.co\/es\/wp-json\/wp\/v2\/product"}],"about":[{"href":"https:\/\/dupescents.co\/es\/wp-json\/wp\/v2\/types\/product"}],"replies":[{"embeddable":true,"href":"https:\/\/dupescents.co\/es\/wp-json\/wp\/v2\/comments?post=27536"}],"wp:featuredmedia":[{"embeddable":true,"href":"https:\/\/dupescents.co\/es\/wp-json\/wp\/v2\/media\/35954"}],"wp:attachment":[{"href":"https:\/\/dupescents.co\/es\/wp-json\/wp\/v2\/media?parent=27536"}],"wp:term":[{"taxonomy":"product_brand","embeddable":true,"href":"https:\/\/dupescents.co\/es\/wp-json\/wp\/v2\/product_brand?post=27536"},{"taxonomy":"product_cat","embeddable":true,"href":"https:\/\/dupescents.co\/es\/wp-json\/wp\/v2\/product_cat?post=27536"},{"taxonomy":"product_tag","embeddable":true,"href":"https:\/\/dupescents.co\/es\/wp-json\/wp\/v2\/product_tag?post=27536"}],"curies":[{"name":"wp","href":"https:\/\/api.w.org\/{rel}","templated":true}]}}