{"id":27527,"date":"2025-03-29T17:16:13","date_gmt":"2025-03-29T16:16:13","guid":{"rendered":"https:\/\/dupescents.co\/products\/huele-a-absoluto-culpable\/"},"modified":"2025-11-05T19:26:40","modified_gmt":"2025-11-05T18:26:40","slug":"huele-a-absoluto-culpable","status":"publish","type":"product","link":"https:\/\/dupescents.co\/es\/productos\/huele-a-absoluto-culpable\/","title":{"rendered":"Huele a&#8230; Absoluto Culpable"},"content":{"rendered":"<p>377M - Ersatz f\u00fcr Gucci Guilty Absolute<br \/>\nPERFUMED Eau de Parfum Nr. 377M - der Ersatz f\u00fcr Gucci Guilty Absolute<\/p>\n<p>DUFTNOTEN UNSERES ERSATZES:<\/p>\n<p>Leder<br \/>\nZypresse<br \/>\nPatchouli<br \/>\nHolzige Noten<br \/>\nVetiver<br \/>\nDUFTBESCHREIBUNG:<\/p>\n<p>Die verf\u00fchrerische, intensive Mischung von 377W - das Pendant zu Gucci Guilty Absolute - ist f\u00fcr moderne und selbstbewusste M\u00e4nner, die wissen, was sie wollen! Das tiefe Aroma von Leder verbindet sich mit holzigen Noten, Patchouli und Zypresse zu einer fast elektrisierenden Komposition, die wie ein Magnet wirkt.<\/p>\n<p>EIGENSCHAFTEN von Gucci Guilty Absolute:<br \/>\nDufttyp: orientalisch, holzig, lederartig<br \/>\nF\u00fcr wen: m\u00e4nnlich<br \/>\nVolumen: 10 ml \/ 30 ml \/ 50 ml \/ 100 ml<br \/>\nProdukt-Code: 377M<br \/>\nDer Preis f\u00fcr dieses Parf\u00fcm h\u00e4ngt von der angegebenen Menge ab.<br \/>\nBitte geben Sie uns nach dem Kauf eine R\u00fcckmeldung!<\/p>\n<p>Sehen Sie auch andere Gucci Parfums und ihre Ersatzprodukte.<\/p>\n","protected":false},"excerpt":{"rendered":"<p class=\"product__text inline-richtext\">Inspiraci\u00f3n: Gucci Guilty Absolute EDP 50ML<\/p>\n<p class=\"product__text inline-richtext\"><strong>\u2705 Eau de Toilette 19-21% Perfume<\/strong><\/p>\n<p class=\"product__text inline-richtext\"><strong>\u2705 La fragancia dura un segundo d\u00eda<\/strong><\/p>\n<p class=\"product__text inline-richtext\"><strong>Compra la fragancia, no la marca: ahorra dinero<\/strong><\/p>\n","protected":false},"featured_media":36317,"comment_status":"open","ping_status":"closed","template":"","meta":{"_acf_changed":false},"product_brand":[],"product_cat":[199],"product_tag":[],"class_list":{"0":"post-27527","1":"product","2":"type-product","3":"status-publish","4":"has-post-thumbnail","6":"product_cat-para-hombre","8":"first","9":"instock","10":"shipping-taxable","11":"purchasable","12":"product-type-variable"},"acf":[],"aioseo_notices":[],"jetpack_sharing_enabled":true,"_links":{"self":[{"href":"https:\/\/dupescents.co\/es\/wp-json\/wp\/v2\/product\/27527","targetHints":{"allow":["GET"]}}],"collection":[{"href":"https:\/\/dupescents.co\/es\/wp-json\/wp\/v2\/product"}],"about":[{"href":"https:\/\/dupescents.co\/es\/wp-json\/wp\/v2\/types\/product"}],"replies":[{"embeddable":true,"href":"https:\/\/dupescents.co\/es\/wp-json\/wp\/v2\/comments?post=27527"}],"wp:featuredmedia":[{"embeddable":true,"href":"https:\/\/dupescents.co\/es\/wp-json\/wp\/v2\/media\/36317"}],"wp:attachment":[{"href":"https:\/\/dupescents.co\/es\/wp-json\/wp\/v2\/media?parent=27527"}],"wp:term":[{"taxonomy":"product_brand","embeddable":true,"href":"https:\/\/dupescents.co\/es\/wp-json\/wp\/v2\/product_brand?post=27527"},{"taxonomy":"product_cat","embeddable":true,"href":"https:\/\/dupescents.co\/es\/wp-json\/wp\/v2\/product_cat?post=27527"},{"taxonomy":"product_tag","embeddable":true,"href":"https:\/\/dupescents.co\/es\/wp-json\/wp\/v2\/product_tag?post=27527"}],"curies":[{"name":"wp","href":"https:\/\/api.w.org\/{rel}","templated":true}]}}