{"id":27520,"date":"2025-04-02T18:25:07","date_gmt":"2025-04-02T16:25:07","guid":{"rendered":"https:\/\/dupescents.co\/products\/huele-a-limperatrice-3\/"},"modified":"2026-02-20T20:04:35","modified_gmt":"2026-02-20T19:04:35","slug":"huele-a-limperatrice-3","status":"publish","type":"product","link":"https:\/\/dupescents.co\/es\/productos\/huele-a-limperatrice-3\/","title":{"rendered":"Huele a&#8230; La Emperatriz 3"},"content":{"rendered":"<p>018W - Eau de Parfum<br \/>\nPARF\u00dcMIERTES WASSER NR. 018W<\/p>\n<p>DUFTNOTEN VON UNSEREM ERSATZ:<\/p>\n<p>ARBUZ<br \/>\nKIWI<br \/>\nRABARBAR<br \/>\nZYKLAMEN<br \/>\nZITRONENBAUM<br \/>\nPI\u017bMO<br \/>\nPINKENPFEFFER<br \/>\nJASMINE<br \/>\nSANDELHOLZ<br \/>\nDUFTBESCHREIBUNG:<\/p>\n<p>Ein Duft voller Leidenschaft und Lust, perfekt vor allem an hei\u00dfen Sommertagen. Unser Gegenst\u00fcck wurde mit Aufmerksamkeit f\u00fcr jeden Akkord kreiert, um dem Originalduft so nahe wie m\u00f6glich zu kommen. Es wird von Frauen geliebt werden, die die Kombination von exotischen Fr\u00fcchten und s\u00fc\u00dfen, verf\u00fchrerischen Blumen lieben.<\/p>\n<p>EIGENSCHAFTEN DES GEGENST\u00dcCKS:<br \/>\nDufttyp: blumig<br \/>\nF\u00fcr wen: Frauen<br \/>\nVolumen: 30 ml \/ 50 ml \/ 100 ml<br \/>\nProdukt-Code: 018W<br \/>\nDer Preis f\u00fcr dieses Parf\u00fcm h\u00e4ngt von der angegebenen Menge ab.<br \/>\nBitte geben Sie uns nach dem Kauf Ihr Feedback!<\/p>\n","protected":false},"excerpt":{"rendered":"<p class=\"product__text inline-richtext\">Inspiraci\u00f3n: Dolce &amp; Gabbana L&#8217;imperatrice 3 EDT 50ML<\/p>\n<p class=\"product__text inline-richtext\"><strong>\u2705 Eau de Toilette 19-21% Perfume<\/strong><\/p>\n<p class=\"product__text inline-richtext\"><strong>\u2705 La fragancia dura un segundo d\u00eda<\/strong><\/p>\n<p class=\"product__text inline-richtext\"><strong>Compra la fragancia, no la marca: ahorra dinero<\/strong><\/p>\n","protected":false},"featured_media":36117,"comment_status":"open","ping_status":"closed","template":"","meta":{"_acf_changed":false},"product_brand":[],"product_cat":[212,204],"product_tag":[],"class_list":{"0":"post-27520","1":"product","2":"type-product","3":"status-publish","4":"has-post-thumbnail","6":"product_cat-los-mas-vendidos","7":"product_cat-para-mujeres","9":"first","10":"instock","11":"shipping-taxable","12":"purchasable","13":"product-type-variable"},"acf":[],"aioseo_notices":[],"jetpack_sharing_enabled":true,"_links":{"self":[{"href":"https:\/\/dupescents.co\/es\/wp-json\/wp\/v2\/product\/27520","targetHints":{"allow":["GET"]}}],"collection":[{"href":"https:\/\/dupescents.co\/es\/wp-json\/wp\/v2\/product"}],"about":[{"href":"https:\/\/dupescents.co\/es\/wp-json\/wp\/v2\/types\/product"}],"replies":[{"embeddable":true,"href":"https:\/\/dupescents.co\/es\/wp-json\/wp\/v2\/comments?post=27520"}],"wp:featuredmedia":[{"embeddable":true,"href":"https:\/\/dupescents.co\/es\/wp-json\/wp\/v2\/media\/36117"}],"wp:attachment":[{"href":"https:\/\/dupescents.co\/es\/wp-json\/wp\/v2\/media?parent=27520"}],"wp:term":[{"taxonomy":"product_brand","embeddable":true,"href":"https:\/\/dupescents.co\/es\/wp-json\/wp\/v2\/product_brand?post=27520"},{"taxonomy":"product_cat","embeddable":true,"href":"https:\/\/dupescents.co\/es\/wp-json\/wp\/v2\/product_cat?post=27520"},{"taxonomy":"product_tag","embeddable":true,"href":"https:\/\/dupescents.co\/es\/wp-json\/wp\/v2\/product_tag?post=27520"}],"curies":[{"name":"wp","href":"https:\/\/api.w.org\/{rel}","templated":true}]}}