{"id":27510,"date":"2025-03-29T17:20:37","date_gmt":"2025-03-29T16:20:37","guid":{"rendered":"https:\/\/dupescents.co\/products\/huele-a-polo-doble-negro\/"},"modified":"2025-11-05T19:26:36","modified_gmt":"2025-11-05T18:26:36","slug":"huele-a-polo-doble-negro","status":"publish","type":"product","link":"https:\/\/dupescents.co\/es\/productos\/huele-a-polo-doble-negro\/","title":{"rendered":"Huele a&#8230; Polo Doble Negro"},"content":{"rendered":"<p>314M - Ralph Lauren Polo Doppeltes Schwarzes \u00c4quivalent<br \/>\n314M EAU DE PARFUM - RALPH LAUREN POLO DOUBLE BLACK ERSATZ<\/p>\n<p>DUFTNOTEN VON UNSEREM ERSATZ:<\/p>\n<p>Mango<br \/>\nPfeffer<br \/>\nKaffee<br \/>\nMuskatnuss<br \/>\nKardamom<br \/>\nWacholderbeeren<br \/>\nDUFTBESCHREIBUNG:<\/p>\n<p>Das Gegenst\u00fcck zum Polo Double Black Parf\u00fcm von Ralph Lauren ist der Inbegriff eines Duftes, der den Charakter von mutigen und k\u00e4mpferischen M\u00e4nnern unterstreicht. Ihr luxuri\u00f6ser Duft verleiht Charisma und macht Lust auf mehr! Die Komposition verbirgt Mango, Pfeffer, ger\u00f6stete Kaffeebohnen, holzige Noten, Kardamom und Wacholderbeeren.<\/p>\n<p>EIGENSCHAFTEN DES GEGENST\u00dcCKS:<\/p>\n<p>Dufttyp: holzig, w\u00fcrzig<br \/>\nF\u00fcr wen: m\u00e4nnlich<br \/>\nInhalt 10 ml \/ 30 ml \/ 50 ml \/ 100 ml<br \/>\nProdukt-Code: 314M<\/p>\n","protected":false},"excerpt":{"rendered":"<p>Inspiraci\u00f3n: Polo Ralph Lauren Doble Negro EDT 125ML<\/p>\n<p class=\"product__text inline-richtext\"><strong>\u2705 Eau de Toilette 19-21% Perfume<\/strong><\/p>\n<p class=\"product__text inline-richtext\"><strong>\u2705 La fragancia dura un segundo d\u00eda<\/strong><\/p>\n<p class=\"product__text inline-richtext\"><strong>Compra la fragancia, no la marca: ahorra dinero<\/strong><\/p>\n","protected":false},"featured_media":36314,"comment_status":"open","ping_status":"closed","template":"","meta":{"_acf_changed":false},"product_brand":[],"product_cat":[199],"product_tag":[],"class_list":{"0":"post-27510","1":"product","2":"type-product","3":"status-publish","4":"has-post-thumbnail","6":"product_cat-para-hombre","8":"first","9":"instock","10":"shipping-taxable","11":"purchasable","12":"product-type-variable"},"acf":[],"aioseo_notices":[],"jetpack_sharing_enabled":true,"_links":{"self":[{"href":"https:\/\/dupescents.co\/es\/wp-json\/wp\/v2\/product\/27510","targetHints":{"allow":["GET"]}}],"collection":[{"href":"https:\/\/dupescents.co\/es\/wp-json\/wp\/v2\/product"}],"about":[{"href":"https:\/\/dupescents.co\/es\/wp-json\/wp\/v2\/types\/product"}],"replies":[{"embeddable":true,"href":"https:\/\/dupescents.co\/es\/wp-json\/wp\/v2\/comments?post=27510"}],"wp:featuredmedia":[{"embeddable":true,"href":"https:\/\/dupescents.co\/es\/wp-json\/wp\/v2\/media\/36314"}],"wp:attachment":[{"href":"https:\/\/dupescents.co\/es\/wp-json\/wp\/v2\/media?parent=27510"}],"wp:term":[{"taxonomy":"product_brand","embeddable":true,"href":"https:\/\/dupescents.co\/es\/wp-json\/wp\/v2\/product_brand?post=27510"},{"taxonomy":"product_cat","embeddable":true,"href":"https:\/\/dupescents.co\/es\/wp-json\/wp\/v2\/product_cat?post=27510"},{"taxonomy":"product_tag","embeddable":true,"href":"https:\/\/dupescents.co\/es\/wp-json\/wp\/v2\/product_tag?post=27510"}],"curies":[{"name":"wp","href":"https:\/\/api.w.org\/{rel}","templated":true}]}}