{"id":27497,"date":"2025-04-02T18:25:57","date_gmt":"2025-04-02T16:25:57","guid":{"rendered":"https:\/\/dupescents.co\/products\/huele-a-olympea-intenso\/"},"modified":"2026-02-20T20:03:01","modified_gmt":"2026-02-20T19:03:01","slug":"huele-a-olympea-intenso","status":"publish","type":"product","link":"https:\/\/dupescents.co\/es\/productos\/huele-a-olympea-intenso\/","title":{"rendered":"Huele a&#8230; Olympea Intenso"},"content":{"rendered":"<p>095W - Ersatz f\u00fcr Paco Rabanne Olympea INTENSE<br \/>\nEAU DE PARFUM NO 095W - ERSATZ F\u00dcR PACO RABANNE OLYMPEA INTENSE<\/p>\n<p>DUFTNOTEN UNSERES ERSATZES:<\/p>\n<p>VANILLA<br \/>\nBURSHINE<br \/>\nSALZ<br \/>\nDUFTBESCHREIBUNG:<\/p>\n<p>Eine kraftvolle Komposition f\u00fcr moderne und selbstbewusste Frauen. Als Gegenst\u00fcck zu Paco Rabanne Olympea Intense ist dieses Eau de Toilette perfekt f\u00fcr den Tag, den Abend und besondere Anl\u00e4sse. Die g\u00f6ttliche Kombination aus Vanille und Amber mit einer Prise Salz erzeugt eine warme, bemerkenswerte Wirkung, die Begehrlichkeiten weckt.<\/p>\n<p>MERKMALE DES PARF\u00dcMGEGENST\u00dcCKS OLYMPEA INTENSE:<br \/>\nDufttyp: orientalisch<br \/>\nF\u00fcr wen: weiblich<br \/>\nInhalt: 10ml \/ 30ml \/ 50ml \/ 100ml<br \/>\nProdukt-Code: 095W<br \/>\nDer Preis f\u00fcr dieses Parf\u00fcm h\u00e4ngt von der angegebenen Menge ab.<br \/>\nBitte geben Sie uns nach dem Kauf Ihr Feedback!<\/p>\n<p>Sehen Sie auch andere Paco Rabanne Parfums und ihre Ersatzprodukte.<\/p>\n<p>Sie k\u00f6nnen auch einen Ersatz f\u00fcr den \u201eKlassiker\u201c Olympea Blossom in der Fragrance Factory finden.<\/p>\n","protected":false},"excerpt":{"rendered":"<p class=\"product__text inline-richtext\">Inspiraci\u00f3n: Paco Rabanne Olympea INTENSE EDP 30ML<\/p>\n<p class=\"product__text inline-richtext\"><strong>\u2705 Eau de Toilette 19-21% Perfume<\/strong><\/p>\n<p class=\"product__text inline-richtext\"><strong>\u2705 La fragancia dura un segundo d\u00eda<\/strong><\/p>\n<p class=\"product__text inline-richtext\"><strong>Compra la fragancia, no la marca: ahorra dinero<\/strong><\/p>\n","protected":false},"featured_media":36112,"comment_status":"open","ping_status":"closed","template":"","meta":{"_acf_changed":false},"product_brand":[],"product_cat":[212,204],"product_tag":[],"class_list":{"0":"post-27497","1":"product","2":"type-product","3":"status-publish","4":"has-post-thumbnail","6":"product_cat-los-mas-vendidos","7":"product_cat-para-mujeres","9":"first","10":"instock","11":"shipping-taxable","12":"purchasable","13":"product-type-variable"},"acf":[],"aioseo_notices":[],"jetpack_sharing_enabled":true,"_links":{"self":[{"href":"https:\/\/dupescents.co\/es\/wp-json\/wp\/v2\/product\/27497","targetHints":{"allow":["GET"]}}],"collection":[{"href":"https:\/\/dupescents.co\/es\/wp-json\/wp\/v2\/product"}],"about":[{"href":"https:\/\/dupescents.co\/es\/wp-json\/wp\/v2\/types\/product"}],"replies":[{"embeddable":true,"href":"https:\/\/dupescents.co\/es\/wp-json\/wp\/v2\/comments?post=27497"}],"wp:featuredmedia":[{"embeddable":true,"href":"https:\/\/dupescents.co\/es\/wp-json\/wp\/v2\/media\/36112"}],"wp:attachment":[{"href":"https:\/\/dupescents.co\/es\/wp-json\/wp\/v2\/media?parent=27497"}],"wp:term":[{"taxonomy":"product_brand","embeddable":true,"href":"https:\/\/dupescents.co\/es\/wp-json\/wp\/v2\/product_brand?post=27497"},{"taxonomy":"product_cat","embeddable":true,"href":"https:\/\/dupescents.co\/es\/wp-json\/wp\/v2\/product_cat?post=27497"},{"taxonomy":"product_tag","embeddable":true,"href":"https:\/\/dupescents.co\/es\/wp-json\/wp\/v2\/product_tag?post=27497"}],"curies":[{"name":"wp","href":"https:\/\/api.w.org\/{rel}","templated":true}]}}