{"id":27475,"date":"2025-04-02T18:28:03","date_gmt":"2025-04-02T16:28:03","guid":{"rendered":"https:\/\/dupescents.co\/products\/huele-a-pour-femme-intense\/"},"modified":"2026-02-20T20:03:02","modified_gmt":"2026-02-20T19:03:02","slug":"huele-a-pour-femme-intense","status":"publish","type":"product","link":"https:\/\/dupescents.co\/es\/productos\/huele-a-pour-femme-intense\/","title":{"rendered":"Huele a&#8230; Pour Femme Intense"},"content":{"rendered":"<p>467W - Eau de Parfum<br \/>\n467W EAU DE PARFUM<\/p>\n<p>DUFTNOTEN UNSERES ERSATZES:<\/p>\n<p>Neroli<br \/>\nGr\u00fcne Mandarine<br \/>\nOrangenbl\u00fcte<br \/>\nTuberose<br \/>\nMarshmallow<br \/>\nSandelholz<br \/>\nDUFTBESCHREIBUNG:<\/p>\n<p>467W ist f\u00fcr Fans von D\u00fcften, die DAS gewisse Etwas haben! Das Parf\u00fcm kombiniert saftige Mandarine, Neroli, geheimnisvolle Tuberose, warme Akzente von Sandelholz und sinnlichen Moschus. Dieses intensive Parf\u00fcm ist perfekt f\u00fcr Frauen voller Kraft und Leidenschaft.<\/p>\n<p>MERKMALE DES ENTSPRECHENDEN PARF\u00dcMS:<br \/>\nDufttyp: orientalisch, blumig<br \/>\nF\u00fcr wen: weiblich<br \/>\nInhalt: 30 ml \/ 50 ml \/ 100 ml<br \/>\nProdukt-Code: 467W<br \/>\nDer Preis f\u00fcr dieses Parf\u00fcm h\u00e4ngt von der angegebenen Menge ab.<br \/>\nBitte geben Sie uns nach dem Kauf Ihr Feedback!<\/p>\n","protected":false},"excerpt":{"rendered":"<p class=\"product__text inline-richtext\">Inspiraci\u00f3n: Dolce &amp; Gabbana Pour Femme Intense EDP 50ML<\/p>\n<p class=\"product__text inline-richtext\"><strong>\u2705 Eau de Toilette 19-21% Perfume<\/strong><\/p>\n<p class=\"product__text inline-richtext\"><strong>\u2705 La fragancia dura un segundo d\u00eda<\/strong><\/p>\n<p class=\"product__text inline-richtext\"><strong>Compra la fragancia, no la marca: ahorra dinero<\/strong><\/p>\n","protected":false},"featured_media":36109,"comment_status":"open","ping_status":"closed","template":"","meta":{"_acf_changed":false},"product_brand":[],"product_cat":[212,204],"product_tag":[],"class_list":{"0":"post-27475","1":"product","2":"type-product","3":"status-publish","4":"has-post-thumbnail","6":"product_cat-los-mas-vendidos","7":"product_cat-para-mujeres","9":"first","10":"instock","11":"shipping-taxable","12":"purchasable","13":"product-type-variable"},"acf":[],"aioseo_notices":[],"jetpack_sharing_enabled":true,"_links":{"self":[{"href":"https:\/\/dupescents.co\/es\/wp-json\/wp\/v2\/product\/27475","targetHints":{"allow":["GET"]}}],"collection":[{"href":"https:\/\/dupescents.co\/es\/wp-json\/wp\/v2\/product"}],"about":[{"href":"https:\/\/dupescents.co\/es\/wp-json\/wp\/v2\/types\/product"}],"replies":[{"embeddable":true,"href":"https:\/\/dupescents.co\/es\/wp-json\/wp\/v2\/comments?post=27475"}],"wp:featuredmedia":[{"embeddable":true,"href":"https:\/\/dupescents.co\/es\/wp-json\/wp\/v2\/media\/36109"}],"wp:attachment":[{"href":"https:\/\/dupescents.co\/es\/wp-json\/wp\/v2\/media?parent=27475"}],"wp:term":[{"taxonomy":"product_brand","embeddable":true,"href":"https:\/\/dupescents.co\/es\/wp-json\/wp\/v2\/product_brand?post=27475"},{"taxonomy":"product_cat","embeddable":true,"href":"https:\/\/dupescents.co\/es\/wp-json\/wp\/v2\/product_cat?post=27475"},{"taxonomy":"product_tag","embeddable":true,"href":"https:\/\/dupescents.co\/es\/wp-json\/wp\/v2\/product_tag?post=27475"}],"curies":[{"name":"wp","href":"https:\/\/api.w.org\/{rel}","templated":true}]}}