{"id":27461,"date":"2025-04-02T18:33:51","date_gmt":"2025-04-02T16:33:51","guid":{"rendered":"https:\/\/dupescents.co\/products\/huele-a-boss-intenso\/"},"modified":"2026-02-21T23:42:22","modified_gmt":"2026-02-21T22:42:22","slug":"huele-a-boss-intenso","status":"publish","type":"product","link":"https:\/\/dupescents.co\/es\/productos\/huele-a-boss-intenso\/","title":{"rendered":"Huele a&#8230; BOSS Intenso"},"content":{"rendered":"<p>089W - Hugo Boss Boss Intense Recambio<br \/>\nEAU DE PARFUM NR. 089W - RECAMBIO PARA HUGO BOSS BOSS INTENSE<\/p>\n<p>LAS FRAGANCIAS DE NUESTRO SUSTITUTO:<\/p>\n<p>ESPECIAS<br \/>\nS\u00c1NDALO<br \/>\nVAINILLA<br \/>\nAZAHAR<br \/>\nBURSHINE<br \/>\nROSA<br \/>\nPACULA<br \/>\nDESCRIPCI\u00d3N DE LA FRAGANCIA:<\/p>\n<p>Una fragancia profunda y c\u00e1lida para mujeres decididas. Nuestro perfume poda n\u00ba 089W es la contrapartida de Hugo Boss Boss Intense, que rezuma Oriente. La maravillosa composici\u00f3n de especias expresivas, vainilla y flores: rosa y pachul\u00ed garantiza una larga duraci\u00f3n. Este perfume es perfecto para ocasiones especiales y citas nocturnas.   <\/p>\n<p>CARACTER\u00cdSTICAS DEL PERFUME BOSS INTENSE:<br \/>\nTipo de fragancia: oriental, amaderada<br \/>\nPara qui\u00e9n: mujer<br \/>\nContenido: 10ml \/ 30ml \/ 50ml \/ 100ml<br \/>\nC\u00f3digo de producto: 089W<br \/>\nEl precio de este perfume depende de la cantidad indicada.<br \/>\n\u00a1Por favor, danos tu opini\u00f3n despu\u00e9s de la compra!<\/p>\n<p>Mira tambi\u00e9n otros perfumes Hugo Boss y sus sustitutos.<\/p>\n","protected":false},"excerpt":{"rendered":"<p class=\"product__text inline-richtext\">Inspiraci\u00f3n: Hugo Boss Boss Intense EDP 50ML<\/p>\n<p class=\"product__text inline-richtext\"><strong>\u2705 Eau de Toilette 19-21% Perfume<\/strong><\/p>\n<p class=\"product__text inline-richtext\"><strong>\u2705 La fragancia dura un segundo d\u00eda<\/strong><\/p>\n<p class=\"product__text inline-richtext\"><strong>Compra la fragancia, no la marca: ahorra dinero<\/strong><\/p>\n","protected":false},"featured_media":35884,"comment_status":"open","ping_status":"closed","template":"","meta":{"_acf_changed":false},"product_brand":[],"product_cat":[212,204],"product_tag":[],"class_list":{"0":"post-27461","1":"product","2":"type-product","3":"status-publish","4":"has-post-thumbnail","6":"product_cat-los-mas-vendidos","7":"product_cat-para-mujeres","9":"first","10":"instock","11":"shipping-taxable","12":"purchasable","13":"product-type-variable"},"acf":[],"aioseo_notices":[],"jetpack_sharing_enabled":true,"_links":{"self":[{"href":"https:\/\/dupescents.co\/es\/wp-json\/wp\/v2\/product\/27461","targetHints":{"allow":["GET"]}}],"collection":[{"href":"https:\/\/dupescents.co\/es\/wp-json\/wp\/v2\/product"}],"about":[{"href":"https:\/\/dupescents.co\/es\/wp-json\/wp\/v2\/types\/product"}],"replies":[{"embeddable":true,"href":"https:\/\/dupescents.co\/es\/wp-json\/wp\/v2\/comments?post=27461"}],"wp:featuredmedia":[{"embeddable":true,"href":"https:\/\/dupescents.co\/es\/wp-json\/wp\/v2\/media\/35884"}],"wp:attachment":[{"href":"https:\/\/dupescents.co\/es\/wp-json\/wp\/v2\/media?parent=27461"}],"wp:term":[{"taxonomy":"product_brand","embeddable":true,"href":"https:\/\/dupescents.co\/es\/wp-json\/wp\/v2\/product_brand?post=27461"},{"taxonomy":"product_cat","embeddable":true,"href":"https:\/\/dupescents.co\/es\/wp-json\/wp\/v2\/product_cat?post=27461"},{"taxonomy":"product_tag","embeddable":true,"href":"https:\/\/dupescents.co\/es\/wp-json\/wp\/v2\/product_tag?post=27461"}],"curies":[{"name":"wp","href":"https:\/\/api.w.org\/{rel}","templated":true}]}}