{"id":27450,"date":"2025-04-02T18:29:04","date_gmt":"2025-04-02T16:29:04","guid":{"rendered":"https:\/\/dupescents.co\/products\/huele-a-madera-de-salvia-y-sal-marina-de-londres\/"},"modified":"2026-02-20T20:03:04","modified_gmt":"2026-02-20T19:03:04","slug":"huele-a-madera-de-salvia-y-sal-marina-de-londres","status":"publish","type":"product","link":"https:\/\/dupescents.co\/es\/productos\/huele-a-madera-de-salvia-y-sal-marina-de-londres\/","title":{"rendered":"Huele a&#8230; Madera de Salvia y Sal Marina de Londres"},"content":{"rendered":"<p>482W - Jo Malone London Holz Salbei &amp; Meersalz Ersatz<br \/>\nEAU DE PARFUM NR. 482W - ERSATZ F\u00dcR JO MALONE LONDON WOOD SAGE &amp; SEA SALT PARF\u00dcM<\/p>\n<p>DUFTNOTEN UNSERES ERSATZES:<\/p>\n<p>AMBRETTE<br \/>\nBERGAMOTTE<br \/>\nMEERSALZ<br \/>\nMINERALN\u00dcSSE<br \/>\nGETROCKNETE FR\u00dcCHTE<br \/>\nSAGE<br \/>\nGUAIAC-HOLZ<br \/>\nPI\u017bMO<br \/>\nHOLZ<br \/>\nDUFTBESCHREIBUNG:<\/p>\n<p>Das Gegenst\u00fcck zum Parf\u00fcm Wood Sage &amp; Sea Salt von Jo Malone entf\u00fchrt Sie mit den Augen Ihrer Fantasie an eine windige Meeresk\u00fcste. In der Mischung verbirgt sich eine aromatische Kombination aus Ambrette, Meersalz, Salbei, Moschus und Holz. Er wurde f\u00fcr M\u00e4nner und Frauen kreiert, die einen erfrischenden, energiegeladenen Duft suchen. Dieser Duft wird sie sicher ansprechen!<\/p>\n","protected":false},"excerpt":{"rendered":"<p>Inspiraci\u00f3n: Jo Malone London Wood Sage &amp; Sea Salt EDC 100ML<\/p>\n<p class=\"product__text inline-richtext\"><strong>\u2705 Eau de Toilette 19-21% Perfume<\/strong><\/p>\n<p class=\"product__text inline-richtext\"><strong>\u2705 La fragancia dura un segundo d\u00eda<\/strong><\/p>\n<p class=\"product__text inline-richtext\"><strong>Compra la fragancia, no la marca: ahorra dinero<\/strong><\/p>\n","protected":false},"featured_media":36106,"comment_status":"open","ping_status":"closed","template":"","meta":{"_acf_changed":false},"product_brand":[],"product_cat":[212,204],"product_tag":[],"class_list":{"0":"post-27450","1":"product","2":"type-product","3":"status-publish","4":"has-post-thumbnail","6":"product_cat-los-mas-vendidos","7":"product_cat-para-mujeres","9":"first","10":"instock","11":"shipping-taxable","12":"purchasable","13":"product-type-variable"},"acf":[],"aioseo_notices":[],"jetpack_sharing_enabled":true,"_links":{"self":[{"href":"https:\/\/dupescents.co\/es\/wp-json\/wp\/v2\/product\/27450","targetHints":{"allow":["GET"]}}],"collection":[{"href":"https:\/\/dupescents.co\/es\/wp-json\/wp\/v2\/product"}],"about":[{"href":"https:\/\/dupescents.co\/es\/wp-json\/wp\/v2\/types\/product"}],"replies":[{"embeddable":true,"href":"https:\/\/dupescents.co\/es\/wp-json\/wp\/v2\/comments?post=27450"}],"wp:featuredmedia":[{"embeddable":true,"href":"https:\/\/dupescents.co\/es\/wp-json\/wp\/v2\/media\/36106"}],"wp:attachment":[{"href":"https:\/\/dupescents.co\/es\/wp-json\/wp\/v2\/media?parent=27450"}],"wp:term":[{"taxonomy":"product_brand","embeddable":true,"href":"https:\/\/dupescents.co\/es\/wp-json\/wp\/v2\/product_brand?post=27450"},{"taxonomy":"product_cat","embeddable":true,"href":"https:\/\/dupescents.co\/es\/wp-json\/wp\/v2\/product_cat?post=27450"},{"taxonomy":"product_tag","embeddable":true,"href":"https:\/\/dupescents.co\/es\/wp-json\/wp\/v2\/product_tag?post=27450"}],"curies":[{"name":"wp","href":"https:\/\/api.w.org\/{rel}","templated":true}]}}