{"id":27399,"date":"2025-04-02T18:35:28","date_gmt":"2025-04-02T16:35:28","guid":{"rendered":"https:\/\/dupescents.co\/products\/huele-a-212-rosa-vip\/"},"modified":"2026-02-21T19:59:45","modified_gmt":"2026-02-21T18:59:45","slug":"huele-a-212-rosa-vip","status":"publish","type":"product","link":"https:\/\/dupescents.co\/es\/productos\/huele-a-212-rosa-vip\/","title":{"rendered":"Huele a&#8230; 212 Rosa VIP"},"content":{"rendered":"<p>419W - Eau de Parfum equivalente a Carolina Herrera 212 VIP Ros\u00e9<br \/>\nEAU DE PARFUM NR. 419W - EQUIVALENTE AL PARFUM CAROLINA HERRERA 212 VIP ROS\u00c9<\/p>\n<p>NOTAS DE FRAGANCIA DE NUESTRO SUSTITUTO:<\/p>\n<p>CHAMP\u00da ROSADO<br \/>\nPIMIENTA ROSA<br \/>\nFLOR DE MELOCOT\u00d3N<br \/>\nROSA<br \/>\nPIMIENTA BLANCA<br \/>\nNOTAS AMADERADAS<br \/>\nDESCRIPCI\u00d3N DE LA FRAGANCIA:<\/p>\n<p>\u00bfEst\u00e1s deseando bailar toda la noche en una ciudad vibrante? \u00a1No olvides la elegancia! El estilo fiestero combinado con la clase te ofrece nuestra fragancia inspirada en el perfume Carolina Herrera 212 VIP Ros\u00e9. Acent\u00faa tu car\u00e1cter con aromas de champ\u00e1n rosado, flor de melocot\u00f3n y pimienta, rotos por sensuales notas de almizcle y madera.   <\/p>\n<p>CARACTER\u00cdSTICAS DE CAROLINA HERRERA 212 VIP ROS\u00c9 FRAGANCIA EQUIVALENTE:<br \/>\nTipo de fragancia: floral, afrutada<br \/>\nIndicado para: Mujeres<br \/>\nVolumen: 10 ml \/ 30 ml \/ 50 ml \/ 100 ml<br \/>\nC\u00f3digo del producto: 419W<br \/>\nEl precio de este perfume depende de la cantidad indicada.<br \/>\n\u00a1Por favor, danos tu opini\u00f3n despu\u00e9s de la compra!<\/p>\n<p>Echa un vistazo a otros perfumes de Carolina Herrera.<\/p>\n","protected":false},"excerpt":{"rendered":"<p>Inspiraci\u00f3n: Carolina Herrera 212 VIP Ros\u00e9 EDP 30M<\/p>\n<p class=\"product__text inline-richtext\"><strong>\u2705 Eau de Toilette 19-21% Perfume<\/strong><\/p>\n<p class=\"product__text inline-richtext\"><strong>\u2705 La fragancia dura un segundo d\u00eda<\/strong><\/p>\n<p class=\"product__text inline-richtext\"><strong>Compra la fragancia, no la marca: ahorra dinero<\/strong><\/p>\n","protected":false},"featured_media":35811,"comment_status":"open","ping_status":"closed","template":"","meta":{"_acf_changed":false},"product_brand":[],"product_cat":[212,204],"product_tag":[],"class_list":{"0":"post-27399","1":"product","2":"type-product","3":"status-publish","4":"has-post-thumbnail","6":"product_cat-los-mas-vendidos","7":"product_cat-para-mujeres","9":"first","10":"instock","11":"shipping-taxable","12":"purchasable","13":"product-type-variable"},"acf":[],"aioseo_notices":[],"jetpack_sharing_enabled":true,"_links":{"self":[{"href":"https:\/\/dupescents.co\/es\/wp-json\/wp\/v2\/product\/27399","targetHints":{"allow":["GET"]}}],"collection":[{"href":"https:\/\/dupescents.co\/es\/wp-json\/wp\/v2\/product"}],"about":[{"href":"https:\/\/dupescents.co\/es\/wp-json\/wp\/v2\/types\/product"}],"replies":[{"embeddable":true,"href":"https:\/\/dupescents.co\/es\/wp-json\/wp\/v2\/comments?post=27399"}],"wp:featuredmedia":[{"embeddable":true,"href":"https:\/\/dupescents.co\/es\/wp-json\/wp\/v2\/media\/35811"}],"wp:attachment":[{"href":"https:\/\/dupescents.co\/es\/wp-json\/wp\/v2\/media?parent=27399"}],"wp:term":[{"taxonomy":"product_brand","embeddable":true,"href":"https:\/\/dupescents.co\/es\/wp-json\/wp\/v2\/product_brand?post=27399"},{"taxonomy":"product_cat","embeddable":true,"href":"https:\/\/dupescents.co\/es\/wp-json\/wp\/v2\/product_cat?post=27399"},{"taxonomy":"product_tag","embeddable":true,"href":"https:\/\/dupescents.co\/es\/wp-json\/wp\/v2\/product_tag?post=27399"}],"curies":[{"name":"wp","href":"https:\/\/api.w.org\/{rel}","templated":true}]}}