{"id":27362,"date":"2025-04-02T19:03:01","date_gmt":"2025-04-02T17:03:01","guid":{"rendered":"https:\/\/dupescents.co\/products\/huele-a-cupido-cupido\/"},"modified":"2025-11-05T19:26:21","modified_gmt":"2025-11-05T18:26:21","slug":"huele-a-cupido-cupido","status":"publish","type":"product","link":"https:\/\/dupescents.co\/es\/productos\/huele-a-cupido-cupido\/","title":{"rendered":"Huele a&#8230; Cupido Cupido"},"content":{"rendered":"<p>003W - Ersatz f\u00fcr Cacharel Amor Amor<br \/>\nEAU DE PARFUM NR. 003W - ERSATZ F\u00dcR CACHAREL AMOR AMOR<\/p>\n<p>DUFTNOTEN UNSERES ERSATZES:<\/p>\n<p>BLACKCURRANT<br \/>\nVANILLE<br \/>\nORANGE<br \/>\nROSE<br \/>\nMORELA<br \/>\nMANDARINE<br \/>\nGRAUFRUCHT<br \/>\nTONKA FR\u00dcCHTE<br \/>\nPI\u017bMO<br \/>\nBURSTON<br \/>\nJASMINE<br \/>\nSCHWARZE JOHANNISBEERE BLATT<br \/>\nBERGAMOTTE<br \/>\nLILIE<br \/>\nKONWALIA<br \/>\nZEDER VIRGINIEN<br \/>\nDUFTBESCHREIBUNG:<\/p>\n<p>Ein liebevoller fruchtig-blumiger Duft, der die tiefsten und hei\u00dfesten Gef\u00fchle widerspiegelt. Unser perfekt abgestimmtes Gegenst\u00fcck zum Cacharel Amor Amor Parf\u00fcm ist sowohl f\u00fcr den Tag als auch f\u00fcr den Abend geeignet. \u00a0Es wird von mutigen, jungen und leidenschaftlichen Frauen gesch\u00e4tzt. Es befl\u00fcgelt die Sinne und verf\u00fchrt mit seinem Liebeszauber.<\/p>\n","protected":false},"excerpt":{"rendered":"<p>Inspiraci\u00f3n: Cacharel Amor Amor EDT 30ML<\/p>\n<p class=\"product__text inline-richtext\"><strong>\u2705 Eau de Toilette 19-21% Perfume<\/strong><\/p>\n<p class=\"product__text inline-richtext\"><strong>\u2705 La fragancia dura un segundo d\u00eda<\/strong><\/p>\n<p class=\"product__text inline-richtext\"><strong>Compra la fragancia, no la marca: ahorra dinero<\/strong><\/p>\n","protected":false},"featured_media":0,"comment_status":"open","ping_status":"closed","template":"","meta":{"_acf_changed":false},"product_brand":[],"product_cat":[204],"product_tag":[],"class_list":{"0":"post-27362","1":"product","2":"type-product","3":"status-publish","5":"product_cat-para-mujeres","7":"first","8":"instock","9":"shipping-taxable","10":"purchasable","11":"product-type-variable"},"acf":[],"aioseo_notices":[],"jetpack_sharing_enabled":true,"_links":{"self":[{"href":"https:\/\/dupescents.co\/es\/wp-json\/wp\/v2\/product\/27362","targetHints":{"allow":["GET"]}}],"collection":[{"href":"https:\/\/dupescents.co\/es\/wp-json\/wp\/v2\/product"}],"about":[{"href":"https:\/\/dupescents.co\/es\/wp-json\/wp\/v2\/types\/product"}],"replies":[{"embeddable":true,"href":"https:\/\/dupescents.co\/es\/wp-json\/wp\/v2\/comments?post=27362"}],"wp:attachment":[{"href":"https:\/\/dupescents.co\/es\/wp-json\/wp\/v2\/media?parent=27362"}],"wp:term":[{"taxonomy":"product_brand","embeddable":true,"href":"https:\/\/dupescents.co\/es\/wp-json\/wp\/v2\/product_brand?post=27362"},{"taxonomy":"product_cat","embeddable":true,"href":"https:\/\/dupescents.co\/es\/wp-json\/wp\/v2\/product_cat?post=27362"},{"taxonomy":"product_tag","embeddable":true,"href":"https:\/\/dupescents.co\/es\/wp-json\/wp\/v2\/product_tag?post=27362"}],"curies":[{"name":"wp","href":"https:\/\/api.w.org\/{rel}","templated":true}]}}