{"id":27339,"date":"2025-04-02T19:04:37","date_gmt":"2025-04-02T17:04:37","guid":{"rendered":"https:\/\/dupescents.co\/products\/recambio-perfume-magico-165w\/"},"modified":"2025-11-05T19:26:19","modified_gmt":"2025-11-05T18:26:19","slug":"recambio-perfume-magico-165w","status":"publish","type":"product","link":"https:\/\/dupescents.co\/es\/productos\/recambio-perfume-magico-165w\/","title":{"rendered":"RECAMBIO PERFUME M\u00c1GICO 165W"},"content":{"rendered":"<p>165W - Versace Versense Ersatz<br \/>\nEAU DE PARFUM NO 165W - VERSACE VERSENSE ERSATZ<\/p>\n<p>DUFTNOTEN UNSERES ERSATZES:<\/p>\n<p>BERGAMOT<br \/>\nZITRUS<br \/>\nGR\u00dcNE MANDARINE<br \/>\nVIRGINIA CEDR<br \/>\nKARDAMON<br \/>\n\u00d6LBAUM<br \/>\nPI\u017bMO<br \/>\nLILIE<br \/>\nFIGA<br \/>\nJASMINE<br \/>\nSANDALWOOD<br \/>\nNARCYZ<br \/>\nGRUSH<br \/>\nDUFTBESCHREIBUNG:<\/p>\n<p>Ein wahres Feuerwerk an blumigen Aromen, angereichert mit tiefen Holznoten. Unser \u00c4quivalent zum Duft Versace Versense ist ein lang anhaltendes Eau de Toilette f\u00fcr moderne, selbstbewusste und energiegeladene Frauen. Die Komposition besticht durch ihre Frische und den Reichtum an Akkorden, die an den Duft des Mittelmeers erinnern.<\/p>\n<p>MERKMALE DES \u00c4QUIVALENTS VON VERSACE VERSENCE PARF\u00dcM:<br \/>\nDufttyp: blumig, holzig<br \/>\nF\u00fcr wen: Frauen<br \/>\nVolumen: 10 ml \/ 30 ml \/ 50 ml \/ 100 ml<br \/>\nProdukt-Code: 165W<br \/>\nDer Preis f\u00fcr dieses Parf\u00fcm h\u00e4ngt von der angegebenen Menge ab.<br \/>\nBitte geben Sie uns Ihr Feedback nach dem Kauf!<\/p>\n<p>Sehen Sie auch andere Versace Parfums und deren Ersatzprodukte.<\/p>\n","protected":false},"excerpt":{"rendered":"<p class=\"product__text inline-richtext\">Inspiraci\u00f3n: VERSACE VERSENSE EDP<\/p>\n<p class=\"product__text inline-richtext\"><strong>\u2705 Eau de Toilette 19-21% Perfume<\/strong><\/p>\n<p class=\"product__text inline-richtext\"><strong>\u2705 La fragancia dura un segundo d\u00eda<\/strong><\/p>\n<p class=\"product__text inline-richtext\"><strong>Compra la fragancia, no la marca: ahorra dinero<\/strong><\/p>\n","protected":false},"featured_media":0,"comment_status":"open","ping_status":"closed","template":"","meta":{"_acf_changed":false},"product_brand":[],"product_cat":[204],"product_tag":[],"class_list":{"0":"post-27339","1":"product","2":"type-product","3":"status-publish","5":"product_cat-para-mujeres","7":"first","8":"instock","9":"shipping-taxable","10":"purchasable","11":"product-type-variable"},"acf":[],"aioseo_notices":[],"jetpack_sharing_enabled":true,"_links":{"self":[{"href":"https:\/\/dupescents.co\/es\/wp-json\/wp\/v2\/product\/27339","targetHints":{"allow":["GET"]}}],"collection":[{"href":"https:\/\/dupescents.co\/es\/wp-json\/wp\/v2\/product"}],"about":[{"href":"https:\/\/dupescents.co\/es\/wp-json\/wp\/v2\/types\/product"}],"replies":[{"embeddable":true,"href":"https:\/\/dupescents.co\/es\/wp-json\/wp\/v2\/comments?post=27339"}],"wp:attachment":[{"href":"https:\/\/dupescents.co\/es\/wp-json\/wp\/v2\/media?parent=27339"}],"wp:term":[{"taxonomy":"product_brand","embeddable":true,"href":"https:\/\/dupescents.co\/es\/wp-json\/wp\/v2\/product_brand?post=27339"},{"taxonomy":"product_cat","embeddable":true,"href":"https:\/\/dupescents.co\/es\/wp-json\/wp\/v2\/product_cat?post=27339"},{"taxonomy":"product_tag","embeddable":true,"href":"https:\/\/dupescents.co\/es\/wp-json\/wp\/v2\/product_tag?post=27339"}],"curies":[{"name":"wp","href":"https:\/\/api.w.org\/{rel}","templated":true}]}}