{"id":27326,"date":"2025-04-02T19:51:22","date_gmt":"2025-04-02T17:51:22","guid":{"rendered":"https:\/\/dupescents.co\/products\/huele-a-campbell\/"},"modified":"2025-11-05T19:26:16","modified_gmt":"2025-11-05T18:26:16","slug":"huele-a-campbell","status":"publish","type":"product","link":"https:\/\/dupescents.co\/es\/productos\/huele-a-campbell\/","title":{"rendered":"Huele a&#8230; Campbell"},"content":{"rendered":"<p>056W - Naomi Campbell Ersatz<br \/>\nEAU DE PARFUM NO 056W - NAOMI CAMPBELL ERSATZ<\/p>\n<p>DUFTNOTEN UNSERES ERSATZES:<\/p>\n<p>VANILLA<br \/>\nCARAMEL<br \/>\nKOKONUSS<br \/>\nSANDELWOOD<br \/>\nTONKA FASOL<br \/>\nHELIOTROP<br \/>\nSTERNANIS<br \/>\nBROSCOSE<br \/>\nBENZOES<br \/>\nFLORALE NOTIZEN<br \/>\nPIMENTO-PFEFFER<br \/>\nPIZMO<br \/>\nBURSHINE<br \/>\nMAGNOLIEN<br \/>\nOPONACS<br \/>\nTUBEROZA<br \/>\nORANGENBLUME<br \/>\nROSE<br \/>\nJASMINE<br \/>\nZEDER<br \/>\nMANDARINE<br \/>\nBERGAMOTTE<br \/>\nCONVALIA<br \/>\nDUFTBESCHREIBUNG:<\/p>\n<p>Ein einzigartiges Parf\u00fcm f\u00fcr erfolgreiche Frauen, die sich nicht scheuen, ihren Sexappeal zu zeigen. Der Duft 056W ist ein Gegenst\u00fcck zu Naomi Campbells Parf\u00fcm, das den Originalduft perfekt einf\u00e4ngt. Die Kombination aus Orangen-, Jasmin- und Maigl\u00f6ckchenakkorden setzt einen wunderbaren Duft frei, der ein unwiderstehliches Gef\u00fchl von Unabh\u00e4ngigkeit vermittelt. Das Pendant zu Naomi Campbell ist besonders f\u00fcr den Abend geeignet.<\/p>\n","protected":false},"excerpt":{"rendered":"<p>Inspiraci\u00f3n: Naomi Campbell EDT 30ML<\/p>\n<p class=\"product__text inline-richtext\"><strong>\u2705 Eau de Toilette 19-21% Perfume<\/strong><\/p>\n<p class=\"product__text inline-richtext\"><strong>\u2705 La fragancia dura un segundo d\u00eda<\/strong><\/p>\n<p class=\"product__text inline-richtext\"><strong>Compra la fragancia, no la marca: ahorra dinero<\/strong><\/p>\n","protected":false},"featured_media":0,"comment_status":"open","ping_status":"closed","template":"","meta":{"_acf_changed":false},"product_brand":[],"product_cat":[204],"product_tag":[],"class_list":{"0":"post-27326","1":"product","2":"type-product","3":"status-publish","5":"product_cat-para-mujeres","7":"first","8":"instock","9":"shipping-taxable","10":"purchasable","11":"product-type-variable"},"acf":[],"aioseo_notices":[],"jetpack_sharing_enabled":true,"_links":{"self":[{"href":"https:\/\/dupescents.co\/es\/wp-json\/wp\/v2\/product\/27326","targetHints":{"allow":["GET"]}}],"collection":[{"href":"https:\/\/dupescents.co\/es\/wp-json\/wp\/v2\/product"}],"about":[{"href":"https:\/\/dupescents.co\/es\/wp-json\/wp\/v2\/types\/product"}],"replies":[{"embeddable":true,"href":"https:\/\/dupescents.co\/es\/wp-json\/wp\/v2\/comments?post=27326"}],"wp:attachment":[{"href":"https:\/\/dupescents.co\/es\/wp-json\/wp\/v2\/media?parent=27326"}],"wp:term":[{"taxonomy":"product_brand","embeddable":true,"href":"https:\/\/dupescents.co\/es\/wp-json\/wp\/v2\/product_brand?post=27326"},{"taxonomy":"product_cat","embeddable":true,"href":"https:\/\/dupescents.co\/es\/wp-json\/wp\/v2\/product_cat?post=27326"},{"taxonomy":"product_tag","embeddable":true,"href":"https:\/\/dupescents.co\/es\/wp-json\/wp\/v2\/product_tag?post=27326"}],"curies":[{"name":"wp","href":"https:\/\/api.w.org\/{rel}","templated":true}]}}