{"id":27320,"date":"2025-04-02T19:05:20","date_gmt":"2025-04-02T17:05:20","guid":{"rendered":"https:\/\/dupescents.co\/products\/recambio-perfume-magico-151w\/"},"modified":"2025-11-05T19:26:16","modified_gmt":"2025-11-05T18:26:16","slug":"recambio-perfume-magico-151w","status":"publish","type":"product","link":"https:\/\/dupescents.co\/es\/productos\/recambio-perfume-magico-151w\/","title":{"rendered":"RECAMBIO PERFUME M\u00c1GICO 151W"},"content":{"rendered":"<p>151W - Ein \u00e4hnlicher Duft wie Lacoste Touch of Pink<\/p>\n<p>DIE DUFTNOTEN UNSERES ERSATZES:<\/p>\n<p>ORANGE<br \/>\nBR\u00dcSSEL<br \/>\nROTE ORANGE<br \/>\nVANILLA<br \/>\nJASMINE<br \/>\nCOLLENDRA<br \/>\nPIZMO<br \/>\nSANDALWOOD<br \/>\nKARDAMON<br \/>\nSIOLLE<br \/>\nCARROTENSAMEN<br \/>\nDUFTBESCHREIBUNG:<\/p>\n<p>Nat\u00fcrliche Koketterie und Sinnlichkeit geh\u00f6ren zu Ihrem Alltag? Dann ist dieser Duft genau das Richtige f\u00fcr Sie! 151W ist ein herrlich verf\u00fchrerischer Duft voller Ausstrahlung. Der angenehme, fruchtig-blumige Duft eignet sich perfekt als Alltagsparf\u00fcm. Er unterstreicht anmutig die Eleganz und den angeborenen Charme seiner Tr\u00e4gerin.<\/p>\n<p>151W MERKMALE:<br \/>\nDufttyp: fruchtig, blumig<br \/>\nF\u00fcr wen: f\u00fcr Frauen<br \/>\nInhalt: 10 ml \/ 30 ml \/ 50 ml \/ 100 ml<br \/>\nProdukt-Code: 151W<br \/>\nDer Preis f\u00fcr dieses Parf\u00fcm h\u00e4ngt von der angegebenen Menge ab.<br \/>\nBitte hinterlassen Sie eine Bewertung nach dem Kauf!<\/p>\n<p>Wonach riecht 151W?<br \/>\nEs handelt sich um einen h\u00fcbschen, zarten Damenduft, der sowohl als blumig als auch als fruchtig eingestuft wird. In den Noten sind Akkorde von Vanille, Kardamom, Jasminbl\u00fcte, roter Orange und Pfirsich zu erkennen. Das Parf\u00fcm ist mehr als nur eine feminine Komposition, es ist auch die Essenz von Freude und Energie.<\/p>\n","protected":false},"excerpt":{"rendered":"<p class=\"product__text inline-richtext\">Inspiraci\u00f3n: LACOSTE TOUCH OF PINK EDP<\/p>\n<p class=\"product__text inline-richtext\"><strong>\u2705 Eau de Toilette 19-21% Perfume<\/strong><\/p>\n<p class=\"product__text inline-richtext\"><strong>\u2705 La fragancia dura un segundo d\u00eda<\/strong><\/p>\n<p class=\"product__text inline-richtext\"><strong>Compra la fragancia, no la marca: ahorra dinero<\/strong><\/p>\n","protected":false},"featured_media":0,"comment_status":"open","ping_status":"closed","template":"","meta":{"_acf_changed":false},"product_brand":[],"product_cat":[204],"product_tag":[],"class_list":{"0":"post-27320","1":"product","2":"type-product","3":"status-publish","5":"product_cat-para-mujeres","7":"first","8":"instock","9":"shipping-taxable","10":"purchasable","11":"product-type-variable"},"acf":[],"aioseo_notices":[],"jetpack_sharing_enabled":true,"_links":{"self":[{"href":"https:\/\/dupescents.co\/es\/wp-json\/wp\/v2\/product\/27320","targetHints":{"allow":["GET"]}}],"collection":[{"href":"https:\/\/dupescents.co\/es\/wp-json\/wp\/v2\/product"}],"about":[{"href":"https:\/\/dupescents.co\/es\/wp-json\/wp\/v2\/types\/product"}],"replies":[{"embeddable":true,"href":"https:\/\/dupescents.co\/es\/wp-json\/wp\/v2\/comments?post=27320"}],"wp:attachment":[{"href":"https:\/\/dupescents.co\/es\/wp-json\/wp\/v2\/media?parent=27320"}],"wp:term":[{"taxonomy":"product_brand","embeddable":true,"href":"https:\/\/dupescents.co\/es\/wp-json\/wp\/v2\/product_brand?post=27320"},{"taxonomy":"product_cat","embeddable":true,"href":"https:\/\/dupescents.co\/es\/wp-json\/wp\/v2\/product_cat?post=27320"},{"taxonomy":"product_tag","embeddable":true,"href":"https:\/\/dupescents.co\/es\/wp-json\/wp\/v2\/product_tag?post=27320"}],"curies":[{"name":"wp","href":"https:\/\/api.w.org\/{rel}","templated":true}]}}