{"id":27278,"date":"2025-04-02T19:58:57","date_gmt":"2025-04-02T17:58:57","guid":{"rendered":"https:\/\/dupescents.co\/products\/recambio-perfume-magico-171w\/"},"modified":"2025-11-05T19:26:10","modified_gmt":"2025-11-05T18:26:10","slug":"recambio-perfume-magico-171w","status":"publish","type":"product","link":"https:\/\/dupescents.co\/es\/productos\/recambio-perfume-magico-171w\/","title":{"rendered":"RECAMBIO PERFUME M\u00c1GICO 171W"},"content":{"rendered":"<p>171W - Ersatz f\u00fcr Michael Kors Sexy Amber<br \/>\n171W EAU DE PARFUM - ERSATZ F\u00dcR MICHAEL KORS SEXY AMBER<\/p>\n<p>DUFTNOTEN UNSERES ERSATZES:<\/p>\n<p>AMBER<br \/>\nSANDELHOLZ<br \/>\nWEISSE BLUMEN<br \/>\nDUFTBESCHREIBUNG:<\/p>\n<p>Ein w\u00e4rmendes, sinnliches Eau de Parfum f\u00fcr mutige Frauen. Unser Gegenst\u00fcck zum Michael Kors Sexy Amber ist eine verf\u00fchrerische Mischung aus hei\u00dfem Amber, wei\u00dfen Bl\u00fcten und dem berauschenden Aroma von Sandelholz. Die orientalische Dimension dieser Komposition gibt ihrer Tr\u00e4gerin das Selbstvertrauen, den Mann ihrer Tr\u00e4ume zu erobern.<\/p>\n<p>MERKMALE DES \u00c4QUIVALENTS VON MICHAEL KORS SEXY AMBER PARF\u00dcM:<br \/>\nDufttyp: orientalisch, blumig<br \/>\nF\u00fcr wen: weiblich<br \/>\nInhalt: 10 ml \/ 30 ml \/ 50 ml \/ 100 ml<br \/>\nProdukt-Code: 171W<br \/>\nDer Preis f\u00fcr dieses Parf\u00fcm h\u00e4ngt von der angegebenen Menge ab.<br \/>\nBitte geben Sie uns Ihr Feedback nach dem Kauf!<\/p>\n<p>Siehe auch andere Michael Kors Parfums und deren Ersatzprodukte.<\/p>\n","protected":false},"excerpt":{"rendered":"<p class=\"product__text inline-richtext\">Inspiraci\u00f3n: MICHAEL KORS SEXY AMBER EDP<\/p>\n<p class=\"product__text inline-richtext\"><strong>\u2705 Eau de Toilette 19-21% Perfume<\/strong><\/p>\n<p class=\"product__text inline-richtext\"><strong>\u2705 La fragancia dura un segundo d\u00eda<\/strong><\/p>\n<p class=\"product__text inline-richtext\"><strong>Compra la fragancia, no la marca: ahorra dinero<\/strong><\/p>\n","protected":false},"featured_media":0,"comment_status":"open","ping_status":"closed","template":"","meta":{"_acf_changed":false},"product_brand":[],"product_cat":[204],"product_tag":[],"class_list":{"0":"post-27278","1":"product","2":"type-product","3":"status-publish","5":"product_cat-para-mujeres","7":"first","8":"instock","9":"shipping-taxable","10":"purchasable","11":"product-type-variable"},"acf":[],"aioseo_notices":[],"jetpack_sharing_enabled":true,"_links":{"self":[{"href":"https:\/\/dupescents.co\/es\/wp-json\/wp\/v2\/product\/27278","targetHints":{"allow":["GET"]}}],"collection":[{"href":"https:\/\/dupescents.co\/es\/wp-json\/wp\/v2\/product"}],"about":[{"href":"https:\/\/dupescents.co\/es\/wp-json\/wp\/v2\/types\/product"}],"replies":[{"embeddable":true,"href":"https:\/\/dupescents.co\/es\/wp-json\/wp\/v2\/comments?post=27278"}],"wp:attachment":[{"href":"https:\/\/dupescents.co\/es\/wp-json\/wp\/v2\/media?parent=27278"}],"wp:term":[{"taxonomy":"product_brand","embeddable":true,"href":"https:\/\/dupescents.co\/es\/wp-json\/wp\/v2\/product_brand?post=27278"},{"taxonomy":"product_cat","embeddable":true,"href":"https:\/\/dupescents.co\/es\/wp-json\/wp\/v2\/product_cat?post=27278"},{"taxonomy":"product_tag","embeddable":true,"href":"https:\/\/dupescents.co\/es\/wp-json\/wp\/v2\/product_tag?post=27278"}],"curies":[{"name":"wp","href":"https:\/\/api.w.org\/{rel}","templated":true}]}}