{"id":27266,"date":"2025-04-02T20:02:57","date_gmt":"2025-04-02T18:02:57","guid":{"rendered":"https:\/\/dupescents.co\/products\/huele-a-barato-y-chic\/"},"modified":"2025-11-05T19:26:02","modified_gmt":"2025-11-05T18:26:02","slug":"huele-a-barato-y-chic","status":"publish","type":"product","link":"https:\/\/dupescents.co\/es\/productos\/huele-a-barato-y-chic\/","title":{"rendered":"Huele a&#8230; Barato y chic"},"content":{"rendered":"<p>499W - Moschino Cheap &amp; Chic Ersatz<br \/>\n499W EAU DE PARFUM - ERSATZ F\u00dcR MOSCHINO CHEAP &amp; CHIC PARF\u00dcM<\/p>\n<p>DUFTNOTEN VON UNSEREM ERSATZ:<\/p>\n<p>YUZU<br \/>\nBRASILIANISCHES ROSENHOLZ<br \/>\nBERGAMOT<br \/>\nORANGE<br \/>\nPETITGRAIN<br \/>\nCYCLAMEN<br \/>\nWASSERLILIE<br \/>\nROSE<br \/>\nPEONY<br \/>\nSIOOL<br \/>\nJASMINE<br \/>\nPI\u017bMO<br \/>\nIRIS<br \/>\nVETIVERIEN<br \/>\nAMBRA<br \/>\nORCHIDEA<br \/>\nSANDALWOOD<br \/>\nTONKA FASOL<br \/>\nVANILLA<br \/>\nDUFTBESCHREIBUNG:<\/p>\n<p>Sie kennen das Sprichwort, dass sich Gegens\u00e4tze anziehen? Hier ist der Beweis! Das Gegenst\u00fcck zum Moschino Cheap &amp; Chic Duft passt perfekt zum Stil einer kompromisslosen Rebellin und einer echten Lady. Er ist perfekt, wenn Sie Ihr Image je nach Stimmung \u00e4ndern m\u00f6chten. Es ist ein Duft, der f\u00fcr das t\u00e4gliche Tragen geschaffen wurde. Im Flakon verbirgt sich das Aroma von Bergamotte, Orange, Yuzu, brasilianischem Rosenholz, Alpenveilchen, Seerose, Rose, Pfingstrose, Veilchen und Jasmin sowie Sandelholz f\u00fcr zus\u00e4tzliche W\u00e4rme. Es fehlt auch nicht an sinnlichem Moschus.<\/p>\n<p>EIGENSCHAFTEN DES \u00c4QUIVALENTS VON MOSCHINO BILLIG &amp; CHIC PARF\u00dcM:<br \/>\nDufttyp: blumig<br \/>\nF\u00fcr wen: Frauen<br \/>\nVolumen: 10 ml \/ 30 ml \/ 50 ml \/ 100 ml<br \/>\nProdukt-Code: 499W<br \/>\nDer Preis f\u00fcr dieses Parf\u00fcm h\u00e4ngt von der angegebenen Menge ab.<br \/>\nBitte geben Sie uns nach dem Kauf Ihr Feedback!<\/p>\n<p>Sehen Sie sich andere Moschino Parfums an!<\/p>\n","protected":false},"excerpt":{"rendered":"<p>Inspiraci\u00f3n: Moschino Cheap &amp; Chic EDT 30ML<\/p>\n<p class=\"product__text inline-richtext\"><strong>\u2705 Eau de Toilette 19-21% Perfume<\/strong><\/p>\n<p class=\"product__text inline-richtext\"><strong>\u2705 La fragancia dura un segundo d\u00eda<\/strong><\/p>\n<p class=\"product__text inline-richtext\"><strong>Compra la fragancia, no la marca: ahorra dinero<\/strong><\/p>\n","protected":false},"featured_media":0,"comment_status":"open","ping_status":"closed","template":"","meta":{"_acf_changed":false},"product_brand":[],"product_cat":[204],"product_tag":[],"class_list":{"0":"post-27266","1":"product","2":"type-product","3":"status-publish","5":"product_cat-para-mujeres","7":"first","8":"instock","9":"shipping-taxable","10":"purchasable","11":"product-type-variable"},"acf":[],"aioseo_notices":[],"jetpack_sharing_enabled":true,"_links":{"self":[{"href":"https:\/\/dupescents.co\/es\/wp-json\/wp\/v2\/product\/27266","targetHints":{"allow":["GET"]}}],"collection":[{"href":"https:\/\/dupescents.co\/es\/wp-json\/wp\/v2\/product"}],"about":[{"href":"https:\/\/dupescents.co\/es\/wp-json\/wp\/v2\/types\/product"}],"replies":[{"embeddable":true,"href":"https:\/\/dupescents.co\/es\/wp-json\/wp\/v2\/comments?post=27266"}],"wp:attachment":[{"href":"https:\/\/dupescents.co\/es\/wp-json\/wp\/v2\/media?parent=27266"}],"wp:term":[{"taxonomy":"product_brand","embeddable":true,"href":"https:\/\/dupescents.co\/es\/wp-json\/wp\/v2\/product_brand?post=27266"},{"taxonomy":"product_cat","embeddable":true,"href":"https:\/\/dupescents.co\/es\/wp-json\/wp\/v2\/product_cat?post=27266"},{"taxonomy":"product_tag","embeddable":true,"href":"https:\/\/dupescents.co\/es\/wp-json\/wp\/v2\/product_tag?post=27266"}],"curies":[{"name":"wp","href":"https:\/\/api.w.org\/{rel}","templated":true}]}}