{"id":27256,"date":"2025-04-02T19:59:30","date_gmt":"2025-04-02T17:59:30","guid":{"rendered":"https:\/\/dupescents.co\/products\/huele-a-resplandor\/"},"modified":"2026-02-21T23:23:10","modified_gmt":"2026-02-21T22:23:10","slug":"huele-a-resplandor","status":"publish","type":"product","link":"https:\/\/dupescents.co\/es\/productos\/huele-a-resplandor\/","title":{"rendered":"Huele a&#8230; Resplandor"},"content":{"rendered":"<p>007W - Sustituci\u00f3n de Jennifer Lopez Glow<br \/>\nEAU DE PARFUM NO 007W - SUSTITUCI\u00d3N DE JENNIFER LOPEZ GLOW<\/p>\n<p>NOTAS DE FRAGANCIA DE NUESTRO SUSTITUTO:<\/p>\n<p>PI\u017bMO<br \/>\nJAZM\u00cdN<br \/>\nROSA<br \/>\nNEROLI<br \/>\nAZAHAR<br \/>\nFRUTA GRIS<br \/>\nNARDO<br \/>\nS\u00c1NDALO<br \/>\nCORTEZA DE IRIS<br \/>\nVAINILLA<br \/>\nBURSHINE<br \/>\nDESCRIPCI\u00d3N DE LA FRAGANCIA:<\/p>\n<p>Un perfume femenino sensual, floral y afrutado al que ning\u00fan hombre podr\u00e1 resistirse. Hemos creado una contrapartida perfecta al perfume Glow de Jennifer L\u00f3pez, que seduce con sus notas frescas con un toque de atractivo sexual y coqueteo ardiente. Esta adictiva esencia de feminidad le encantar\u00e1 a la mujer que aprecia enormemente su propia sensualidad.  <\/p>\n","protected":false},"excerpt":{"rendered":"<p>Inspiraci\u00f3n: Jennifer Lopez Glow EDT 30ML<\/p>\n<p class=\"product__text inline-richtext\"><strong>\u2705 Eau de Toilette 19-21% Perfume<\/strong><\/p>\n<p class=\"product__text inline-richtext\"><strong>\u2705 La fragancia dura un segundo d\u00eda<\/strong><\/p>\n<p class=\"product__text inline-richtext\"><strong>Compra la fragancia, no la marca: ahorra dinero<\/strong><\/p>\n","protected":false},"featured_media":35846,"comment_status":"open","ping_status":"closed","template":"","meta":{"_acf_changed":false},"product_brand":[],"product_cat":[212,204],"product_tag":[],"class_list":{"0":"post-27256","1":"product","2":"type-product","3":"status-publish","4":"has-post-thumbnail","6":"product_cat-los-mas-vendidos","7":"product_cat-para-mujeres","9":"first","10":"instock","11":"shipping-taxable","12":"purchasable","13":"product-type-variable"},"acf":[],"aioseo_notices":[],"jetpack_sharing_enabled":true,"_links":{"self":[{"href":"https:\/\/dupescents.co\/es\/wp-json\/wp\/v2\/product\/27256","targetHints":{"allow":["GET"]}}],"collection":[{"href":"https:\/\/dupescents.co\/es\/wp-json\/wp\/v2\/product"}],"about":[{"href":"https:\/\/dupescents.co\/es\/wp-json\/wp\/v2\/types\/product"}],"replies":[{"embeddable":true,"href":"https:\/\/dupescents.co\/es\/wp-json\/wp\/v2\/comments?post=27256"}],"wp:featuredmedia":[{"embeddable":true,"href":"https:\/\/dupescents.co\/es\/wp-json\/wp\/v2\/media\/35846"}],"wp:attachment":[{"href":"https:\/\/dupescents.co\/es\/wp-json\/wp\/v2\/media?parent=27256"}],"wp:term":[{"taxonomy":"product_brand","embeddable":true,"href":"https:\/\/dupescents.co\/es\/wp-json\/wp\/v2\/product_brand?post=27256"},{"taxonomy":"product_cat","embeddable":true,"href":"https:\/\/dupescents.co\/es\/wp-json\/wp\/v2\/product_cat?post=27256"},{"taxonomy":"product_tag","embeddable":true,"href":"https:\/\/dupescents.co\/es\/wp-json\/wp\/v2\/product_tag?post=27256"}],"curies":[{"name":"wp","href":"https:\/\/api.w.org\/{rel}","templated":true}]}}