{"id":27242,"date":"2025-04-02T20:04:17","date_gmt":"2025-04-02T18:04:17","guid":{"rendered":"https:\/\/dupescents.co\/products\/repuesto-perfume-magico-070w\/"},"modified":"2025-11-05T19:26:00","modified_gmt":"2025-11-05T18:26:00","slug":"repuesto-perfume-magico-070w","status":"publish","type":"product","link":"https:\/\/dupescents.co\/es\/productos\/repuesto-perfume-magico-070w\/","title":{"rendered":"REPUESTO PERFUME M\u00c1GICO 070W"},"content":{"rendered":"<h1 class=\"h1 underline\">Versace Bright Crystal ABSOLU<\/h1>\n<p>DUFTNOTEN UNSERES ERSATZES:<\/p>\n<p>COOKOS<br \/>\nGARDENIA<br \/>\nPRINZ<br \/>\nIMBIR<br \/>\nKARDAMON<br \/>\nSANDALWOOD<br \/>\nPIZMERE<br \/>\nBURSHINE<br \/>\nORANGE BLOSSOM<br \/>\nPIWONIA<br \/>\nBESCHREIBUNG VON VERSACE CRYSTAL NOIR FRANZ\u00d6SISCHES PARF\u00dcM<br \/>\nEin Hauch von wunderbarem Zauber, der die Sinne umh\u00fcllt und die Bewunderung der Menschen um Sie herum weckt. Eau de Parfum No. 025W, das \u00c4quivalent zum Duft Versace Crystal Noir, ist die perfekte Wahl f\u00fcr luxuri\u00f6se und charismatische Frauen. Dieser blumig-orientalische Duft eignet sich am besten als Parf\u00fcm f\u00fcr den Winter.<\/p>\n<p>EIGENSCHAFTEN DES \u00c4QUIVALENTS DES PARFUMS VERSACE CRYSTAL NOIR:<br \/>\nDufttyp: orientalisch, blumig<br \/>\nF\u00fcr wen: weiblich<br \/>\nInhalt: 10ml \/ 30ml \/ 50ml \/ 100ml<br \/>\nProdukt-Code: 025W<br \/>\nDer Preis f\u00fcr dieses Parf\u00fcm h\u00e4ngt von der angegebenen Menge ab.<br \/>\nBitte geben Sie uns Ihr Feedback nach dem Kauf!<\/p>\n<p>Versace Crystal Noir - Parf\u00fcmflakon<br \/>\nWenn Sie gerne neue D\u00fcfte testen, ist der von Versace Crystal Noir inspirierte Parf\u00fcmflakon die perfekte Wahl! Ein blumiger Duft, den Sie immer bei sich haben. Mit einem kleinen Fassungsverm\u00f6gen von 10 ml oder 30 ml und einem niedrigen Preis haben Sie die M\u00f6glichkeit, mehrere D\u00fcfte zu testen.<\/p>\n<p>Sehen Sie auch andere Versace-Parf\u00fcms und ihre Ersatzprodukte.Wie riecht das entsprechende Versace Crystal Noir Parf\u00fcm?<br \/>\nDieses sch\u00f6ne Parf\u00fcm wird als blumig beschrieben, aber es enth\u00e4lt auch viele orientalische Duftnoten. In dieser Komposition sind unter anderem Duftnoten wie Amber, Pfingstrose, Ingwer und Kokosnuss wahrnehmbar. Die sanfte Essenz dieses Duftes wird Ihnen ein sehr sinnliches Erlebnis bescheren.<\/p>\n","protected":false},"excerpt":{"rendered":"<p class=\"product__text inline-richtext\">Inspiraci\u00f3n: Versace Cristal Brillante ABSOLU<\/p>\n<p class=\"product__text inline-richtext\"><strong>\u2705 Eau de Toilette 19-21% Perfume<\/strong><\/p>\n<p class=\"product__text inline-richtext\"><strong>\u2705 La fragancia dura un segundo d\u00eda<\/strong><\/p>\n<p class=\"product__text inline-richtext\"><strong>Compra la fragancia, no la marca: ahorra dinero<\/strong><\/p>\n","protected":false},"featured_media":0,"comment_status":"open","ping_status":"closed","template":"","meta":{"_acf_changed":false},"product_brand":[],"product_cat":[204],"product_tag":[],"class_list":{"0":"post-27242","1":"product","2":"type-product","3":"status-publish","5":"product_cat-para-mujeres","7":"first","8":"instock","9":"shipping-taxable","10":"purchasable","11":"product-type-variable"},"acf":[],"aioseo_notices":[],"jetpack_sharing_enabled":true,"_links":{"self":[{"href":"https:\/\/dupescents.co\/es\/wp-json\/wp\/v2\/product\/27242","targetHints":{"allow":["GET"]}}],"collection":[{"href":"https:\/\/dupescents.co\/es\/wp-json\/wp\/v2\/product"}],"about":[{"href":"https:\/\/dupescents.co\/es\/wp-json\/wp\/v2\/types\/product"}],"replies":[{"embeddable":true,"href":"https:\/\/dupescents.co\/es\/wp-json\/wp\/v2\/comments?post=27242"}],"wp:attachment":[{"href":"https:\/\/dupescents.co\/es\/wp-json\/wp\/v2\/media?parent=27242"}],"wp:term":[{"taxonomy":"product_brand","embeddable":true,"href":"https:\/\/dupescents.co\/es\/wp-json\/wp\/v2\/product_brand?post=27242"},{"taxonomy":"product_cat","embeddable":true,"href":"https:\/\/dupescents.co\/es\/wp-json\/wp\/v2\/product_cat?post=27242"},{"taxonomy":"product_tag","embeddable":true,"href":"https:\/\/dupescents.co\/es\/wp-json\/wp\/v2\/product_tag?post=27242"}],"curies":[{"name":"wp","href":"https:\/\/api.w.org\/{rel}","templated":true}]}}