{"id":27231,"date":"2025-04-02T20:00:50","date_gmt":"2025-04-02T18:00:50","guid":{"rendered":"https:\/\/dupescents.co\/products\/huele-a-ck-mujer\/"},"modified":"2025-11-05T19:25:59","modified_gmt":"2025-11-05T18:25:59","slug":"huele-a-ck-mujer","status":"publish","type":"product","link":"https:\/\/dupescents.co\/es\/productos\/huele-a-ck-mujer\/","title":{"rendered":"Huele a&#8230; CK Mujer"},"content":{"rendered":"<p>031W - Ersatz f\u00fcr Calvin Klein Women<br \/>\nEAU DE PARFUM NO 031W - ERSATZ CALVIN KLEIN WOMEN<\/p>\n<p>DUFTNOTEN UNSERES ERSATZES:<\/p>\n<p>CEDR<br \/>\nEUKALIPTUS<br \/>\nGREYFRUT<br \/>\nORANGENBLUME<br \/>\nBERGAMOTTE<br \/>\nZITRONE<br \/>\nAMBROXAN<br \/>\nSCHWARZER KUCHEN<br \/>\nTEE<br \/>\nMAGNOLIEN<br \/>\nJASMINE<br \/>\nWEISSER PIZZA<br \/>\nHEDIONE<br \/>\nRASBEERE<br \/>\nCASHMERE HOLZ<br \/>\nOLIBANUM<br \/>\nVIOLET<br \/>\nDUFTBESCHREIBUNG:<\/p>\n<p>Zelebrieren Sie Ihre Weiblichkeit und entscheiden Sie sich f\u00fcr ein Parf\u00fcm, das Ihre Energie freisetzt! Dieses Eau de Parfum ist das Gegenst\u00fcck zu Calvin Klein Women und verstr\u00f6mt ein helles, blumiges und holziges Aroma, das Ihnen Kraft verleiht. Ideal f\u00fcr den Alltag, f\u00fcr die selbstbewusste und zielstrebige Frau. Die Kombination aus Orangenbl\u00fcte, Bergamotte und Fr\u00fchlingsblumen verleiht diesem Parf\u00fcm einen einzigartigen Charakter von Freiheit und Vielfalt.<\/p>\n","protected":false},"excerpt":{"rendered":"<p>Inspiraci\u00f3n: Calvin Klein Mujer EDP 30ML<\/p>\n<p class=\"product__text inline-richtext\"><strong>\u2705 Eau de Toilette 19-21% Perfume<\/strong><\/p>\n<p class=\"product__text inline-richtext\"><strong>\u2705 La fragancia dura un segundo d\u00eda<\/strong><\/p>\n<p class=\"product__text inline-richtext\"><strong>Compra la fragancia, no la marca: ahorra dinero<\/strong><\/p>\n","protected":false},"featured_media":0,"comment_status":"open","ping_status":"closed","template":"","meta":{"_acf_changed":false},"product_brand":[],"product_cat":[204],"product_tag":[],"class_list":{"0":"post-27231","1":"product","2":"type-product","3":"status-publish","5":"product_cat-para-mujeres","7":"first","8":"instock","9":"shipping-taxable","10":"purchasable","11":"product-type-variable"},"acf":[],"aioseo_notices":[],"jetpack_sharing_enabled":true,"_links":{"self":[{"href":"https:\/\/dupescents.co\/es\/wp-json\/wp\/v2\/product\/27231","targetHints":{"allow":["GET"]}}],"collection":[{"href":"https:\/\/dupescents.co\/es\/wp-json\/wp\/v2\/product"}],"about":[{"href":"https:\/\/dupescents.co\/es\/wp-json\/wp\/v2\/types\/product"}],"replies":[{"embeddable":true,"href":"https:\/\/dupescents.co\/es\/wp-json\/wp\/v2\/comments?post=27231"}],"wp:attachment":[{"href":"https:\/\/dupescents.co\/es\/wp-json\/wp\/v2\/media?parent=27231"}],"wp:term":[{"taxonomy":"product_brand","embeddable":true,"href":"https:\/\/dupescents.co\/es\/wp-json\/wp\/v2\/product_brand?post=27231"},{"taxonomy":"product_cat","embeddable":true,"href":"https:\/\/dupescents.co\/es\/wp-json\/wp\/v2\/product_cat?post=27231"},{"taxonomy":"product_tag","embeddable":true,"href":"https:\/\/dupescents.co\/es\/wp-json\/wp\/v2\/product_tag?post=27231"}],"curies":[{"name":"wp","href":"https:\/\/api.w.org\/{rel}","templated":true}]}}