{"id":27219,"date":"2025-04-02T20:05:03","date_gmt":"2025-04-02T18:05:03","guid":{"rendered":"https:\/\/dupescents.co\/products\/huele-a-flor-de-euforia\/"},"modified":"2026-02-21T23:41:29","modified_gmt":"2026-02-21T22:41:29","slug":"huele-a-flor-de-euforia","status":"publish","type":"product","link":"https:\/\/dupescents.co\/es\/productos\/huele-a-flor-de-euforia\/","title":{"rendered":"Huele a&#8230; Flor de euforia"},"content":{"rendered":"<p>087W - Calvin Klein Euphoria Blossom REEMPLAZO<br \/>\nEAU DE PARFUM NO 087W - CALVIN KLEIN EUPHORIA BLOSSOM REEMPLAZO<\/p>\n<p>NOTAS DE FRAGANCIA DE NUESTRO SUSTITUTO:<\/p>\n<p>PIWONNE ROSA<br \/>\nGRANADAS<br \/>\nORQU\u00cdDEA<br \/>\nKUMQUAT<br \/>\nLOTO<br \/>\nPIZMO<br \/>\n\u00c1RBOLES BLANCOS<br \/>\n\u00c1MBAR BLANCO<br \/>\nDESCRIPCI\u00d3N DE LA FRAGANCIA:<\/p>\n<p>Un eau de parfum ex\u00f3tico y oriental para mujeres seductoras. Nuestra hom\u00f3loga de la fragancia Calvin Klein Euphoria Blossom es una sensual esencia de peon\u00eda rosa, orqu\u00eddea y almizcle blanco irresistible. Esta fragancia es el complemento perfecto para una calurosa noche de verano. \u00a1Acent\u00faa tu encanto irresistible con una composici\u00f3n segura de s\u00ed misma!   <\/p>\n","protected":false},"excerpt":{"rendered":"<p>Inspiraci\u00f3n: Calvin Klein Euphoria Blossom EDT 30ML<\/p>\n<p class=\"product__text inline-richtext\"><strong>\u2705 Eau de Toilette 19-21% Perfume<\/strong><\/p>\n<p class=\"product__text inline-richtext\"><strong>\u2705 La fragancia dura un segundo d\u00eda<\/strong><\/p>\n<p class=\"product__text inline-richtext\"><strong>Compra la fragancia, no la marca: ahorra dinero<\/strong><\/p>\n","protected":false},"featured_media":35881,"comment_status":"open","ping_status":"closed","template":"","meta":{"_acf_changed":false},"product_brand":[],"product_cat":[212,204],"product_tag":[],"class_list":{"0":"post-27219","1":"product","2":"type-product","3":"status-publish","4":"has-post-thumbnail","6":"product_cat-los-mas-vendidos","7":"product_cat-para-mujeres","9":"first","10":"instock","11":"shipping-taxable","12":"purchasable","13":"product-type-variable"},"acf":[],"aioseo_notices":[],"jetpack_sharing_enabled":true,"_links":{"self":[{"href":"https:\/\/dupescents.co\/es\/wp-json\/wp\/v2\/product\/27219","targetHints":{"allow":["GET"]}}],"collection":[{"href":"https:\/\/dupescents.co\/es\/wp-json\/wp\/v2\/product"}],"about":[{"href":"https:\/\/dupescents.co\/es\/wp-json\/wp\/v2\/types\/product"}],"replies":[{"embeddable":true,"href":"https:\/\/dupescents.co\/es\/wp-json\/wp\/v2\/comments?post=27219"}],"wp:featuredmedia":[{"embeddable":true,"href":"https:\/\/dupescents.co\/es\/wp-json\/wp\/v2\/media\/35881"}],"wp:attachment":[{"href":"https:\/\/dupescents.co\/es\/wp-json\/wp\/v2\/media?parent=27219"}],"wp:term":[{"taxonomy":"product_brand","embeddable":true,"href":"https:\/\/dupescents.co\/es\/wp-json\/wp\/v2\/product_brand?post=27219"},{"taxonomy":"product_cat","embeddable":true,"href":"https:\/\/dupescents.co\/es\/wp-json\/wp\/v2\/product_cat?post=27219"},{"taxonomy":"product_tag","embeddable":true,"href":"https:\/\/dupescents.co\/es\/wp-json\/wp\/v2\/product_tag?post=27219"}],"curies":[{"name":"wp","href":"https:\/\/api.w.org\/{rel}","templated":true}]}}