{"id":27202,"date":"2025-04-02T20:09:40","date_gmt":"2025-04-02T18:09:40","guid":{"rendered":"https:\/\/dupescents.co\/products\/recambio-perfume-magico-426w\/"},"modified":"2025-11-05T19:25:54","modified_gmt":"2025-11-05T18:25:54","slug":"recambio-perfume-magico-426w","status":"publish","type":"product","link":"https:\/\/dupescents.co\/es\/productos\/recambio-perfume-magico-426w\/","title":{"rendered":"RECAMBIO PERFUME M\u00c1GICO 426W"},"content":{"rendered":"<p>426W - Roberto Cavalli-Ersatz<br \/>\nEau de Parfum No 426W - Roberto Cavalli Ersatz<\/p>\n<p>DUFTNOTEN UNSERES ERSATZES:<\/p>\n<p>Rosa Pfeffer<br \/>\nOrangenbl\u00fcte<br \/>\nVanille<br \/>\nBenzoe<br \/>\nTonkabohne<br \/>\nDUFTBESCHREIBUNG:<\/p>\n<p>Wollen Sie Ihrer besseren H\u00e4lfte den Kopf verdrehen? Oder vielleicht die Aufmerksamkeit aller um Sie herum erregen? Dieser Duft wird Ihnen dabei helfen! Dieses von Roberto Cavalli inspirierte Parf\u00fcm ist eine intensive, orientalische Mischung, die f\u00fcr eine Nacht auf der Stra\u00dfe geschaffen wurde. Seine Zusammensetzung besteht aus rosa Pfeffer, afrikanischer Orangenbl\u00fcte, Vanille, Tonkabohne und Benzoe.<\/p>\n<p>MERKMALE DES PARFUMS ROBERTO CAVALLI EQUIVALENT:<\/p>\n<p>Dufttyp: blumig, orientalisch<br \/>\nF\u00fcr wen: weiblich<br \/>\nInhalt: 10ml \/ 30ml \/ 50ml \/ 100ml<br \/>\nProdukt-Code: 426W<br \/>\nDer Preis f\u00fcr dieses Parf\u00fcm h\u00e4ngt von der angegebenen Menge ab.<br \/>\nAchten Sie darauf, uns Ihr Feedback nach dem Kauf zu geben!<\/p>\n","protected":false},"excerpt":{"rendered":"<p class=\"product__text inline-richtext\">Inspiraci\u00f3n: ROBERTO CAVALII EDP<\/p>\n<p class=\"product__text inline-richtext\"><strong>\u2705 Eau de Toilette 19-21% Perfume<\/strong><\/p>\n<p class=\"product__text inline-richtext\"><strong>\u2705 La fragancia dura un segundo d\u00eda<\/strong><\/p>\n<p class=\"product__text inline-richtext\"><strong>Compra la fragancia, no la marca: ahorra dinero<\/strong><\/p>\n","protected":false},"featured_media":0,"comment_status":"open","ping_status":"closed","template":"","meta":{"_acf_changed":false},"product_brand":[],"product_cat":[204],"product_tag":[],"class_list":{"0":"post-27202","1":"product","2":"type-product","3":"status-publish","5":"product_cat-para-mujeres","7":"first","8":"instock","9":"shipping-taxable","10":"purchasable","11":"product-type-variable"},"acf":[],"aioseo_notices":[],"jetpack_sharing_enabled":true,"_links":{"self":[{"href":"https:\/\/dupescents.co\/es\/wp-json\/wp\/v2\/product\/27202","targetHints":{"allow":["GET"]}}],"collection":[{"href":"https:\/\/dupescents.co\/es\/wp-json\/wp\/v2\/product"}],"about":[{"href":"https:\/\/dupescents.co\/es\/wp-json\/wp\/v2\/types\/product"}],"replies":[{"embeddable":true,"href":"https:\/\/dupescents.co\/es\/wp-json\/wp\/v2\/comments?post=27202"}],"wp:attachment":[{"href":"https:\/\/dupescents.co\/es\/wp-json\/wp\/v2\/media?parent=27202"}],"wp:term":[{"taxonomy":"product_brand","embeddable":true,"href":"https:\/\/dupescents.co\/es\/wp-json\/wp\/v2\/product_brand?post=27202"},{"taxonomy":"product_cat","embeddable":true,"href":"https:\/\/dupescents.co\/es\/wp-json\/wp\/v2\/product_cat?post=27202"},{"taxonomy":"product_tag","embeddable":true,"href":"https:\/\/dupescents.co\/es\/wp-json\/wp\/v2\/product_tag?post=27202"}],"curies":[{"name":"wp","href":"https:\/\/api.w.org\/{rel}","templated":true}]}}