{"id":27157,"date":"2025-03-29T17:24:21","date_gmt":"2025-03-29T16:24:21","guid":{"rendered":"https:\/\/dupescents.co\/products\/huele-a-puro-xs\/"},"modified":"2025-11-05T19:25:36","modified_gmt":"2025-11-05T18:25:36","slug":"huele-a-puro-xs","status":"publish","type":"product","link":"https:\/\/dupescents.co\/es\/productos\/huele-a-puro-xs\/","title":{"rendered":"Huele a&#8230; Puro XS"},"content":{"rendered":"<p>295M - Ersatz f\u00fcr Paco Rabanne Pure XS<br \/>\nEAU DE PARFUM NR. 295M - DAS \u00c4QUIVALENT VON PACO RABANNE PURE XS<\/p>\n<p>DUFTNOTEN UNSERES ERSATZES:<\/p>\n<p>VANILLA<br \/>\nLIKIER<br \/>\nMIRRA<br \/>\nZUCKER<br \/>\nZIMT<br \/>\nIMBIR<br \/>\nHAUT<br \/>\nTHYME<br \/>\nZEDER<br \/>\nGRAUFRUCHT<br \/>\nHOLZIGE NOTIZEN<br \/>\nBERGAMOTTE<br \/>\nGR\u00dcNE AKKORDE<br \/>\nAMBER<br \/>\nPACULA<br \/>\nCASHMERE HOLZ<br \/>\nDUFTBESCHREIBUNG:<\/p>\n<p>Eine orientalische Konfrontation von k\u00fchlen und hei\u00dfen D\u00fcften, mit der Sie sich von der Masse abheben k\u00f6nnen. Unser Gegenst\u00fcck zum Paco Rabanne Pure XS ist ein Eau de Parfum f\u00fcr M\u00e4nner, die Dynamik und Sinnlichkeit lieben. Intensive holzige Noten bilden einen sch\u00f6nen Kontrast zu Zitrus- und Gr\u00fcnakkorden und machen dieses Eau de Parfum zu einem idealen Begleiter f\u00fcr den Tag und den Abend.<\/p>\n<p>MERKMALE DES PARFUMPURE XS GEGENST\u00dcCKS:<br \/>\nDufttyp: aromatisch, w\u00fcrzig<br \/>\nF\u00fcr wen: m\u00e4nnlich<br \/>\nInhalt 10 ml \/ 30 ml \/ 50 ml \/ 100 ml<br \/>\nProdukt-Code: 295M<br \/>\nDer Preis f\u00fcr dieses Parf\u00fcm h\u00e4ngt von der angegebenen Kapazit\u00e4t ab.<br \/>\nBitte geben Sie uns Ihr Feedback nach dem Kauf!<\/p>\n<p>Sehen Sie auch andere Paco Rabanne Parfums und ihre Ersatzprodukte.<\/p>\n<p>Wie riecht das \u00c4quivalent des Parfums Paco Rabanne Pure XS?<br \/>\nDies ist ein sehr interessanter Herrenduft, der sehr aromatisch ist und als w\u00fcrzig gilt. In diesem Parf\u00fcm kann man unter anderem Noten von Kaschmirholz, Thymian, Zimt, Ingwer oder Bergamotte riechen, aber auch eine s\u00fc\u00dfe Vanillenote genie\u00dfen, die die Sinne anregt. Die Gesamtwirkung ist sehr modern und balanciert perfekt zwischen Intensit\u00e4t und Sanftheit.<\/p>\n","protected":false},"excerpt":{"rendered":"<p>Inspiraci\u00f3n: Paco Rabanne Pure XS EDT 50ML<\/p>\n<p class=\"product__text inline-richtext\"><strong>\u2705 Eau de Toilette 19-21% Perfume<\/strong><\/p>\n<p class=\"product__text inline-richtext\"><strong>\u2705 La fragancia dura un segundo d\u00eda<\/strong><\/p>\n<p class=\"product__text inline-richtext\"><strong>Compra la fragancia, no la marca: ahorra dinero<\/strong><\/p>\n","protected":false},"featured_media":36308,"comment_status":"open","ping_status":"closed","template":"","meta":{"_acf_changed":false},"product_brand":[],"product_cat":[199],"product_tag":[],"class_list":{"0":"post-27157","1":"product","2":"type-product","3":"status-publish","4":"has-post-thumbnail","6":"product_cat-para-hombre","8":"first","9":"instock","10":"shipping-taxable","11":"purchasable","12":"product-type-variable"},"acf":[],"aioseo_notices":[],"jetpack_sharing_enabled":true,"_links":{"self":[{"href":"https:\/\/dupescents.co\/es\/wp-json\/wp\/v2\/product\/27157","targetHints":{"allow":["GET"]}}],"collection":[{"href":"https:\/\/dupescents.co\/es\/wp-json\/wp\/v2\/product"}],"about":[{"href":"https:\/\/dupescents.co\/es\/wp-json\/wp\/v2\/types\/product"}],"replies":[{"embeddable":true,"href":"https:\/\/dupescents.co\/es\/wp-json\/wp\/v2\/comments?post=27157"}],"wp:featuredmedia":[{"embeddable":true,"href":"https:\/\/dupescents.co\/es\/wp-json\/wp\/v2\/media\/36308"}],"wp:attachment":[{"href":"https:\/\/dupescents.co\/es\/wp-json\/wp\/v2\/media?parent=27157"}],"wp:term":[{"taxonomy":"product_brand","embeddable":true,"href":"https:\/\/dupescents.co\/es\/wp-json\/wp\/v2\/product_brand?post=27157"},{"taxonomy":"product_cat","embeddable":true,"href":"https:\/\/dupescents.co\/es\/wp-json\/wp\/v2\/product_cat?post=27157"},{"taxonomy":"product_tag","embeddable":true,"href":"https:\/\/dupescents.co\/es\/wp-json\/wp\/v2\/product_tag?post=27157"}],"curies":[{"name":"wp","href":"https:\/\/api.w.org\/{rel}","templated":true}]}}